{"id":22300,"date":"2024-01-30T13:50:40","date_gmt":"2024-01-30T12:50:40","guid":{"rendered":"https:\/\/centramec.com\/nachhaltigkeitsmanagement\/"},"modified":"2025-06-03T15:21:34","modified_gmt":"2025-06-03T13:21:34","slug":"nachhaltigkeitsmanagement","status":"publish","type":"page","link":"https:\/\/centramec.com\/de\/nachhaltigkeitsmanagement\/","title":{"rendered":"Nachhaltigkeitsmanagement"},"content":{"rendered":"<div class=\"wpb-content-wrapper\"><p>[vc_row css=&#8220;.vc_custom_1738934001912{margin-top: 60px !important;}&#8220;][vc_column][vc_column_text css=&#8220;&#8220;]<\/p>\n<h1>Nachhaltigkeitsmanagement von Centramec<\/h1>\n<p>Das Nachhaltigkeitsmanagement ist ein zentraler Teil der Unternehmensstrategie von Centramec, um Auswirkungen auf Umwelt und Gesellschaft zu reduzieren. Nachhaltigkeit bedeutet f\u00fcr uns nicht nur, Kohlendioxidemission und Energieverbrauch zu senken, sondern auch gute Arbeitsbedingungen und langfristig tragf\u00e4hige und zuverl\u00e4ssige Kundenbeziehungen zu schaffen.<\/p>\n<h2><strong>Hochwertige Qualit\u00e4t<\/strong><\/h2>\n<p>Grundlage f\u00fcr ein nachhaltiges Gesch\u00e4ftsmodell ist die Produktion von langlebigen und hochwertigen Produkten. Mit der Sicherstellung einer langen Lebensdauer unserer Produkte sinkt der Bedarf an Neuproduktionen. Nat\u00fcrliche Ressourcen werden geschont, es f\u00e4llt weniger M\u00fcll an und Umweltbelastungen werden reduziert.[\/vc_column_text]<div id=\"ultimate-heading-37126a02c0dcc20d0\" class=\"uvc-heading ult-adjust-bottom-margin ultimate-heading-37126a02c0dcc20d0 uvc-6495 \" data-hspacer=\"no_spacer\"  data-halign=\"left\" style=\"text-align:left\"><div class=\"uvc-heading-spacer no_spacer\" style=\"top\"><\/div><div class=\"uvc-main-heading ult-responsive\"  data-ultimate-target='.uvc-heading.ultimate-heading-37126a02c0dcc20d0 span'  data-responsive-json-new='{\"font-size\":\"desktop:48px;\",\"line-height\":\"desktop:58px;\"}' ><span style=\"font-weight:bold;color:#002D72;margin-top:60px;\">\u201eHochwertige Qualit\u00e4t liefern, das war immer schon die Philosophie von Centramec. Produkte m\u00fcssen so beschaffen sein, dass sie halten\u201c<\/span><\/div><div class=\"uvc-sub-heading ult-responsive\"  data-ultimate-target='.uvc-heading.ultimate-heading-37126a02c0dcc20d0 .uvc-sub-heading '  data-responsive-json-new='{\"font-size\":\"desktop:28px;\",\"line-height\":\"desktop:58px;\"}'  style=\"font-style:italic;font-weight:normal;color:#002D72;margin-top:10px;margin-bottom:60px;\">Tobias Myrberg, CEO Centramec Schweden<\/div><\/div>[vc_column_text css=&#8220;&#8220;]<\/p>\n<h2><strong>Eigenproduktion<\/strong><\/h2>\n<p>Eigenproduktion verhilft uns zu einer besseren Kontrolle \u00fcber die gesamte Produktionskette vom Rohmaterial bis hin zum fertigen Produkt. So k\u00f6nnen wir hochwertige Qualit\u00e4t liefern und gleichzeitig ein gutes Arbeitsumfeld und gerechte Arbeitsbedingungen f\u00fcr die Mitarbeiter sicherstellen. Die Eigenproduktion erleichtert uns dar\u00fcber hinaus die Durchf\u00fchrung von Qualit\u00e4tskontrollen und die Einhaltung der Nachhaltigkeitsziele unserer Lieferanten.<\/p>\n<h2><strong>Lokale Produktion<\/strong><\/h2>\n<p>Umweltbelastungen infolge von langen Transportwegen sinken dank der lokalen Herstellung unserer Produkte; wir leisten einen wichtigen Beitrag f\u00fcr die Bev\u00f6lkerung vor Ort und f\u00f6rdern Betriebe in der Umgebung. Centramec ist stolz auf langj\u00e4hrige Beziehungen und arbeitet eng mit seinen Lieferanten zusammen. Dies erm\u00f6glicht es uns, die gestellten Anforderungen an die Nachhaltigkeit einzuhalten. Die Wahl lokaler Lieferanten f\u00fcr Material und Komponenten tr\u00e4gt sowohl zur Reduzierung der Kohlendioxidemission als auch zur Verk\u00fcrzung von Lieferzeiten bei. Dies kommt dar\u00fcber hinaus der lokalen Bev\u00f6lkerung zugute, weil Arbeitspl\u00e4tze in der Umgebung geschaffen werden.<\/p>\n<p><strong>Zusammenfassend besteht das Nachhaltigkeitsmanagement von Centramec darin, Verantwortung f\u00fcr die gesamte Produktionskette zu \u00fcbernehmen, und zwar von der Konstruktionszeichnung \u00fcber die Produktion bis hin zum Transport und der Verwendung der Produkte. Centramec setzt auf hochwertige Qualit\u00e4t, Eigenproduktion sowie lokale Produktion. Auch die Schulung unserer Kunden liegt uns am Herzen. Denn mit der Gew\u00e4hrleistung eines effizienten Einsatzes unserer Ausr\u00fcstung wird zu einer m\u00f6glichst langen Lebensdauer unserer Produkte und Ausr\u00fcstungen beigetragen. Centramec setzt sich f\u00fcr langfristige L\u00f6sungen ein, die nicht nur umweltfreundlich und wirtschaftlich sind, sondern auch der Gesellschaft nutzen. <\/strong>[\/vc_column_text][\/vc_column][\/vc_row][vc_row full_width=&#8220;stretch_row&#8220; equal_height=&#8220;yes&#8220; content_placement=&#8220;middle&#8220; bg_type=&#8220;bg_color&#8220; bg_override=&#8220;full&#8220; css=&#8220;.vc_custom_1744040661879{margin-top: 60px !important;margin-bottom: -80px !important;padding-top: 60px !important;padding-bottom: 60px !important;background-color: #f1f0f5 !important;}&#8220; bg_color_value=&#8220;rgba(0,45,114,0.04)&#8220;][vc_column css=&#8220;.vc_custom_1738916087135{padding-bottom: 30px !important;}&#8220; offset=&#8220;vc_col-lg-4 vc_col-md-12 vc_col-xs-4\/5&#8243;]<div id=\"ultimate-heading-87936a02c0dcc214a\" class=\"uvc-heading ult-adjust-bottom-margin ultimate-heading-87936a02c0dcc214a uvc-7257 accent-border-color uvc-heading-default-font-sizes\" data-hspacer=\"no_spacer\"  data-halign=\"center\" style=\"text-align:center\"><div class=\"uvc-heading-spacer no_spacer\" style=\"top\"><\/div><div class=\"uvc-sub-heading ult-responsive\"  data-ultimate-target='.uvc-heading.ultimate-heading-87936a02c0dcc214a .uvc-sub-heading '  data-responsive-json-new='{\"font-size\":\"desktop:24px;\",\"line-height\":\"desktop:34px;\"}'  style=\"font-weight:bold;color:#333333;\"><\/p>\n<p style=\"text-align: left;\">Kontaktieren Sie uns gern f\u00fcr Fragen und Angebote!<\/p>\n<p><\/div><\/div>[\/vc_column][vc_column width=&#8220;1\/2&#8243; css=&#8220;.vc_custom_1733412002627{padding-bottom: 30px !important;}&#8220; offset=&#8220;vc_col-lg-offset-0 vc_col-lg-4 vc_col-md-6&#8243;]<style type=\"text\/css\" data-type=\"the7_shortcodes-inline-css\">.icon-with-text-shortcode.icon-text-id-a2e13dda718b2c55b738ff69e595d2d6 .text-icon {\n  width: 56px;\n  height: 56px;\n  line-height: 56px;\n  font-size: 56px;\n  border-radius: 200px;\n  margin: 0px 15px 0px 10px;\n}\n.icon-with-text-shortcode.icon-text-id-a2e13dda718b2c55b738ff69e595d2d6 .text-icon .icon-inner {\n  min-width: 56px;\n  min-height: 56px;\n  border-radius: 200px;\n}\n@media all and (-ms-high-contrast: none) {\n  .icon-with-text-shortcode.icon-text-id-a2e13dda718b2c55b738ff69e595d2d6 .text-icon .icon-inner {\n    height: 56px;\n  }\n}\n.icon-with-text-shortcode.icon-text-id-a2e13dda718b2c55b738ff69e595d2d6 .text-icon .dt-hover-icon {\n  line-height: 56px;\n}\n.icon-with-text-shortcode.icon-text-id-a2e13dda718b2c55b738ff69e595d2d6 .text-icon:before,\n.icon-with-text-shortcode.icon-text-id-a2e13dda718b2c55b738ff69e595d2d6 .text-icon:after,\n.icon-with-text-shortcode.icon-text-id-a2e13dda718b2c55b738ff69e595d2d6 .text-icon .icon-inner:before,\n.icon-with-text-shortcode.icon-text-id-a2e13dda718b2c55b738ff69e595d2d6 .text-icon .icon-inner:after {\n  min-width: 100%;\n  min-height: 100%;\n  padding: inherit;\n  border-radius: inherit;\n}\n.icon-with-text-shortcode.icon-text-id-a2e13dda718b2c55b738ff69e595d2d6 .text-icon.dt-icon-border-on:before {\n  border-width: 2px;\n  border-style: solid;\n}\n.dt-icon-border-dashed.icon-with-text-shortcode.icon-text-id-a2e13dda718b2c55b738ff69e595d2d6 .text-icon.dt-icon-border-on:before {\n  border-style: dashed;\n}\n.dt-icon-border-dotted.icon-with-text-shortcode.icon-text-id-a2e13dda718b2c55b738ff69e595d2d6 .text-icon.dt-icon-border-on:before {\n  border-style: dotted;\n}\n.dt-icon-border-double.icon-with-text-shortcode.icon-text-id-a2e13dda718b2c55b738ff69e595d2d6 .text-icon.dt-icon-border-on:before {\n  border-style: double;\n}\n.icon-with-text-shortcode.icon-text-id-a2e13dda718b2c55b738ff69e595d2d6 .text-icon.dt-icon-border-dashed.dt-icon-border-on:before {\n  border-style: dashed;\n}\n.icon-with-text-shortcode.icon-text-id-a2e13dda718b2c55b738ff69e595d2d6 .text-icon.dt-icon-border-dotted.dt-icon-border-on:before {\n  border-style: dotted;\n}\n.icon-with-text-shortcode.icon-text-id-a2e13dda718b2c55b738ff69e595d2d6 .text-icon.dt-icon-border-double.dt-icon-border-on:before {\n  border-style: double;\n}\n.icon-with-text-shortcode.icon-text-id-a2e13dda718b2c55b738ff69e595d2d6 .text-icon.dt-icon-hover-border-on:after {\n  border-width: 2px;\n  border-style: solid;\n}\n.icon-with-text-shortcode.icon-text-id-a2e13dda718b2c55b738ff69e595d2d6 .text-icon.dt-icon-border-dashed.dt-icon-hover-border-on:after {\n  border-style: dashed;\n}\n.icon-with-text-shortcode.icon-text-id-a2e13dda718b2c55b738ff69e595d2d6 .text-icon.dt-icon-border-dotted.dt-icon-hover-border-on:after {\n  border-style: dotted;\n}\n.icon-with-text-shortcode.icon-text-id-a2e13dda718b2c55b738ff69e595d2d6 .text-icon.dt-icon-border-double.dt-icon-hover-border-on:after {\n  border-style: double;\n}\n.icon-with-text-shortcode.icon-text-id-a2e13dda718b2c55b738ff69e595d2d6 .text-icon.dt-icon-hover-on:hover {\n  font-size: 56px;\n}\n#page .icon-with-text-shortcode.icon-text-id-a2e13dda718b2c55b738ff69e595d2d6 .text-icon.dt-icon-hover-on:hover .soc-font-icon,\n#phantom .icon-with-text-shortcode.icon-text-id-a2e13dda718b2c55b738ff69e595d2d6 .text-icon.dt-icon-hover-on:hover .soc-font-icon,\n#page .icon-with-text-shortcode.icon-text-id-a2e13dda718b2c55b738ff69e595d2d6 .text-icon.dt-icon-hover-on:hover .soc-icon,\n#phantom .icon-with-text-shortcode.icon-text-id-a2e13dda718b2c55b738ff69e595d2d6 .text-icon.dt-icon-hover-on:hover .soc-icon {\n  color: #fff;\n  background: none;\n}\n.icon-with-text-shortcode.icon-text-id-a2e13dda718b2c55b738ff69e595d2d6.layout-1 {\n  grid-template-columns: 56px minmax(0,1fr);\n  grid-column-gap: 25px;\n}\n.icon-with-text-shortcode.icon-text-id-a2e13dda718b2c55b738ff69e595d2d6.layout-2 {\n  grid-template-columns: minmax(0,1fr) 56px;\n  grid-column-gap: 10px;\n}\n.icon-with-text-shortcode.icon-text-id-a2e13dda718b2c55b738ff69e595d2d6.layout-2 .text-icon {\n  margin-left: 0;\n}\n.icon-with-text-shortcode.icon-text-id-a2e13dda718b2c55b738ff69e595d2d6.layout-3 {\n  grid-template-columns: 56px minmax(0,1fr);\n}\n.icon-with-text-shortcode.icon-text-id-a2e13dda718b2c55b738ff69e595d2d6.layout-3 .dt-text-title {\n  margin-left: 15px;\n}\n.icon-with-text-shortcode.icon-text-id-a2e13dda718b2c55b738ff69e595d2d6 .dt-text-title,\n.icon-with-text-shortcode.icon-text-id-a2e13dda718b2c55b738ff69e595d2d6 .dt-text-title a {\n  color: #002D72;\n  background: none;\n  font-weight: bold;\n  text-transform: uppercase;\n}\n.icon-with-text-shortcode.icon-text-id-a2e13dda718b2c55b738ff69e595d2d6 .dt-text-title {\n  margin-bottom: 0px;\n}\n.icon-with-text-shortcode.icon-text-id-a2e13dda718b2c55b738ff69e595d2d6 .dt-text-desc {\n  color: #333333;\n  background: none;\n  margin-bottom: 0px;\n  font-size: 24px;\n  line-height: 28px;\n  font-weight: bold;\n}\n<\/style><div class=\"icon-with-text-shortcode  icon-text-id-a2e13dda718b2c55b738ff69e595d2d6 layout-1  \" ><a class=\"block-link anchor-link\"  href=\"mail-to:info@centramec.com\" target=\"_blank\"><\/a><a href=\"mail-to:info@centramec.com\" target=\"_blank\" class=\"anchor-link text-icon dt-icon-bg-off dt-icon-hover-off\"><span class=\"icon-inner\"><i class=\"dt-regular-icon soc-icon icomoon-the7-font-the7-mail-09\"><\/i><i class=\"dt-hover-icon soc-icon icomoon-the7-font-the7-mail-09\"><\/i><\/span><\/a><h5 class=\"dt-text-title anchor-link\"><a class=\"anchor-link\"  href=\"mail-to:info@centramec.com\" target=\"_blank\">Kontaktieren Sie uns<\/a><\/h5><div class=\"dt-text-desc\">info@centramec.com<\/div><\/div>[\/vc_column][vc_column width=&#8220;1\/2&#8243; css=&#8220;.vc_custom_1579792710840{padding-bottom: 30px !important;}&#8220; offset=&#8220;vc_col-lg-4 vc_col-md-6&#8243;]<style type=\"text\/css\" data-type=\"the7_shortcodes-inline-css\">.icon-with-text-shortcode.icon-text-id-2e84ae43150aebc2bfc0ce979a5c6697 .text-icon {\n  width: 56px;\n  height: 56px;\n  line-height: 56px;\n  font-size: 56px;\n  border-radius: 200px;\n  margin: 0px 15px 0px 10px;\n}\n.icon-with-text-shortcode.icon-text-id-2e84ae43150aebc2bfc0ce979a5c6697 .text-icon .icon-inner {\n  min-width: 56px;\n  min-height: 56px;\n  border-radius: 200px;\n}\n@media all and (-ms-high-contrast: none) {\n  .icon-with-text-shortcode.icon-text-id-2e84ae43150aebc2bfc0ce979a5c6697 .text-icon .icon-inner {\n    height: 56px;\n  }\n}\n.icon-with-text-shortcode.icon-text-id-2e84ae43150aebc2bfc0ce979a5c6697 .text-icon .dt-hover-icon {\n  line-height: 56px;\n}\n.icon-with-text-shortcode.icon-text-id-2e84ae43150aebc2bfc0ce979a5c6697 .text-icon:before,\n.icon-with-text-shortcode.icon-text-id-2e84ae43150aebc2bfc0ce979a5c6697 .text-icon:after,\n.icon-with-text-shortcode.icon-text-id-2e84ae43150aebc2bfc0ce979a5c6697 .text-icon .icon-inner:before,\n.icon-with-text-shortcode.icon-text-id-2e84ae43150aebc2bfc0ce979a5c6697 .text-icon .icon-inner:after {\n  min-width: 100%;\n  min-height: 100%;\n  padding: inherit;\n  border-radius: inherit;\n}\n.icon-with-text-shortcode.icon-text-id-2e84ae43150aebc2bfc0ce979a5c6697 .text-icon.dt-icon-border-on:before {\n  border-width: 2px;\n  border-style: solid;\n}\n.dt-icon-border-dashed.icon-with-text-shortcode.icon-text-id-2e84ae43150aebc2bfc0ce979a5c6697 .text-icon.dt-icon-border-on:before {\n  border-style: dashed;\n}\n.dt-icon-border-dotted.icon-with-text-shortcode.icon-text-id-2e84ae43150aebc2bfc0ce979a5c6697 .text-icon.dt-icon-border-on:before {\n  border-style: dotted;\n}\n.dt-icon-border-double.icon-with-text-shortcode.icon-text-id-2e84ae43150aebc2bfc0ce979a5c6697 .text-icon.dt-icon-border-on:before {\n  border-style: double;\n}\n.icon-with-text-shortcode.icon-text-id-2e84ae43150aebc2bfc0ce979a5c6697 .text-icon.dt-icon-border-dashed.dt-icon-border-on:before {\n  border-style: dashed;\n}\n.icon-with-text-shortcode.icon-text-id-2e84ae43150aebc2bfc0ce979a5c6697 .text-icon.dt-icon-border-dotted.dt-icon-border-on:before {\n  border-style: dotted;\n}\n.icon-with-text-shortcode.icon-text-id-2e84ae43150aebc2bfc0ce979a5c6697 .text-icon.dt-icon-border-double.dt-icon-border-on:before {\n  border-style: double;\n}\n.icon-with-text-shortcode.icon-text-id-2e84ae43150aebc2bfc0ce979a5c6697 .text-icon.dt-icon-hover-border-on:after {\n  border-width: 2px;\n  border-style: solid;\n}\n.icon-with-text-shortcode.icon-text-id-2e84ae43150aebc2bfc0ce979a5c6697 .text-icon.dt-icon-border-dashed.dt-icon-hover-border-on:after {\n  border-style: dashed;\n}\n.icon-with-text-shortcode.icon-text-id-2e84ae43150aebc2bfc0ce979a5c6697 .text-icon.dt-icon-border-dotted.dt-icon-hover-border-on:after {\n  border-style: dotted;\n}\n.icon-with-text-shortcode.icon-text-id-2e84ae43150aebc2bfc0ce979a5c6697 .text-icon.dt-icon-border-double.dt-icon-hover-border-on:after {\n  border-style: double;\n}\n.icon-with-text-shortcode.icon-text-id-2e84ae43150aebc2bfc0ce979a5c6697 .text-icon.dt-icon-hover-on:hover {\n  font-size: 56px;\n}\n#page .icon-with-text-shortcode.icon-text-id-2e84ae43150aebc2bfc0ce979a5c6697 .text-icon.dt-icon-hover-on:hover .soc-font-icon,\n#phantom .icon-with-text-shortcode.icon-text-id-2e84ae43150aebc2bfc0ce979a5c6697 .text-icon.dt-icon-hover-on:hover .soc-font-icon,\n#page .icon-with-text-shortcode.icon-text-id-2e84ae43150aebc2bfc0ce979a5c6697 .text-icon.dt-icon-hover-on:hover .soc-icon,\n#phantom .icon-with-text-shortcode.icon-text-id-2e84ae43150aebc2bfc0ce979a5c6697 .text-icon.dt-icon-hover-on:hover .soc-icon {\n  color: #fff;\n  background: none;\n}\n.icon-with-text-shortcode.icon-text-id-2e84ae43150aebc2bfc0ce979a5c6697.layout-1 {\n  grid-template-columns: 56px minmax(0,1fr);\n  grid-column-gap: 25px;\n}\n.icon-with-text-shortcode.icon-text-id-2e84ae43150aebc2bfc0ce979a5c6697.layout-2 {\n  grid-template-columns: minmax(0,1fr) 56px;\n  grid-column-gap: 10px;\n}\n.icon-with-text-shortcode.icon-text-id-2e84ae43150aebc2bfc0ce979a5c6697.layout-2 .text-icon {\n  margin-left: 0;\n}\n.icon-with-text-shortcode.icon-text-id-2e84ae43150aebc2bfc0ce979a5c6697.layout-3 {\n  grid-template-columns: 56px minmax(0,1fr);\n}\n.icon-with-text-shortcode.icon-text-id-2e84ae43150aebc2bfc0ce979a5c6697.layout-3 .dt-text-title {\n  margin-left: 15px;\n}\n.icon-with-text-shortcode.icon-text-id-2e84ae43150aebc2bfc0ce979a5c6697 .dt-text-title,\n.icon-with-text-shortcode.icon-text-id-2e84ae43150aebc2bfc0ce979a5c6697 .dt-text-title a {\n  color: #002D72;\n  background: none;\n  font-weight: bold;\n  text-transform: uppercase;\n}\n.icon-with-text-shortcode.icon-text-id-2e84ae43150aebc2bfc0ce979a5c6697 .dt-text-title {\n  margin-bottom: 0px;\n}\n.icon-with-text-shortcode.icon-text-id-2e84ae43150aebc2bfc0ce979a5c6697 .dt-text-desc {\n  color: #333333;\n  background: none;\n  margin-bottom: 0px;\n  font-size: 24px;\n  line-height: 28px;\n  font-weight: bold;\n  text-transform: uppercase;\n}\n<\/style><div class=\"icon-with-text-shortcode  icon-text-id-2e84ae43150aebc2bfc0ce979a5c6697 layout-1  \" ><a class=\"block-link anchor-link\"  href=\"tel:+4962519446186\" target=\"_blank\"><\/a><a href=\"tel:+4962519446186\" target=\"_blank\" class=\"anchor-link text-icon dt-icon-bg-off dt-icon-hover-off\"><span class=\"icon-inner\"><i class=\"dt-regular-icon soc-icon icomoon-the7-font-the7-phone-041\"><\/i><i class=\"dt-hover-icon soc-icon icomoon-the7-font-the7-phone-041\"><\/i><\/span><\/a><h5 class=\"dt-text-title anchor-link\"><a class=\"anchor-link\"  href=\"tel:+4962519446186\" target=\"_blank\">Rufen Sie uns an<\/a><\/h5><div class=\"dt-text-desc\">+49 6251 9446186<\/div><\/div>[\/vc_column][\/vc_row]<\/p>\n<\/div>","protected":false},"excerpt":{"rendered":"<p>[vc_row css=&#8220;.vc_custom_1738934001912{margin-top: 60px !important;}&#8220;][vc_column][vc_column_text css=&#8220;&#8220;] Nachhaltigkeitsmanagement von Centramec Das Nachhaltigkeitsmanagement ist ein zentraler Teil der Unternehmensstrategie von Centramec, um Auswirkungen auf Umwelt und Gesellschaft zu reduzieren. Nachhaltigkeit bedeutet f\u00fcr uns nicht nur, Kohlendioxidemission und Energieverbrauch zu senken, sondern auch gute Arbeitsbedingungen und langfristig tragf\u00e4hige und zuverl\u00e4ssige Kundenbeziehungen zu schaffen. Hochwertige Qualit\u00e4t Grundlage f\u00fcr ein nachhaltiges&hellip;<\/p>\n","protected":false},"author":2,"featured_media":0,"parent":0,"menu_order":0,"comment_status":"closed","ping_status":"closed","template":"","meta":{"_acf_changed":false,"footnotes":""},"class_list":["post-22300","page","type-page","status-publish","hentry","description-off"],"acf":[],"yoast_head":"<!-- This site is optimized with the Yoast SEO plugin v27.3 - https:\/\/yoast.com\/product\/yoast-seo-wordpress\/ -->\n<title>Nachhaltigkeit | Centramec \u2013 Komplettl\u00f6sungen f\u00fcr das Materialhandling<\/title>\n<meta name=\"description\" content=\"Nachhaltige Komplettl\u00f6sungen f\u00fcr das verarbeitende Gewerbe | Centramec\" \/>\n<meta name=\"robots\" content=\"index, follow, max-snippet:-1, max-image-preview:large, max-video-preview:-1\" \/>\n<link rel=\"canonical\" href=\"https:\/\/centramec.com\/de\/nachhaltigkeitsmanagement\/\" \/>\n<meta property=\"og:locale\" content=\"de_DE\" \/>\n<meta property=\"og:type\" content=\"article\" \/>\n<meta property=\"og:title\" content=\"Nachhaltigkeit | Centramec \u2013 Komplettl\u00f6sungen f\u00fcr das Materialhandling\" \/>\n<meta property=\"og:description\" content=\"Nachhaltige Komplettl\u00f6sungen f\u00fcr das verarbeitende Gewerbe | Centramec\" \/>\n<meta property=\"og:url\" content=\"https:\/\/centramec.com\/de\/nachhaltigkeitsmanagement\/\" \/>\n<meta property=\"og:site_name\" content=\"Centramec\" \/>\n<meta property=\"article:modified_time\" content=\"2025-06-03T13:21:34+00:00\" \/>\n<meta property=\"og:image\" content=\"https:\/\/centramec.com\/wp-content\/uploads\/2024\/11\/Centramec_fabrik.jpg\" \/>\n\t<meta property=\"og:image:width\" content=\"1920\" \/>\n\t<meta property=\"og:image:height\" content=\"1155\" \/>\n\t<meta property=\"og:image:type\" content=\"image\/jpeg\" \/>\n<meta name=\"twitter:card\" content=\"summary_large_image\" \/>\n<meta name=\"twitter:label1\" content=\"Gesch\u00e4tzte Lesezeit\" \/>\n\t<meta name=\"twitter:data1\" content=\"4\u00a0Minuten\" \/>\n<script type=\"application\/ld+json\" class=\"yoast-schema-graph\">{\"@context\":\"https:\\\/\\\/schema.org\",\"@graph\":[{\"@type\":\"WebPage\",\"@id\":\"https:\\\/\\\/centramec.com\\\/de\\\/nachhaltigkeitsmanagement\\\/\",\"url\":\"https:\\\/\\\/centramec.com\\\/de\\\/nachhaltigkeitsmanagement\\\/\",\"name\":\"Nachhaltigkeit | Centramec \u2013 Komplettl\u00f6sungen f\u00fcr das Materialhandling\",\"isPartOf\":{\"@id\":\"https:\\\/\\\/centramec.com\\\/de\\\/#website\"},\"datePublished\":\"2024-01-30T12:50:40+00:00\",\"dateModified\":\"2025-06-03T13:21:34+00:00\",\"description\":\"Nachhaltige Komplettl\u00f6sungen f\u00fcr das verarbeitende Gewerbe | Centramec\",\"breadcrumb\":{\"@id\":\"https:\\\/\\\/centramec.com\\\/de\\\/nachhaltigkeitsmanagement\\\/#breadcrumb\"},\"inLanguage\":\"de\",\"potentialAction\":[{\"@type\":\"ReadAction\",\"target\":[\"https:\\\/\\\/centramec.com\\\/de\\\/nachhaltigkeitsmanagement\\\/\"]}]},{\"@type\":\"BreadcrumbList\",\"@id\":\"https:\\\/\\\/centramec.com\\\/de\\\/nachhaltigkeitsmanagement\\\/#breadcrumb\",\"itemListElement\":[{\"@type\":\"ListItem\",\"position\":1,\"name\":\"Hem\",\"item\":\"https:\\\/\\\/centramec.com\\\/de\\\/\"},{\"@type\":\"ListItem\",\"position\":2,\"name\":\"Nachhaltigkeitsmanagement\"}]},{\"@type\":\"WebSite\",\"@id\":\"https:\\\/\\\/centramec.com\\\/de\\\/#website\",\"url\":\"https:\\\/\\\/centramec.com\\\/de\\\/\",\"name\":\"Centramec\",\"description\":\"Convey Dry and Dose Engineering Since 1978\",\"publisher\":{\"@id\":\"https:\\\/\\\/centramec.com\\\/de\\\/#organization\"},\"potentialAction\":[{\"@type\":\"SearchAction\",\"target\":{\"@type\":\"EntryPoint\",\"urlTemplate\":\"https:\\\/\\\/centramec.com\\\/de\\\/?s={search_term_string}\"},\"query-input\":{\"@type\":\"PropertyValueSpecification\",\"valueRequired\":true,\"valueName\":\"search_term_string\"}}],\"inLanguage\":\"de\"},{\"@type\":\"Organization\",\"@id\":\"https:\\\/\\\/centramec.com\\\/de\\\/#organization\",\"name\":\"Centramec\",\"url\":\"https:\\\/\\\/centramec.com\\\/de\\\/\",\"logo\":{\"@type\":\"ImageObject\",\"inLanguage\":\"de\",\"@id\":\"https:\\\/\\\/centramec.com\\\/de\\\/#\\\/schema\\\/logo\\\/image\\\/\",\"url\":\"https:\\\/\\\/centramec.com\\\/wp-content\\\/uploads\\\/2024\\\/11\\\/cropped-C_favikon_512px-1.png\",\"contentUrl\":\"https:\\\/\\\/centramec.com\\\/wp-content\\\/uploads\\\/2024\\\/11\\\/cropped-C_favikon_512px-1.png\",\"width\":512,\"height\":512,\"caption\":\"Centramec\"},\"image\":{\"@id\":\"https:\\\/\\\/centramec.com\\\/de\\\/#\\\/schema\\\/logo\\\/image\\\/\"},\"sameAs\":[\"https:\\\/\\\/www.linkedin.com\\\/company\\\/centramec-ab\",\"https:\\\/\\\/www.youtube.com\\\/@centramecAB\"]}]}<\/script>\n<!-- \/ Yoast SEO plugin. -->","yoast_head_json":{"title":"Nachhaltigkeit | Centramec \u2013 Komplettl\u00f6sungen f\u00fcr das Materialhandling","description":"Nachhaltige Komplettl\u00f6sungen f\u00fcr das verarbeitende Gewerbe | Centramec","robots":{"index":"index","follow":"follow","max-snippet":"max-snippet:-1","max-image-preview":"max-image-preview:large","max-video-preview":"max-video-preview:-1"},"canonical":"https:\/\/centramec.com\/de\/nachhaltigkeitsmanagement\/","og_locale":"de_DE","og_type":"article","og_title":"Nachhaltigkeit | Centramec \u2013 Komplettl\u00f6sungen f\u00fcr das Materialhandling","og_description":"Nachhaltige Komplettl\u00f6sungen f\u00fcr das verarbeitende Gewerbe | Centramec","og_url":"https:\/\/centramec.com\/de\/nachhaltigkeitsmanagement\/","og_site_name":"Centramec","article_modified_time":"2025-06-03T13:21:34+00:00","og_image":[{"width":1920,"height":1155,"url":"https:\/\/centramec.com\/wp-content\/uploads\/2024\/11\/Centramec_fabrik.jpg","type":"image\/jpeg"}],"twitter_card":"summary_large_image","twitter_misc":{"Gesch\u00e4tzte Lesezeit":"4\u00a0Minuten"},"schema":{"@context":"https:\/\/schema.org","@graph":[{"@type":"WebPage","@id":"https:\/\/centramec.com\/de\/nachhaltigkeitsmanagement\/","url":"https:\/\/centramec.com\/de\/nachhaltigkeitsmanagement\/","name":"Nachhaltigkeit | Centramec \u2013 Komplettl\u00f6sungen f\u00fcr das Materialhandling","isPartOf":{"@id":"https:\/\/centramec.com\/de\/#website"},"datePublished":"2024-01-30T12:50:40+00:00","dateModified":"2025-06-03T13:21:34+00:00","description":"Nachhaltige Komplettl\u00f6sungen f\u00fcr das verarbeitende Gewerbe | Centramec","breadcrumb":{"@id":"https:\/\/centramec.com\/de\/nachhaltigkeitsmanagement\/#breadcrumb"},"inLanguage":"de","potentialAction":[{"@type":"ReadAction","target":["https:\/\/centramec.com\/de\/nachhaltigkeitsmanagement\/"]}]},{"@type":"BreadcrumbList","@id":"https:\/\/centramec.com\/de\/nachhaltigkeitsmanagement\/#breadcrumb","itemListElement":[{"@type":"ListItem","position":1,"name":"Hem","item":"https:\/\/centramec.com\/de\/"},{"@type":"ListItem","position":2,"name":"Nachhaltigkeitsmanagement"}]},{"@type":"WebSite","@id":"https:\/\/centramec.com\/de\/#website","url":"https:\/\/centramec.com\/de\/","name":"Centramec","description":"Convey Dry and Dose Engineering Since 1978","publisher":{"@id":"https:\/\/centramec.com\/de\/#organization"},"potentialAction":[{"@type":"SearchAction","target":{"@type":"EntryPoint","urlTemplate":"https:\/\/centramec.com\/de\/?s={search_term_string}"},"query-input":{"@type":"PropertyValueSpecification","valueRequired":true,"valueName":"search_term_string"}}],"inLanguage":"de"},{"@type":"Organization","@id":"https:\/\/centramec.com\/de\/#organization","name":"Centramec","url":"https:\/\/centramec.com\/de\/","logo":{"@type":"ImageObject","inLanguage":"de","@id":"https:\/\/centramec.com\/de\/#\/schema\/logo\/image\/","url":"https:\/\/centramec.com\/wp-content\/uploads\/2024\/11\/cropped-C_favikon_512px-1.png","contentUrl":"https:\/\/centramec.com\/wp-content\/uploads\/2024\/11\/cropped-C_favikon_512px-1.png","width":512,"height":512,"caption":"Centramec"},"image":{"@id":"https:\/\/centramec.com\/de\/#\/schema\/logo\/image\/"},"sameAs":["https:\/\/www.linkedin.com\/company\/centramec-ab","https:\/\/www.youtube.com\/@centramecAB"]}]}},"_links":{"self":[{"href":"https:\/\/centramec.com\/de\/wp-json\/wp\/v2\/pages\/22300","targetHints":{"allow":["GET"]}}],"collection":[{"href":"https:\/\/centramec.com\/de\/wp-json\/wp\/v2\/pages"}],"about":[{"href":"https:\/\/centramec.com\/de\/wp-json\/wp\/v2\/types\/page"}],"author":[{"embeddable":true,"href":"https:\/\/centramec.com\/de\/wp-json\/wp\/v2\/users\/2"}],"replies":[{"embeddable":true,"href":"https:\/\/centramec.com\/de\/wp-json\/wp\/v2\/comments?post=22300"}],"version-history":[{"count":4,"href":"https:\/\/centramec.com\/de\/wp-json\/wp\/v2\/pages\/22300\/revisions"}],"predecessor-version":[{"id":23337,"href":"https:\/\/centramec.com\/de\/wp-json\/wp\/v2\/pages\/22300\/revisions\/23337"}],"wp:attachment":[{"href":"https:\/\/centramec.com\/de\/wp-json\/wp\/v2\/media?parent=22300"}],"curies":[{"name":"wp","href":"https:\/\/api.w.org\/{rel}","templated":true}]}}