{"id":22632,"date":"2023-08-08T09:41:11","date_gmt":"2023-08-08T07:41:11","guid":{"rendered":"https:\/\/centramec.com\/datenschutzrichtlinie\/"},"modified":"2025-04-10T14:31:18","modified_gmt":"2025-04-10T12:31:18","slug":"datenschutzrichtlinie","status":"publish","type":"page","link":"https:\/\/centramec.com\/de\/datenschutzrichtlinie\/","title":{"rendered":"Datenschutzrichtlinie"},"content":{"rendered":"<div class=\"wpb-content-wrapper\"><p>[vc_row css=&#8220;.vc_custom_1744132818416{margin-top: 60px !important;}&#8220;][vc_column][vc_column_text css=&#8220;&#8220;]<\/p>\r\n<h1> Datenschutzrichtlinie\u00a0<\/h1>\r\n<p><strong><em>Letzte Aktualisierung: 07.02.2025<\/em><\/strong><\/p>\r\n<p>Centramec AB ist der Schutz Ihrer Privatsph\u00e4re wichtig. Wir legen Wert auf ein hohes Datenschutzniveau unter Einhaltung der Datenschutz-Grundverordnung (DSGVO). Sie k\u00f6nnen sich sicher sein, dass wir Ihre personenbezogenen Daten sorgsam und verantwortungsvoll verarbeiten. Diese Datenschutzrichtlinie enth\u00e4lt allgemeine Informationen dazu, wie wir Ihre personenbezogenen Daten unter Einhaltung der geltenden Gesetzgebung verarbeiten. Sie beschreibt auch Ihre Rechte gegen\u00fcber Centramec AB. Bei Fragen zu der Art und Weise, in der wir Ihre personenbezogenen Daten verarbeiten, k\u00f6nnen Sie uns jederzeit kontaktieren. Die Kontaktangaben finden Sie ganz unten auf dieser Seite.<\/p>\r\n<p>&nbsp;<\/p>\r\n<h2 class=\"wp-block-heading\">Was sind personenbezogene Daten?<\/h2>\r\n<p>Personenbezogene Daten umfassen jede Art von Angaben, die direkt oder indirekt R\u00fcckschl\u00fcsse auf eine lebende Person zulassen. Zu den gew\u00f6hnlichen personenbezogenen Daten z\u00e4hlen beispielsweise Name und Anschrift, aber auch Telefonnummer, E-Mail-Adresse und Bilder einer Person.<\/p>\r\n<p>&nbsp;<\/p>\r\n<h2>Was umfasst die Verarbeitung personenbezogener Daten?<\/h2>\r\n<p>Die Verarbeitung personenbezogener Daten bezieht sich im Prinzip auf alles, was man mit personenbezogenen Daten machen kann. Unter anderem kann man sie erfassen, registrieren, dokumentieren, speichern, fotografieren, einlesen, versenden oder ausdrucken.<\/p>\r\n<p>Die Datenschutz-Grundverordnung gilt f\u00fcr jede Art von Verarbeitung personenbezogener Daten, die digital oder teilweise digital vorliegen. Aber auch die Verarbeitung von analogen personenbezogenen Daten (auf Papier) f\u00e4llt unter die Datenschutz-Grundverordnung, sofern die personenbezogenen Daten Teil eines durchsuchbaren analogen Registers sind oder in ein solches aufgenommen werden.<\/p>\r\n<p>&nbsp;<\/p>\r\n<h3>Datenverantwortlicher<\/h3>\r\n<p>F\u00fcr die Verarbeitung von personenbezogenen Daten innerhalb des Gesch\u00e4ftsbetriebs von Centramec AB ist Centramec AB der Datenverantwortliche.<\/p>\r\n<p><strong>Centramec AB<\/strong><\/p>\r\n<p><strong>Organisationsnr.: 556201-4638<\/strong><\/p>\r\n<p><strong>Adresse: M\u00e5rdaklevsv\u00e4gen 24, 311 63 \u00c4lvsered<\/strong><\/p>\r\n<p>&nbsp;<\/p>\r\n<h2>Welche Kategorien personenbezogener Daten werden verarbeitet?<\/h2>\r\n<p>Wir verarbeiten die Daten, die uns \u00fcbermittelt werden. Dazu geh\u00f6ren unter anderem: Name, E-Mail-Adresse und\/oder andere Informationen, die Sie uns \u00fcberlassen haben oder die erforderlich sind, damit wir unseren Verpflichtungen Ihnen gegen\u00fcber nachkommen k\u00f6nnen. Wir verarbeiten auch Daten, die wir ben\u00f6tigen, um einen zweckm\u00e4\u00dfigen Service und funktionierende Dienstleistungen zur Verf\u00fcgung zu stellen und Ihnen eine zufriedenstellende Erfahrung zu bieten. Centramec AB verarbeitet nur solche personenbezogenen Daten, die f\u00fcr die Erm\u00f6glichung gesch\u00e4ftlicher Kontakte zwischen Ihnen und Centramec AB ben\u00f6tigt werden.<\/p>\r\n<p>&nbsp;<\/p>\r\n<h2>\u00dcberlassung personenbezogener Daten an andere Dienstleister<\/h2>\r\n<p>Wir teilen Ihre personenbezogenen Daten anderen Dienstleistern mit, die als eigenst\u00e4ndige Datenverantwortliche fungieren, beispielsweise Beh\u00f6rden wie der Finanzbeh\u00f6rde, wenn wir gesetzlich oder aufgrund von Beh\u00f6rdenbeschl\u00fcssen dazu verpflichtet sind entsprechende Angaben zu machen. Wenn Ihre personenbezogenen Daten einem anderen Dienstleister \u00fcberlassen werden, der als eigenst\u00e4ndiger Datenverantwortlicher fungiert, kommen Datenschutzrichtlinie und Datenschutzmanagement von dessen Organisation zum Tragen.<\/p>\r\n<p>&nbsp;<\/p>\r\n<h2>Wie lange werden personenbezogene Daten gespeichert?<\/h2>\r\n<p>Wir speichern Ihre personenbezogenen Daten so lange, wie es f\u00fcr die Bereitstellung unserer Dienstleistungen erforderlich ist, d.\u00a0h. so lange wie sie zur Erf\u00fcllung des jeweiligen Zwecks ben\u00f6tigt werden. Gegebenenfalls ist eine l\u00e4ngere Speicherung der Daten erforderlich, um den rechtlichen Verpflichtungen des Unternehmens nachzukommen.<\/p>\r\n<p>&nbsp;<\/p>\r\n<h2>Welche Rechte haben Sie?<\/h2>\r\n<p>Die Datenschutz-Grundverordnung (DSGVO) garantiert Ihnen verschiedene Rechte gegen\u00fcber dem Datenverantwortlichen, d.\u00a0h. Centramec AB. Sie haben das Recht, einen Datenregisterauszug zu verlangen, um zu erfahren, welche personenbezogenen Daten Centramec AB von Ihnen gespeichert hat. Sie haben auch das Recht, falsche Daten \u00fcber Sie berichtigen oder in bestimmten F\u00e4llen l\u00f6schen zu lassen.<\/p>\r\n<p>Wenn Sie mehr \u00fcber Ihre Rechte erfahren m\u00f6chten, k\u00f6nnen Sie die Website der Datenschutzbeh\u00f6rde aufrufen. <u>https:\/\/www.imy.se\/privatperson\/dataskydd\/dina-rattigheter\/<\/u><\/p>\r\n<p>&nbsp;<\/p>\r\n<h2>\u00c4nderung der Datenschutzrichtlinie<\/h2>\r\n<p>Wir behalten uns das Recht einer \u00c4nderung unserer Datenschutzrichtlinie vor. Die aktuelle Version der Datenschutzrichtlinie k\u00f6nnen Sie jederzeit auf unserer Website nachlesen. Das Datum der letzten Aktualisierung wird zu Beginn der Datenschutzrichtlinie angegeben.<\/p>\r\n<p>&nbsp;<\/p>\r\n<h2>Ansprechpartner bei Fragen<\/h2>\r\n<p>Wenn Sie Fragen haben, wie wir personenbezogenen Daten verarbeiten, d\u00fcrfen Sie uns jederzeit kontaktieren. Die Kontaktangaben unserer Mitarbeiter finden Sie unter \u201eKontakt\u201c.<\/p>\r\n<p><em>Bei Fragen zur Datenschutzrichtlinie wenden Sie sich bitte an Tobias Myrberg, entweder telefonisch unter +46 (0)325-317 06 oder +46 (0)70-932 91 52 oder per E-Mail an tobias.myrberg@centramec.com.<\/em><\/p>\r\n<p>[\/vc_column_text][\/vc_column][\/vc_row][vc_row][vc_column][vc_column_text]<\/p>\r\n<p>[\/vc_column_text][\/vc_column][\/vc_row]<\/p><\/div>","protected":false},"excerpt":{"rendered":"<p>[vc_row css=&#8220;.vc_custom_1744132818416{margin-top: 60px !important;}&#8220;][vc_column][vc_column_text css=&#8220;&#8220;] Datenschutzrichtlinie\u00a0 Letzte Aktualisierung: 07.02.2025 Centramec AB ist der Schutz Ihrer Privatsph\u00e4re wichtig. Wir legen Wert auf ein hohes Datenschutzniveau unter Einhaltung der Datenschutz-Grundverordnung (DSGVO). Sie k\u00f6nnen sich sicher sein, dass wir Ihre personenbezogenen Daten sorgsam und verantwortungsvoll verarbeiten. Diese Datenschutzrichtlinie enth\u00e4lt allgemeine Informationen dazu, wie wir Ihre personenbezogenen Daten unter&hellip;<\/p>\n","protected":false},"author":1,"featured_media":0,"parent":0,"menu_order":0,"comment_status":"closed","ping_status":"closed","template":"","meta":{"_acf_changed":false,"footnotes":""},"class_list":["post-22632","page","type-page","status-publish","hentry","description-off"],"acf":[],"yoast_head":"<!-- This site is optimized with the Yoast SEO plugin v27.3 - https:\/\/yoast.com\/product\/yoast-seo-wordpress\/ -->\n<title>Datenschutzrichtlinie | Centramec \u2013 Komplettl\u00f6sungen f\u00fcr Materialhandling<\/title>\n<meta name=\"description\" content=\"Datenschutzrichtlinie | Centramec | Der Schutz Ihrer Privatsph\u00e4re ist uns wichtig; wir halten die DSGVO ein und achten auf ein hohes Datenschutzniveau\" \/>\n<meta name=\"robots\" content=\"index, follow, max-snippet:-1, max-image-preview:large, max-video-preview:-1\" \/>\n<link rel=\"canonical\" href=\"https:\/\/centramec.com\/de\/datenschutzrichtlinie\/\" \/>\n<meta property=\"og:locale\" content=\"de_DE\" \/>\n<meta property=\"og:type\" content=\"article\" \/>\n<meta property=\"og:title\" content=\"Datenschutzrichtlinie | Centramec \u2013 Komplettl\u00f6sungen f\u00fcr Materialhandling\" \/>\n<meta property=\"og:description\" content=\"Datenschutzrichtlinie | Centramec | Der Schutz Ihrer Privatsph\u00e4re ist uns wichtig; wir halten die DSGVO ein und achten auf ein hohes Datenschutzniveau\" \/>\n<meta property=\"og:url\" content=\"https:\/\/centramec.com\/de\/datenschutzrichtlinie\/\" \/>\n<meta property=\"og:site_name\" content=\"Centramec\" \/>\n<meta property=\"article:modified_time\" content=\"2025-04-10T12:31:18+00:00\" \/>\n<meta property=\"og:image\" content=\"https:\/\/centramec.com\/wp-content\/uploads\/2024\/11\/Centramec_fabrik.jpg\" \/>\n\t<meta property=\"og:image:width\" content=\"1920\" \/>\n\t<meta property=\"og:image:height\" content=\"1155\" \/>\n\t<meta property=\"og:image:type\" content=\"image\/jpeg\" \/>\n<meta name=\"twitter:card\" content=\"summary_large_image\" \/>\n<meta name=\"twitter:label1\" content=\"Gesch\u00e4tzte Lesezeit\" \/>\n\t<meta name=\"twitter:data1\" content=\"3\u00a0Minuten\" \/>\n<script type=\"application\/ld+json\" class=\"yoast-schema-graph\">{\"@context\":\"https:\\\/\\\/schema.org\",\"@graph\":[{\"@type\":\"WebPage\",\"@id\":\"https:\\\/\\\/centramec.com\\\/de\\\/datenschutzrichtlinie\\\/\",\"url\":\"https:\\\/\\\/centramec.com\\\/de\\\/datenschutzrichtlinie\\\/\",\"name\":\"Datenschutzrichtlinie | Centramec \u2013 Komplettl\u00f6sungen f\u00fcr Materialhandling\",\"isPartOf\":{\"@id\":\"https:\\\/\\\/centramec.com\\\/de\\\/#website\"},\"datePublished\":\"2023-08-08T07:41:11+00:00\",\"dateModified\":\"2025-04-10T12:31:18+00:00\",\"description\":\"Datenschutzrichtlinie | Centramec | Der Schutz Ihrer Privatsph\u00e4re ist uns wichtig; wir halten die DSGVO ein und achten auf ein hohes Datenschutzniveau\",\"breadcrumb\":{\"@id\":\"https:\\\/\\\/centramec.com\\\/de\\\/datenschutzrichtlinie\\\/#breadcrumb\"},\"inLanguage\":\"de\",\"potentialAction\":[{\"@type\":\"ReadAction\",\"target\":[\"https:\\\/\\\/centramec.com\\\/de\\\/datenschutzrichtlinie\\\/\"]}]},{\"@type\":\"BreadcrumbList\",\"@id\":\"https:\\\/\\\/centramec.com\\\/de\\\/datenschutzrichtlinie\\\/#breadcrumb\",\"itemListElement\":[{\"@type\":\"ListItem\",\"position\":1,\"name\":\"Hem\",\"item\":\"https:\\\/\\\/centramec.com\\\/de\\\/\"},{\"@type\":\"ListItem\",\"position\":2,\"name\":\"Datenschutzrichtlinie\"}]},{\"@type\":\"WebSite\",\"@id\":\"https:\\\/\\\/centramec.com\\\/de\\\/#website\",\"url\":\"https:\\\/\\\/centramec.com\\\/de\\\/\",\"name\":\"Centramec\",\"description\":\"Convey Dry and Dose Engineering Since 1978\",\"publisher\":{\"@id\":\"https:\\\/\\\/centramec.com\\\/de\\\/#organization\"},\"potentialAction\":[{\"@type\":\"SearchAction\",\"target\":{\"@type\":\"EntryPoint\",\"urlTemplate\":\"https:\\\/\\\/centramec.com\\\/de\\\/?s={search_term_string}\"},\"query-input\":{\"@type\":\"PropertyValueSpecification\",\"valueRequired\":true,\"valueName\":\"search_term_string\"}}],\"inLanguage\":\"de\"},{\"@type\":\"Organization\",\"@id\":\"https:\\\/\\\/centramec.com\\\/de\\\/#organization\",\"name\":\"Centramec\",\"url\":\"https:\\\/\\\/centramec.com\\\/de\\\/\",\"logo\":{\"@type\":\"ImageObject\",\"inLanguage\":\"de\",\"@id\":\"https:\\\/\\\/centramec.com\\\/de\\\/#\\\/schema\\\/logo\\\/image\\\/\",\"url\":\"https:\\\/\\\/centramec.com\\\/wp-content\\\/uploads\\\/2024\\\/11\\\/cropped-C_favikon_512px-1.png\",\"contentUrl\":\"https:\\\/\\\/centramec.com\\\/wp-content\\\/uploads\\\/2024\\\/11\\\/cropped-C_favikon_512px-1.png\",\"width\":512,\"height\":512,\"caption\":\"Centramec\"},\"image\":{\"@id\":\"https:\\\/\\\/centramec.com\\\/de\\\/#\\\/schema\\\/logo\\\/image\\\/\"},\"sameAs\":[\"https:\\\/\\\/www.linkedin.com\\\/company\\\/centramec-ab\",\"https:\\\/\\\/www.youtube.com\\\/@centramecAB\"]}]}<\/script>\n<!-- \/ Yoast SEO plugin. -->","yoast_head_json":{"title":"Datenschutzrichtlinie | Centramec \u2013 Komplettl\u00f6sungen f\u00fcr Materialhandling","description":"Datenschutzrichtlinie | Centramec | Der Schutz Ihrer Privatsph\u00e4re ist uns wichtig; wir halten die DSGVO ein und achten auf ein hohes Datenschutzniveau","robots":{"index":"index","follow":"follow","max-snippet":"max-snippet:-1","max-image-preview":"max-image-preview:large","max-video-preview":"max-video-preview:-1"},"canonical":"https:\/\/centramec.com\/de\/datenschutzrichtlinie\/","og_locale":"de_DE","og_type":"article","og_title":"Datenschutzrichtlinie | Centramec \u2013 Komplettl\u00f6sungen f\u00fcr Materialhandling","og_description":"Datenschutzrichtlinie | Centramec | Der Schutz Ihrer Privatsph\u00e4re ist uns wichtig; wir halten die DSGVO ein und achten auf ein hohes Datenschutzniveau","og_url":"https:\/\/centramec.com\/de\/datenschutzrichtlinie\/","og_site_name":"Centramec","article_modified_time":"2025-04-10T12:31:18+00:00","og_image":[{"width":1920,"height":1155,"url":"https:\/\/centramec.com\/wp-content\/uploads\/2024\/11\/Centramec_fabrik.jpg","type":"image\/jpeg"}],"twitter_card":"summary_large_image","twitter_misc":{"Gesch\u00e4tzte Lesezeit":"3\u00a0Minuten"},"schema":{"@context":"https:\/\/schema.org","@graph":[{"@type":"WebPage","@id":"https:\/\/centramec.com\/de\/datenschutzrichtlinie\/","url":"https:\/\/centramec.com\/de\/datenschutzrichtlinie\/","name":"Datenschutzrichtlinie | Centramec \u2013 Komplettl\u00f6sungen f\u00fcr Materialhandling","isPartOf":{"@id":"https:\/\/centramec.com\/de\/#website"},"datePublished":"2023-08-08T07:41:11+00:00","dateModified":"2025-04-10T12:31:18+00:00","description":"Datenschutzrichtlinie | Centramec | Der Schutz Ihrer Privatsph\u00e4re ist uns wichtig; wir halten die DSGVO ein und achten auf ein hohes Datenschutzniveau","breadcrumb":{"@id":"https:\/\/centramec.com\/de\/datenschutzrichtlinie\/#breadcrumb"},"inLanguage":"de","potentialAction":[{"@type":"ReadAction","target":["https:\/\/centramec.com\/de\/datenschutzrichtlinie\/"]}]},{"@type":"BreadcrumbList","@id":"https:\/\/centramec.com\/de\/datenschutzrichtlinie\/#breadcrumb","itemListElement":[{"@type":"ListItem","position":1,"name":"Hem","item":"https:\/\/centramec.com\/de\/"},{"@type":"ListItem","position":2,"name":"Datenschutzrichtlinie"}]},{"@type":"WebSite","@id":"https:\/\/centramec.com\/de\/#website","url":"https:\/\/centramec.com\/de\/","name":"Centramec","description":"Convey Dry and Dose Engineering Since 1978","publisher":{"@id":"https:\/\/centramec.com\/de\/#organization"},"potentialAction":[{"@type":"SearchAction","target":{"@type":"EntryPoint","urlTemplate":"https:\/\/centramec.com\/de\/?s={search_term_string}"},"query-input":{"@type":"PropertyValueSpecification","valueRequired":true,"valueName":"search_term_string"}}],"inLanguage":"de"},{"@type":"Organization","@id":"https:\/\/centramec.com\/de\/#organization","name":"Centramec","url":"https:\/\/centramec.com\/de\/","logo":{"@type":"ImageObject","inLanguage":"de","@id":"https:\/\/centramec.com\/de\/#\/schema\/logo\/image\/","url":"https:\/\/centramec.com\/wp-content\/uploads\/2024\/11\/cropped-C_favikon_512px-1.png","contentUrl":"https:\/\/centramec.com\/wp-content\/uploads\/2024\/11\/cropped-C_favikon_512px-1.png","width":512,"height":512,"caption":"Centramec"},"image":{"@id":"https:\/\/centramec.com\/de\/#\/schema\/logo\/image\/"},"sameAs":["https:\/\/www.linkedin.com\/company\/centramec-ab","https:\/\/www.youtube.com\/@centramecAB"]}]}},"_links":{"self":[{"href":"https:\/\/centramec.com\/de\/wp-json\/wp\/v2\/pages\/22632","targetHints":{"allow":["GET"]}}],"collection":[{"href":"https:\/\/centramec.com\/de\/wp-json\/wp\/v2\/pages"}],"about":[{"href":"https:\/\/centramec.com\/de\/wp-json\/wp\/v2\/types\/page"}],"author":[{"embeddable":true,"href":"https:\/\/centramec.com\/de\/wp-json\/wp\/v2\/users\/1"}],"replies":[{"embeddable":true,"href":"https:\/\/centramec.com\/de\/wp-json\/wp\/v2\/comments?post=22632"}],"version-history":[{"count":3,"href":"https:\/\/centramec.com\/de\/wp-json\/wp\/v2\/pages\/22632\/revisions"}],"predecessor-version":[{"id":22640,"href":"https:\/\/centramec.com\/de\/wp-json\/wp\/v2\/pages\/22632\/revisions\/22640"}],"wp:attachment":[{"href":"https:\/\/centramec.com\/de\/wp-json\/wp\/v2\/media?parent=22632"}],"curies":[{"name":"wp","href":"https:\/\/api.w.org\/{rel}","templated":true}]}}