{"id":23167,"date":"2025-04-07T11:02:46","date_gmt":"2025-04-07T09:02:46","guid":{"rendered":"https:\/\/centramec.com\/produkter\/unkategorisiert\/cemec-oktabin-wendestation\/"},"modified":"2025-04-11T10:07:13","modified_gmt":"2025-04-11T08:07:13","slug":"cemec-oktabin-wendestation","status":"publish","type":"product","link":"https:\/\/centramec.com\/de\/produkter\/oktabin-handling\/cemec-oktabin-wendestation\/","title":{"rendered":"Cemec Oktabin-Wendestation"},"content":{"rendered":"","protected":false},"excerpt":{"rendered":"<p><span data-sheets-root=\"1\">F\u00fcr ein effizientes Handling Ihrer Oktabins. Die Oktabin-Wendestation von Cemec leert Ihre Oktabins bis zum letzten Granulatkorn durch eine 180\u00b0-Drehung unter Zuhilfenahme eines Materialbeh\u00e4lters. Dieser wird auf den Oktabin gesetzt und damit eine geschlossene Umgebung geschaffen, so dass die Wendestation den Oktabin um 180\u00b0 drehen kann, ohne dass Granulat versch\u00fcttet wird. Der Materialbeh\u00e4lter mit dem Oktabin l\u00e4sst sich dann nach Ihren W\u00fcnschen umsetzen, um eine einfache Entleerung \u00fcber ein Vakuum- oder Druckf\u00f6rdersystem zu erm\u00f6glichen.<br \/>\n<\/span><\/p>\n","protected":false},"featured_media":21610,"template":"","meta":{"_acf_changed":false},"pwb-brand":[305],"product_brand":[],"product_cat":[278],"product_tag":[],"class_list":{"0":"post-23167","1":"product","2":"type-product","3":"status-publish","4":"has-post-thumbnail","6":"pwb-brand-cemec-de","7":"product_cat-oktabin-handling","8":"description-off","10":"first","11":"instock","12":"shipping-taxable","13":"product-type-simple"},"acf":[],"yoast_head":"<!-- This site is optimized with the Yoast SEO plugin v27.3 - https:\/\/yoast.com\/product\/yoast-seo-wordpress\/ -->\n<title>Cemec Oktabin-Wendestation | Centramec<\/title>\n<meta name=\"robots\" content=\"index, follow, max-snippet:-1, max-image-preview:large, max-video-preview:-1\" \/>\n<link rel=\"canonical\" href=\"https:\/\/centramec.com\/de\/produkter\/oktabin-handling\/cemec-oktabin-wendestation\/\" \/>\n<meta property=\"og:locale\" content=\"de_DE\" \/>\n<meta property=\"og:type\" content=\"article\" \/>\n<meta property=\"og:title\" content=\"Cemec Oktabin-Wendestation | Centramec\" \/>\n<meta property=\"og:description\" content=\"F\u00fcr ein effizientes Handling Ihrer Oktabins. Die Oktabin-Wendestation von Cemec leert Ihre Oktabins bis zum letzten Granulatkorn durch eine 180\u00b0-Drehung unter Zuhilfenahme eines Materialbeh\u00e4lters. Dieser wird auf den Oktabin gesetzt und damit eine geschlossene Umgebung geschaffen, so dass die Wendestation den Oktabin um 180\u00b0 drehen kann, ohne dass Granulat versch\u00fcttet wird. Der Materialbeh\u00e4lter mit dem Oktabin l\u00e4sst sich dann nach Ihren W\u00fcnschen umsetzen, um eine einfache Entleerung \u00fcber ein Vakuum- oder Druckf\u00f6rdersystem zu erm\u00f6glichen.\" \/>\n<meta property=\"og:url\" content=\"https:\/\/centramec.com\/de\/produkter\/oktabin-handling\/cemec-oktabin-wendestation\/\" \/>\n<meta property=\"og:site_name\" content=\"Centramec\" \/>\n<meta property=\"article:modified_time\" content=\"2025-04-11T08:07:13+00:00\" \/>\n<meta property=\"og:image\" content=\"https:\/\/centramec.com\/wp-content\/uploads\/2025\/03\/Centramec_SKU86_Oktabinvandarstation-Centramec.jpg\" \/>\n\t<meta property=\"og:image:width\" content=\"400\" \/>\n\t<meta property=\"og:image:height\" content=\"400\" \/>\n\t<meta property=\"og:image:type\" content=\"image\/jpeg\" \/>\n<meta name=\"twitter:card\" content=\"summary_large_image\" \/>\n<script type=\"application\/ld+json\" class=\"yoast-schema-graph\">{\"@context\":\"https:\\\/\\\/schema.org\",\"@graph\":[{\"@type\":\"WebPage\",\"@id\":\"https:\\\/\\\/centramec.com\\\/de\\\/produkter\\\/oktabin-handling\\\/cemec-oktabin-wendestation\\\/\",\"url\":\"https:\\\/\\\/centramec.com\\\/de\\\/produkter\\\/oktabin-handling\\\/cemec-oktabin-wendestation\\\/\",\"name\":\"Cemec Oktabin-Wendestation | Centramec\",\"isPartOf\":{\"@id\":\"https:\\\/\\\/centramec.com\\\/de\\\/#website\"},\"primaryImageOfPage\":{\"@id\":\"https:\\\/\\\/centramec.com\\\/de\\\/produkter\\\/oktabin-handling\\\/cemec-oktabin-wendestation\\\/#primaryimage\"},\"image\":{\"@id\":\"https:\\\/\\\/centramec.com\\\/de\\\/produkter\\\/oktabin-handling\\\/cemec-oktabin-wendestation\\\/#primaryimage\"},\"thumbnailUrl\":\"https:\\\/\\\/centramec.com\\\/wp-content\\\/uploads\\\/2025\\\/03\\\/Centramec_SKU86_Oktabinvandarstation-Centramec.jpg\",\"datePublished\":\"2025-04-07T09:02:46+00:00\",\"dateModified\":\"2025-04-11T08:07:13+00:00\",\"breadcrumb\":{\"@id\":\"https:\\\/\\\/centramec.com\\\/de\\\/produkter\\\/oktabin-handling\\\/cemec-oktabin-wendestation\\\/#breadcrumb\"},\"inLanguage\":\"de\",\"potentialAction\":[{\"@type\":\"ReadAction\",\"target\":[\"https:\\\/\\\/centramec.com\\\/de\\\/produkter\\\/oktabin-handling\\\/cemec-oktabin-wendestation\\\/\"]}]},{\"@type\":\"ImageObject\",\"inLanguage\":\"de\",\"@id\":\"https:\\\/\\\/centramec.com\\\/de\\\/produkter\\\/oktabin-handling\\\/cemec-oktabin-wendestation\\\/#primaryimage\",\"url\":\"https:\\\/\\\/centramec.com\\\/wp-content\\\/uploads\\\/2025\\\/03\\\/Centramec_SKU86_Oktabinvandarstation-Centramec.jpg\",\"contentUrl\":\"https:\\\/\\\/centramec.com\\\/wp-content\\\/uploads\\\/2025\\\/03\\\/Centramec_SKU86_Oktabinvandarstation-Centramec.jpg\",\"width\":400,\"height\":400,\"caption\":\"Cemec Oktabin-Wendestation\"},{\"@type\":\"BreadcrumbList\",\"@id\":\"https:\\\/\\\/centramec.com\\\/de\\\/produkter\\\/oktabin-handling\\\/cemec-oktabin-wendestation\\\/#breadcrumb\",\"itemListElement\":[{\"@type\":\"ListItem\",\"position\":1,\"name\":\"Hem\",\"item\":\"https:\\\/\\\/centramec.com\\\/de\\\/\"},{\"@type\":\"ListItem\",\"position\":2,\"name\":\"Produkter\",\"item\":\"https:\\\/\\\/centramec.com\\\/produkter\\\/\"},{\"@type\":\"ListItem\",\"position\":3,\"name\":\"Cemec Oktabin-Wendestation\"}]},{\"@type\":\"WebSite\",\"@id\":\"https:\\\/\\\/centramec.com\\\/de\\\/#website\",\"url\":\"https:\\\/\\\/centramec.com\\\/de\\\/\",\"name\":\"Centramec\",\"description\":\"Convey Dry and Dose Engineering Since 1978\",\"publisher\":{\"@id\":\"https:\\\/\\\/centramec.com\\\/de\\\/#organization\"},\"potentialAction\":[{\"@type\":\"SearchAction\",\"target\":{\"@type\":\"EntryPoint\",\"urlTemplate\":\"https:\\\/\\\/centramec.com\\\/de\\\/?s={search_term_string}\"},\"query-input\":{\"@type\":\"PropertyValueSpecification\",\"valueRequired\":true,\"valueName\":\"search_term_string\"}}],\"inLanguage\":\"de\"},{\"@type\":\"Organization\",\"@id\":\"https:\\\/\\\/centramec.com\\\/de\\\/#organization\",\"name\":\"Centramec\",\"url\":\"https:\\\/\\\/centramec.com\\\/de\\\/\",\"logo\":{\"@type\":\"ImageObject\",\"inLanguage\":\"de\",\"@id\":\"https:\\\/\\\/centramec.com\\\/de\\\/#\\\/schema\\\/logo\\\/image\\\/\",\"url\":\"https:\\\/\\\/centramec.com\\\/wp-content\\\/uploads\\\/2024\\\/11\\\/cropped-C_favikon_512px-1.png\",\"contentUrl\":\"https:\\\/\\\/centramec.com\\\/wp-content\\\/uploads\\\/2024\\\/11\\\/cropped-C_favikon_512px-1.png\",\"width\":512,\"height\":512,\"caption\":\"Centramec\"},\"image\":{\"@id\":\"https:\\\/\\\/centramec.com\\\/de\\\/#\\\/schema\\\/logo\\\/image\\\/\"},\"sameAs\":[\"https:\\\/\\\/www.linkedin.com\\\/company\\\/centramec-ab\",\"https:\\\/\\\/www.youtube.com\\\/@centramecAB\"]}]}<\/script>\n<!-- \/ Yoast SEO plugin. -->","yoast_head_json":{"title":"Cemec Oktabin-Wendestation | Centramec","robots":{"index":"index","follow":"follow","max-snippet":"max-snippet:-1","max-image-preview":"max-image-preview:large","max-video-preview":"max-video-preview:-1"},"canonical":"https:\/\/centramec.com\/de\/produkter\/oktabin-handling\/cemec-oktabin-wendestation\/","og_locale":"de_DE","og_type":"article","og_title":"Cemec Oktabin-Wendestation | Centramec","og_description":"F\u00fcr ein effizientes Handling Ihrer Oktabins. Die Oktabin-Wendestation von Cemec leert Ihre Oktabins bis zum letzten Granulatkorn durch eine 180\u00b0-Drehung unter Zuhilfenahme eines Materialbeh\u00e4lters. Dieser wird auf den Oktabin gesetzt und damit eine geschlossene Umgebung geschaffen, so dass die Wendestation den Oktabin um 180\u00b0 drehen kann, ohne dass Granulat versch\u00fcttet wird. Der Materialbeh\u00e4lter mit dem Oktabin l\u00e4sst sich dann nach Ihren W\u00fcnschen umsetzen, um eine einfache Entleerung \u00fcber ein Vakuum- oder Druckf\u00f6rdersystem zu erm\u00f6glichen.","og_url":"https:\/\/centramec.com\/de\/produkter\/oktabin-handling\/cemec-oktabin-wendestation\/","og_site_name":"Centramec","article_modified_time":"2025-04-11T08:07:13+00:00","og_image":[{"width":400,"height":400,"url":"https:\/\/centramec.com\/wp-content\/uploads\/2025\/03\/Centramec_SKU86_Oktabinvandarstation-Centramec.jpg","type":"image\/jpeg"}],"twitter_card":"summary_large_image","schema":{"@context":"https:\/\/schema.org","@graph":[{"@type":"WebPage","@id":"https:\/\/centramec.com\/de\/produkter\/oktabin-handling\/cemec-oktabin-wendestation\/","url":"https:\/\/centramec.com\/de\/produkter\/oktabin-handling\/cemec-oktabin-wendestation\/","name":"Cemec Oktabin-Wendestation | Centramec","isPartOf":{"@id":"https:\/\/centramec.com\/de\/#website"},"primaryImageOfPage":{"@id":"https:\/\/centramec.com\/de\/produkter\/oktabin-handling\/cemec-oktabin-wendestation\/#primaryimage"},"image":{"@id":"https:\/\/centramec.com\/de\/produkter\/oktabin-handling\/cemec-oktabin-wendestation\/#primaryimage"},"thumbnailUrl":"https:\/\/centramec.com\/wp-content\/uploads\/2025\/03\/Centramec_SKU86_Oktabinvandarstation-Centramec.jpg","datePublished":"2025-04-07T09:02:46+00:00","dateModified":"2025-04-11T08:07:13+00:00","breadcrumb":{"@id":"https:\/\/centramec.com\/de\/produkter\/oktabin-handling\/cemec-oktabin-wendestation\/#breadcrumb"},"inLanguage":"de","potentialAction":[{"@type":"ReadAction","target":["https:\/\/centramec.com\/de\/produkter\/oktabin-handling\/cemec-oktabin-wendestation\/"]}]},{"@type":"ImageObject","inLanguage":"de","@id":"https:\/\/centramec.com\/de\/produkter\/oktabin-handling\/cemec-oktabin-wendestation\/#primaryimage","url":"https:\/\/centramec.com\/wp-content\/uploads\/2025\/03\/Centramec_SKU86_Oktabinvandarstation-Centramec.jpg","contentUrl":"https:\/\/centramec.com\/wp-content\/uploads\/2025\/03\/Centramec_SKU86_Oktabinvandarstation-Centramec.jpg","width":400,"height":400,"caption":"Cemec Oktabin-Wendestation"},{"@type":"BreadcrumbList","@id":"https:\/\/centramec.com\/de\/produkter\/oktabin-handling\/cemec-oktabin-wendestation\/#breadcrumb","itemListElement":[{"@type":"ListItem","position":1,"name":"Hem","item":"https:\/\/centramec.com\/de\/"},{"@type":"ListItem","position":2,"name":"Produkter","item":"https:\/\/centramec.com\/produkter\/"},{"@type":"ListItem","position":3,"name":"Cemec Oktabin-Wendestation"}]},{"@type":"WebSite","@id":"https:\/\/centramec.com\/de\/#website","url":"https:\/\/centramec.com\/de\/","name":"Centramec","description":"Convey Dry and Dose Engineering Since 1978","publisher":{"@id":"https:\/\/centramec.com\/de\/#organization"},"potentialAction":[{"@type":"SearchAction","target":{"@type":"EntryPoint","urlTemplate":"https:\/\/centramec.com\/de\/?s={search_term_string}"},"query-input":{"@type":"PropertyValueSpecification","valueRequired":true,"valueName":"search_term_string"}}],"inLanguage":"de"},{"@type":"Organization","@id":"https:\/\/centramec.com\/de\/#organization","name":"Centramec","url":"https:\/\/centramec.com\/de\/","logo":{"@type":"ImageObject","inLanguage":"de","@id":"https:\/\/centramec.com\/de\/#\/schema\/logo\/image\/","url":"https:\/\/centramec.com\/wp-content\/uploads\/2024\/11\/cropped-C_favikon_512px-1.png","contentUrl":"https:\/\/centramec.com\/wp-content\/uploads\/2024\/11\/cropped-C_favikon_512px-1.png","width":512,"height":512,"caption":"Centramec"},"image":{"@id":"https:\/\/centramec.com\/de\/#\/schema\/logo\/image\/"},"sameAs":["https:\/\/www.linkedin.com\/company\/centramec-ab","https:\/\/www.youtube.com\/@centramecAB"]}]}},"brands":[{"id":305,"name":"Cemec","slug":"cemec-de"}],"_links":{"self":[{"href":"https:\/\/centramec.com\/de\/wp-json\/wp\/v2\/product\/23167","targetHints":{"allow":["GET"]}}],"collection":[{"href":"https:\/\/centramec.com\/de\/wp-json\/wp\/v2\/product"}],"about":[{"href":"https:\/\/centramec.com\/de\/wp-json\/wp\/v2\/types\/product"}],"wp:featuredmedia":[{"embeddable":true,"href":"https:\/\/centramec.com\/de\/wp-json\/wp\/v2\/media\/21610"}],"wp:attachment":[{"href":"https:\/\/centramec.com\/de\/wp-json\/wp\/v2\/media?parent=23167"}],"wp:term":[{"taxonomy":"pwb-brand","embeddable":true,"href":"https:\/\/centramec.com\/de\/wp-json\/wp\/v2\/pwb-brand?post=23167"},{"taxonomy":"product_brand","embeddable":true,"href":"https:\/\/centramec.com\/de\/wp-json\/wp\/v2\/product_brand?post=23167"},{"taxonomy":"product_cat","embeddable":true,"href":"https:\/\/centramec.com\/de\/wp-json\/wp\/v2\/product_cat?post=23167"},{"taxonomy":"product_tag","embeddable":true,"href":"https:\/\/centramec.com\/de\/wp-json\/wp\/v2\/product_tag?post=23167"}],"curies":[{"name":"wp","href":"https:\/\/api.w.org\/{rel}","templated":true}]}}