{"id":23169,"date":"2025-04-07T10:53:28","date_gmt":"2025-04-07T08:53:28","guid":{"rendered":"https:\/\/centramec.com\/produkter\/unkategorisiert\/cemec-big-bag-entleerer\/"},"modified":"2025-04-15T14:42:50","modified_gmt":"2025-04-15T12:42:50","slug":"cemec-big-bag-entleerer","status":"publish","type":"product","link":"https:\/\/centramec.com\/de\/produkter\/sack-handling\/cemec-big-bag-entleerer\/","title":{"rendered":"Cemec Big-Bag-Entleerer"},"content":{"rendered":"<p><span data-sheets-root=\"1\">Technische Daten:<br \/>\n&#8211; Gewicht des Sacks: 1200 kg<br \/>\n&#8211; Ma\u00dfe des Sacks: 1000x1000x2000 mm<br \/>\n&#8211; Hubh\u00f6he: 3400 mm<br \/>\n&#8211; H\u00f6he des Beh\u00e4lters: 1100 mm<br \/>\n&#8211; Ma\u00dfe des Beh\u00e4lters: 1100&#215;1100 mm<\/span><\/p>\n","protected":false},"excerpt":{"rendered":"<p><span data-sheets-root=\"1\">Materialbeh\u00e4lter mit Gestell f\u00fcr Big Bags oder Gitterrost f\u00fcr kleinere S\u00e4cke. Cemec-Materialbeh\u00e4lter mit Gestell f\u00fcr Big Bags mit Pulverbeschichtung oder in Edelstahl-Ausf\u00fchrung. Hantieren der Hebetraverse per Stapler f\u00fcr einfaches Bewegen der S\u00e4cke zum und vom Materialbeh\u00e4lter. Entleerung geschieht per Vakuumf\u00f6rderung oder nach unten durch einen Flachschieber am Boden. Am Boden befindet sich ein Flachschieber f\u00fcr einfache Entleerung nach unten oder \u00fcber einen Sauganschluss. <\/span><\/p>\n","protected":false},"featured_media":21714,"template":"","meta":{"_acf_changed":false},"pwb-brand":[305],"product_brand":[],"product_cat":[284],"product_tag":[],"class_list":{"0":"post-23169","1":"product","2":"type-product","3":"status-publish","4":"has-post-thumbnail","6":"pwb-brand-cemec-de","7":"product_cat-sack-handling","8":"description-off","10":"first","11":"instock","12":"shipping-taxable","13":"product-type-simple"},"acf":[],"yoast_head":"<!-- This site is optimized with the Yoast SEO plugin v27.3 - https:\/\/yoast.com\/product\/yoast-seo-wordpress\/ -->\n<title>Cemec Big-Bag-Entleerer | Centramec<\/title>\n<meta name=\"robots\" content=\"index, follow, max-snippet:-1, max-image-preview:large, max-video-preview:-1\" \/>\n<link rel=\"canonical\" href=\"https:\/\/centramec.com\/de\/produkter\/sack-handling\/cemec-big-bag-entleerer\/\" \/>\n<meta property=\"og:locale\" content=\"de_DE\" \/>\n<meta property=\"og:type\" content=\"article\" \/>\n<meta property=\"og:title\" content=\"Cemec Big-Bag-Entleerer | Centramec\" \/>\n<meta property=\"og:description\" content=\"Materialbeh\u00e4lter mit Gestell f\u00fcr Big Bags oder Gitterrost f\u00fcr kleinere S\u00e4cke. Cemec-Materialbeh\u00e4lter mit Gestell f\u00fcr Big Bags mit Pulverbeschichtung oder in Edelstahl-Ausf\u00fchrung. Hantieren der Hebetraverse per Stapler f\u00fcr einfaches Bewegen der S\u00e4cke zum und vom Materialbeh\u00e4lter. Entleerung geschieht per Vakuumf\u00f6rderung oder nach unten durch einen Flachschieber am Boden. Am Boden befindet sich ein Flachschieber f\u00fcr einfache Entleerung nach unten oder \u00fcber einen Sauganschluss.\" \/>\n<meta property=\"og:url\" content=\"https:\/\/centramec.com\/de\/produkter\/sack-handling\/cemec-big-bag-entleerer\/\" \/>\n<meta property=\"og:site_name\" content=\"Centramec\" \/>\n<meta property=\"article:modified_time\" content=\"2025-04-15T12:42:50+00:00\" \/>\n<meta property=\"og:image\" content=\"https:\/\/centramec.com\/wp-content\/uploads\/2025\/03\/Centramec_SKU82_Cemec-sacktommare_sackstativ.jpg\" \/>\n\t<meta property=\"og:image:width\" content=\"1002\" \/>\n\t<meta property=\"og:image:height\" content=\"1202\" \/>\n\t<meta property=\"og:image:type\" content=\"image\/jpeg\" \/>\n<meta name=\"twitter:card\" content=\"summary_large_image\" \/>\n<script type=\"application\/ld+json\" class=\"yoast-schema-graph\">{\"@context\":\"https:\\\/\\\/schema.org\",\"@graph\":[{\"@type\":\"WebPage\",\"@id\":\"https:\\\/\\\/centramec.com\\\/de\\\/produkter\\\/sack-handling\\\/cemec-big-bag-entleerer\\\/\",\"url\":\"https:\\\/\\\/centramec.com\\\/de\\\/produkter\\\/sack-handling\\\/cemec-big-bag-entleerer\\\/\",\"name\":\"Cemec Big-Bag-Entleerer | Centramec\",\"isPartOf\":{\"@id\":\"https:\\\/\\\/centramec.com\\\/de\\\/#website\"},\"primaryImageOfPage\":{\"@id\":\"https:\\\/\\\/centramec.com\\\/de\\\/produkter\\\/sack-handling\\\/cemec-big-bag-entleerer\\\/#primaryimage\"},\"image\":{\"@id\":\"https:\\\/\\\/centramec.com\\\/de\\\/produkter\\\/sack-handling\\\/cemec-big-bag-entleerer\\\/#primaryimage\"},\"thumbnailUrl\":\"https:\\\/\\\/centramec.com\\\/wp-content\\\/uploads\\\/2025\\\/03\\\/Centramec_SKU82_Cemec-sacktommare_sackstativ.jpg\",\"datePublished\":\"2025-04-07T08:53:28+00:00\",\"dateModified\":\"2025-04-15T12:42:50+00:00\",\"breadcrumb\":{\"@id\":\"https:\\\/\\\/centramec.com\\\/de\\\/produkter\\\/sack-handling\\\/cemec-big-bag-entleerer\\\/#breadcrumb\"},\"inLanguage\":\"de\",\"potentialAction\":[{\"@type\":\"ReadAction\",\"target\":[\"https:\\\/\\\/centramec.com\\\/de\\\/produkter\\\/sack-handling\\\/cemec-big-bag-entleerer\\\/\"]}]},{\"@type\":\"ImageObject\",\"inLanguage\":\"de\",\"@id\":\"https:\\\/\\\/centramec.com\\\/de\\\/produkter\\\/sack-handling\\\/cemec-big-bag-entleerer\\\/#primaryimage\",\"url\":\"https:\\\/\\\/centramec.com\\\/wp-content\\\/uploads\\\/2025\\\/03\\\/Centramec_SKU82_Cemec-sacktommare_sackstativ.jpg\",\"contentUrl\":\"https:\\\/\\\/centramec.com\\\/wp-content\\\/uploads\\\/2025\\\/03\\\/Centramec_SKU82_Cemec-sacktommare_sackstativ.jpg\",\"width\":1002,\"height\":1202,\"caption\":\"Cemec Big-Bag-Entleerer\"},{\"@type\":\"BreadcrumbList\",\"@id\":\"https:\\\/\\\/centramec.com\\\/de\\\/produkter\\\/sack-handling\\\/cemec-big-bag-entleerer\\\/#breadcrumb\",\"itemListElement\":[{\"@type\":\"ListItem\",\"position\":1,\"name\":\"Hem\",\"item\":\"https:\\\/\\\/centramec.com\\\/de\\\/\"},{\"@type\":\"ListItem\",\"position\":2,\"name\":\"Produkter\",\"item\":\"https:\\\/\\\/centramec.com\\\/produkter\\\/\"},{\"@type\":\"ListItem\",\"position\":3,\"name\":\"Cemec Big-Bag-Entleerer\"}]},{\"@type\":\"WebSite\",\"@id\":\"https:\\\/\\\/centramec.com\\\/de\\\/#website\",\"url\":\"https:\\\/\\\/centramec.com\\\/de\\\/\",\"name\":\"Centramec\",\"description\":\"Convey Dry and Dose Engineering Since 1978\",\"publisher\":{\"@id\":\"https:\\\/\\\/centramec.com\\\/de\\\/#organization\"},\"potentialAction\":[{\"@type\":\"SearchAction\",\"target\":{\"@type\":\"EntryPoint\",\"urlTemplate\":\"https:\\\/\\\/centramec.com\\\/de\\\/?s={search_term_string}\"},\"query-input\":{\"@type\":\"PropertyValueSpecification\",\"valueRequired\":true,\"valueName\":\"search_term_string\"}}],\"inLanguage\":\"de\"},{\"@type\":\"Organization\",\"@id\":\"https:\\\/\\\/centramec.com\\\/de\\\/#organization\",\"name\":\"Centramec\",\"url\":\"https:\\\/\\\/centramec.com\\\/de\\\/\",\"logo\":{\"@type\":\"ImageObject\",\"inLanguage\":\"de\",\"@id\":\"https:\\\/\\\/centramec.com\\\/de\\\/#\\\/schema\\\/logo\\\/image\\\/\",\"url\":\"https:\\\/\\\/centramec.com\\\/wp-content\\\/uploads\\\/2024\\\/11\\\/cropped-C_favikon_512px-1.png\",\"contentUrl\":\"https:\\\/\\\/centramec.com\\\/wp-content\\\/uploads\\\/2024\\\/11\\\/cropped-C_favikon_512px-1.png\",\"width\":512,\"height\":512,\"caption\":\"Centramec\"},\"image\":{\"@id\":\"https:\\\/\\\/centramec.com\\\/de\\\/#\\\/schema\\\/logo\\\/image\\\/\"},\"sameAs\":[\"https:\\\/\\\/www.linkedin.com\\\/company\\\/centramec-ab\",\"https:\\\/\\\/www.youtube.com\\\/@centramecAB\"]}]}<\/script>\n<!-- \/ Yoast SEO plugin. -->","yoast_head_json":{"title":"Cemec Big-Bag-Entleerer | Centramec","robots":{"index":"index","follow":"follow","max-snippet":"max-snippet:-1","max-image-preview":"max-image-preview:large","max-video-preview":"max-video-preview:-1"},"canonical":"https:\/\/centramec.com\/de\/produkter\/sack-handling\/cemec-big-bag-entleerer\/","og_locale":"de_DE","og_type":"article","og_title":"Cemec Big-Bag-Entleerer | Centramec","og_description":"Materialbeh\u00e4lter mit Gestell f\u00fcr Big Bags oder Gitterrost f\u00fcr kleinere S\u00e4cke. Cemec-Materialbeh\u00e4lter mit Gestell f\u00fcr Big Bags mit Pulverbeschichtung oder in Edelstahl-Ausf\u00fchrung. Hantieren der Hebetraverse per Stapler f\u00fcr einfaches Bewegen der S\u00e4cke zum und vom Materialbeh\u00e4lter. Entleerung geschieht per Vakuumf\u00f6rderung oder nach unten durch einen Flachschieber am Boden. Am Boden befindet sich ein Flachschieber f\u00fcr einfache Entleerung nach unten oder \u00fcber einen Sauganschluss.","og_url":"https:\/\/centramec.com\/de\/produkter\/sack-handling\/cemec-big-bag-entleerer\/","og_site_name":"Centramec","article_modified_time":"2025-04-15T12:42:50+00:00","og_image":[{"width":1002,"height":1202,"url":"https:\/\/centramec.com\/wp-content\/uploads\/2025\/03\/Centramec_SKU82_Cemec-sacktommare_sackstativ.jpg","type":"image\/jpeg"}],"twitter_card":"summary_large_image","schema":{"@context":"https:\/\/schema.org","@graph":[{"@type":"WebPage","@id":"https:\/\/centramec.com\/de\/produkter\/sack-handling\/cemec-big-bag-entleerer\/","url":"https:\/\/centramec.com\/de\/produkter\/sack-handling\/cemec-big-bag-entleerer\/","name":"Cemec Big-Bag-Entleerer | Centramec","isPartOf":{"@id":"https:\/\/centramec.com\/de\/#website"},"primaryImageOfPage":{"@id":"https:\/\/centramec.com\/de\/produkter\/sack-handling\/cemec-big-bag-entleerer\/#primaryimage"},"image":{"@id":"https:\/\/centramec.com\/de\/produkter\/sack-handling\/cemec-big-bag-entleerer\/#primaryimage"},"thumbnailUrl":"https:\/\/centramec.com\/wp-content\/uploads\/2025\/03\/Centramec_SKU82_Cemec-sacktommare_sackstativ.jpg","datePublished":"2025-04-07T08:53:28+00:00","dateModified":"2025-04-15T12:42:50+00:00","breadcrumb":{"@id":"https:\/\/centramec.com\/de\/produkter\/sack-handling\/cemec-big-bag-entleerer\/#breadcrumb"},"inLanguage":"de","potentialAction":[{"@type":"ReadAction","target":["https:\/\/centramec.com\/de\/produkter\/sack-handling\/cemec-big-bag-entleerer\/"]}]},{"@type":"ImageObject","inLanguage":"de","@id":"https:\/\/centramec.com\/de\/produkter\/sack-handling\/cemec-big-bag-entleerer\/#primaryimage","url":"https:\/\/centramec.com\/wp-content\/uploads\/2025\/03\/Centramec_SKU82_Cemec-sacktommare_sackstativ.jpg","contentUrl":"https:\/\/centramec.com\/wp-content\/uploads\/2025\/03\/Centramec_SKU82_Cemec-sacktommare_sackstativ.jpg","width":1002,"height":1202,"caption":"Cemec Big-Bag-Entleerer"},{"@type":"BreadcrumbList","@id":"https:\/\/centramec.com\/de\/produkter\/sack-handling\/cemec-big-bag-entleerer\/#breadcrumb","itemListElement":[{"@type":"ListItem","position":1,"name":"Hem","item":"https:\/\/centramec.com\/de\/"},{"@type":"ListItem","position":2,"name":"Produkter","item":"https:\/\/centramec.com\/produkter\/"},{"@type":"ListItem","position":3,"name":"Cemec Big-Bag-Entleerer"}]},{"@type":"WebSite","@id":"https:\/\/centramec.com\/de\/#website","url":"https:\/\/centramec.com\/de\/","name":"Centramec","description":"Convey Dry and Dose Engineering Since 1978","publisher":{"@id":"https:\/\/centramec.com\/de\/#organization"},"potentialAction":[{"@type":"SearchAction","target":{"@type":"EntryPoint","urlTemplate":"https:\/\/centramec.com\/de\/?s={search_term_string}"},"query-input":{"@type":"PropertyValueSpecification","valueRequired":true,"valueName":"search_term_string"}}],"inLanguage":"de"},{"@type":"Organization","@id":"https:\/\/centramec.com\/de\/#organization","name":"Centramec","url":"https:\/\/centramec.com\/de\/","logo":{"@type":"ImageObject","inLanguage":"de","@id":"https:\/\/centramec.com\/de\/#\/schema\/logo\/image\/","url":"https:\/\/centramec.com\/wp-content\/uploads\/2024\/11\/cropped-C_favikon_512px-1.png","contentUrl":"https:\/\/centramec.com\/wp-content\/uploads\/2024\/11\/cropped-C_favikon_512px-1.png","width":512,"height":512,"caption":"Centramec"},"image":{"@id":"https:\/\/centramec.com\/de\/#\/schema\/logo\/image\/"},"sameAs":["https:\/\/www.linkedin.com\/company\/centramec-ab","https:\/\/www.youtube.com\/@centramecAB"]}]}},"brands":[{"id":305,"name":"Cemec","slug":"cemec-de"}],"_links":{"self":[{"href":"https:\/\/centramec.com\/de\/wp-json\/wp\/v2\/product\/23169","targetHints":{"allow":["GET"]}}],"collection":[{"href":"https:\/\/centramec.com\/de\/wp-json\/wp\/v2\/product"}],"about":[{"href":"https:\/\/centramec.com\/de\/wp-json\/wp\/v2\/types\/product"}],"wp:featuredmedia":[{"embeddable":true,"href":"https:\/\/centramec.com\/de\/wp-json\/wp\/v2\/media\/21714"}],"wp:attachment":[{"href":"https:\/\/centramec.com\/de\/wp-json\/wp\/v2\/media?parent=23169"}],"wp:term":[{"taxonomy":"pwb-brand","embeddable":true,"href":"https:\/\/centramec.com\/de\/wp-json\/wp\/v2\/pwb-brand?post=23169"},{"taxonomy":"product_brand","embeddable":true,"href":"https:\/\/centramec.com\/de\/wp-json\/wp\/v2\/product_brand?post=23169"},{"taxonomy":"product_cat","embeddable":true,"href":"https:\/\/centramec.com\/de\/wp-json\/wp\/v2\/product_cat?post=23169"},{"taxonomy":"product_tag","embeddable":true,"href":"https:\/\/centramec.com\/de\/wp-json\/wp\/v2\/product_tag?post=23169"}],"curies":[{"name":"wp","href":"https:\/\/api.w.org\/{rel}","templated":true}]}}