{"id":23170,"date":"2025-04-07T10:52:02","date_gmt":"2025-04-07T08:52:02","guid":{"rendered":"https:\/\/centramec.com\/produkter\/unkategorisiert\/cemec-materialbehaelter-300-liter\/"},"modified":"2025-04-11T10:03:14","modified_gmt":"2025-04-11T08:03:14","slug":"cemec-materialbehaelter-300-liter","status":"publish","type":"product","link":"https:\/\/centramec.com\/de\/produkter\/materialbehalter\/cemec-materialbehaelter-300-liter\/","title":{"rendered":"Cemec Materialbeh\u00e4lter 300 Liter"},"content":{"rendered":"<p><span data-sheets-root=\"1\">Technische Daten:<br \/>\n&#8211; Volumen: 300 Liter<br \/>\n&#8211; Ma\u00dfe: 800 x 600 mm<br \/>\n&#8211; Gewicht: 72 kg<br \/>\n&#8211; Stapelbar: Max. 2 St\u00fcck<br \/>\nOptionen:<br \/>\n&#8211; Gasdruckd\u00e4mpfer im Deckel<br \/>\n&#8211; Sackgitterrost 800&#215;400 mm<br \/>\n&#8211; Edelstahl-Ausf\u00fchrung<br \/>\n&#8211; Rollensatz<br \/>\n&#8211; Entleerungsstutzen zwischen den Beh\u00e4ltern<\/span><\/p>\n","protected":false},"excerpt":{"rendered":"<p><span data-sheets-root=\"1\">Die 300-Liter-Materialbeh\u00e4lter von Cemec sind f\u00fcr die Lagerung von Rohstoffen wie Granulat oder frei flie\u00dfendem Pulver vorgesehen. Der Beh\u00e4lter verf\u00fcgt \u00fcber einen fest montierten Saugstutzen mit einstellbarem Luftstrom sowie eine Schnellkupplung. Eine Seite ist mit einem Schauglas versehen und der Deckel besitzt F\u00fchrungsnasen f\u00fcr ein einfaches und sicheres Aufeinanderstapeln. Ein Flachschieber am Boden erm\u00f6glicht einfaches Leeren.<\/span><\/p>\n","protected":false},"featured_media":21592,"template":"","meta":{"_acf_changed":false},"pwb-brand":[305],"product_brand":[],"product_cat":[276,284],"product_tag":[],"class_list":{"0":"post-23170","1":"product","2":"type-product","3":"status-publish","4":"has-post-thumbnail","6":"pwb-brand-cemec-de","7":"product_cat-materialbehalter","8":"product_cat-sack-handling","9":"description-off","11":"first","12":"instock","13":"shipping-taxable","14":"product-type-simple"},"acf":[],"yoast_head":"<!-- This site is optimized with the Yoast SEO plugin v27.3 - https:\/\/yoast.com\/product\/yoast-seo-wordpress\/ -->\n<title>Cemec Materialbeh\u00e4lter 300 Liter | Centramec<\/title>\n<meta name=\"robots\" content=\"index, follow, max-snippet:-1, max-image-preview:large, max-video-preview:-1\" \/>\n<link rel=\"canonical\" href=\"https:\/\/centramec.com\/de\/produkter\/materialbehalter\/cemec-materialbehaelter-300-liter\/\" \/>\n<meta property=\"og:locale\" content=\"de_DE\" \/>\n<meta property=\"og:type\" content=\"article\" \/>\n<meta property=\"og:title\" content=\"Cemec Materialbeh\u00e4lter 300 Liter | Centramec\" \/>\n<meta property=\"og:description\" content=\"Die 300-Liter-Materialbeh\u00e4lter von Cemec sind f\u00fcr die Lagerung von Rohstoffen wie Granulat oder frei flie\u00dfendem Pulver vorgesehen. Der Beh\u00e4lter verf\u00fcgt \u00fcber einen fest montierten Saugstutzen mit einstellbarem Luftstrom sowie eine Schnellkupplung. Eine Seite ist mit einem Schauglas versehen und der Deckel besitzt F\u00fchrungsnasen f\u00fcr ein einfaches und sicheres Aufeinanderstapeln. Ein Flachschieber am Boden erm\u00f6glicht einfaches Leeren.\" \/>\n<meta property=\"og:url\" content=\"https:\/\/centramec.com\/de\/produkter\/materialbehalter\/cemec-materialbehaelter-300-liter\/\" \/>\n<meta property=\"og:site_name\" content=\"Centramec\" \/>\n<meta property=\"article:modified_time\" content=\"2025-04-11T08:03:14+00:00\" \/>\n<meta property=\"og:image\" content=\"https:\/\/centramec.com\/wp-content\/uploads\/2025\/03\/Centramec_SKU81_Materialbehallare-300l.jpg\" \/>\n\t<meta property=\"og:image:width\" content=\"400\" \/>\n\t<meta property=\"og:image:height\" content=\"400\" \/>\n\t<meta property=\"og:image:type\" content=\"image\/jpeg\" \/>\n<meta name=\"twitter:card\" content=\"summary_large_image\" \/>\n<script type=\"application\/ld+json\" class=\"yoast-schema-graph\">{\"@context\":\"https:\\\/\\\/schema.org\",\"@graph\":[{\"@type\":\"WebPage\",\"@id\":\"https:\\\/\\\/centramec.com\\\/de\\\/produkter\\\/materialbehalter\\\/cemec-materialbehaelter-300-liter\\\/\",\"url\":\"https:\\\/\\\/centramec.com\\\/de\\\/produkter\\\/materialbehalter\\\/cemec-materialbehaelter-300-liter\\\/\",\"name\":\"Cemec Materialbeh\u00e4lter 300 Liter | Centramec\",\"isPartOf\":{\"@id\":\"https:\\\/\\\/centramec.com\\\/de\\\/#website\"},\"primaryImageOfPage\":{\"@id\":\"https:\\\/\\\/centramec.com\\\/de\\\/produkter\\\/materialbehalter\\\/cemec-materialbehaelter-300-liter\\\/#primaryimage\"},\"image\":{\"@id\":\"https:\\\/\\\/centramec.com\\\/de\\\/produkter\\\/materialbehalter\\\/cemec-materialbehaelter-300-liter\\\/#primaryimage\"},\"thumbnailUrl\":\"https:\\\/\\\/centramec.com\\\/wp-content\\\/uploads\\\/2025\\\/03\\\/Centramec_SKU81_Materialbehallare-300l.jpg\",\"datePublished\":\"2025-04-07T08:52:02+00:00\",\"dateModified\":\"2025-04-11T08:03:14+00:00\",\"breadcrumb\":{\"@id\":\"https:\\\/\\\/centramec.com\\\/de\\\/produkter\\\/materialbehalter\\\/cemec-materialbehaelter-300-liter\\\/#breadcrumb\"},\"inLanguage\":\"de\",\"potentialAction\":[{\"@type\":\"ReadAction\",\"target\":[\"https:\\\/\\\/centramec.com\\\/de\\\/produkter\\\/materialbehalter\\\/cemec-materialbehaelter-300-liter\\\/\"]}]},{\"@type\":\"ImageObject\",\"inLanguage\":\"de\",\"@id\":\"https:\\\/\\\/centramec.com\\\/de\\\/produkter\\\/materialbehalter\\\/cemec-materialbehaelter-300-liter\\\/#primaryimage\",\"url\":\"https:\\\/\\\/centramec.com\\\/wp-content\\\/uploads\\\/2025\\\/03\\\/Centramec_SKU81_Materialbehallare-300l.jpg\",\"contentUrl\":\"https:\\\/\\\/centramec.com\\\/wp-content\\\/uploads\\\/2025\\\/03\\\/Centramec_SKU81_Materialbehallare-300l.jpg\",\"width\":400,\"height\":400,\"caption\":\"Cemec Materialbeh\u00e4lter 300 Liter\"},{\"@type\":\"BreadcrumbList\",\"@id\":\"https:\\\/\\\/centramec.com\\\/de\\\/produkter\\\/materialbehalter\\\/cemec-materialbehaelter-300-liter\\\/#breadcrumb\",\"itemListElement\":[{\"@type\":\"ListItem\",\"position\":1,\"name\":\"Hem\",\"item\":\"https:\\\/\\\/centramec.com\\\/de\\\/\"},{\"@type\":\"ListItem\",\"position\":2,\"name\":\"Produkter\",\"item\":\"https:\\\/\\\/centramec.com\\\/produkter\\\/\"},{\"@type\":\"ListItem\",\"position\":3,\"name\":\"Cemec Materialbeh\u00e4lter 300 Liter\"}]},{\"@type\":\"WebSite\",\"@id\":\"https:\\\/\\\/centramec.com\\\/de\\\/#website\",\"url\":\"https:\\\/\\\/centramec.com\\\/de\\\/\",\"name\":\"Centramec\",\"description\":\"Convey Dry and Dose Engineering Since 1978\",\"publisher\":{\"@id\":\"https:\\\/\\\/centramec.com\\\/de\\\/#organization\"},\"potentialAction\":[{\"@type\":\"SearchAction\",\"target\":{\"@type\":\"EntryPoint\",\"urlTemplate\":\"https:\\\/\\\/centramec.com\\\/de\\\/?s={search_term_string}\"},\"query-input\":{\"@type\":\"PropertyValueSpecification\",\"valueRequired\":true,\"valueName\":\"search_term_string\"}}],\"inLanguage\":\"de\"},{\"@type\":\"Organization\",\"@id\":\"https:\\\/\\\/centramec.com\\\/de\\\/#organization\",\"name\":\"Centramec\",\"url\":\"https:\\\/\\\/centramec.com\\\/de\\\/\",\"logo\":{\"@type\":\"ImageObject\",\"inLanguage\":\"de\",\"@id\":\"https:\\\/\\\/centramec.com\\\/de\\\/#\\\/schema\\\/logo\\\/image\\\/\",\"url\":\"https:\\\/\\\/centramec.com\\\/wp-content\\\/uploads\\\/2024\\\/11\\\/cropped-C_favikon_512px-1.png\",\"contentUrl\":\"https:\\\/\\\/centramec.com\\\/wp-content\\\/uploads\\\/2024\\\/11\\\/cropped-C_favikon_512px-1.png\",\"width\":512,\"height\":512,\"caption\":\"Centramec\"},\"image\":{\"@id\":\"https:\\\/\\\/centramec.com\\\/de\\\/#\\\/schema\\\/logo\\\/image\\\/\"},\"sameAs\":[\"https:\\\/\\\/www.linkedin.com\\\/company\\\/centramec-ab\",\"https:\\\/\\\/www.youtube.com\\\/@centramecAB\"]}]}<\/script>\n<!-- \/ Yoast SEO plugin. -->","yoast_head_json":{"title":"Cemec Materialbeh\u00e4lter 300 Liter | Centramec","robots":{"index":"index","follow":"follow","max-snippet":"max-snippet:-1","max-image-preview":"max-image-preview:large","max-video-preview":"max-video-preview:-1"},"canonical":"https:\/\/centramec.com\/de\/produkter\/materialbehalter\/cemec-materialbehaelter-300-liter\/","og_locale":"de_DE","og_type":"article","og_title":"Cemec Materialbeh\u00e4lter 300 Liter | Centramec","og_description":"Die 300-Liter-Materialbeh\u00e4lter von Cemec sind f\u00fcr die Lagerung von Rohstoffen wie Granulat oder frei flie\u00dfendem Pulver vorgesehen. Der Beh\u00e4lter verf\u00fcgt \u00fcber einen fest montierten Saugstutzen mit einstellbarem Luftstrom sowie eine Schnellkupplung. Eine Seite ist mit einem Schauglas versehen und der Deckel besitzt F\u00fchrungsnasen f\u00fcr ein einfaches und sicheres Aufeinanderstapeln. Ein Flachschieber am Boden erm\u00f6glicht einfaches Leeren.","og_url":"https:\/\/centramec.com\/de\/produkter\/materialbehalter\/cemec-materialbehaelter-300-liter\/","og_site_name":"Centramec","article_modified_time":"2025-04-11T08:03:14+00:00","og_image":[{"width":400,"height":400,"url":"https:\/\/centramec.com\/wp-content\/uploads\/2025\/03\/Centramec_SKU81_Materialbehallare-300l.jpg","type":"image\/jpeg"}],"twitter_card":"summary_large_image","schema":{"@context":"https:\/\/schema.org","@graph":[{"@type":"WebPage","@id":"https:\/\/centramec.com\/de\/produkter\/materialbehalter\/cemec-materialbehaelter-300-liter\/","url":"https:\/\/centramec.com\/de\/produkter\/materialbehalter\/cemec-materialbehaelter-300-liter\/","name":"Cemec Materialbeh\u00e4lter 300 Liter | Centramec","isPartOf":{"@id":"https:\/\/centramec.com\/de\/#website"},"primaryImageOfPage":{"@id":"https:\/\/centramec.com\/de\/produkter\/materialbehalter\/cemec-materialbehaelter-300-liter\/#primaryimage"},"image":{"@id":"https:\/\/centramec.com\/de\/produkter\/materialbehalter\/cemec-materialbehaelter-300-liter\/#primaryimage"},"thumbnailUrl":"https:\/\/centramec.com\/wp-content\/uploads\/2025\/03\/Centramec_SKU81_Materialbehallare-300l.jpg","datePublished":"2025-04-07T08:52:02+00:00","dateModified":"2025-04-11T08:03:14+00:00","breadcrumb":{"@id":"https:\/\/centramec.com\/de\/produkter\/materialbehalter\/cemec-materialbehaelter-300-liter\/#breadcrumb"},"inLanguage":"de","potentialAction":[{"@type":"ReadAction","target":["https:\/\/centramec.com\/de\/produkter\/materialbehalter\/cemec-materialbehaelter-300-liter\/"]}]},{"@type":"ImageObject","inLanguage":"de","@id":"https:\/\/centramec.com\/de\/produkter\/materialbehalter\/cemec-materialbehaelter-300-liter\/#primaryimage","url":"https:\/\/centramec.com\/wp-content\/uploads\/2025\/03\/Centramec_SKU81_Materialbehallare-300l.jpg","contentUrl":"https:\/\/centramec.com\/wp-content\/uploads\/2025\/03\/Centramec_SKU81_Materialbehallare-300l.jpg","width":400,"height":400,"caption":"Cemec Materialbeh\u00e4lter 300 Liter"},{"@type":"BreadcrumbList","@id":"https:\/\/centramec.com\/de\/produkter\/materialbehalter\/cemec-materialbehaelter-300-liter\/#breadcrumb","itemListElement":[{"@type":"ListItem","position":1,"name":"Hem","item":"https:\/\/centramec.com\/de\/"},{"@type":"ListItem","position":2,"name":"Produkter","item":"https:\/\/centramec.com\/produkter\/"},{"@type":"ListItem","position":3,"name":"Cemec Materialbeh\u00e4lter 300 Liter"}]},{"@type":"WebSite","@id":"https:\/\/centramec.com\/de\/#website","url":"https:\/\/centramec.com\/de\/","name":"Centramec","description":"Convey Dry and Dose Engineering Since 1978","publisher":{"@id":"https:\/\/centramec.com\/de\/#organization"},"potentialAction":[{"@type":"SearchAction","target":{"@type":"EntryPoint","urlTemplate":"https:\/\/centramec.com\/de\/?s={search_term_string}"},"query-input":{"@type":"PropertyValueSpecification","valueRequired":true,"valueName":"search_term_string"}}],"inLanguage":"de"},{"@type":"Organization","@id":"https:\/\/centramec.com\/de\/#organization","name":"Centramec","url":"https:\/\/centramec.com\/de\/","logo":{"@type":"ImageObject","inLanguage":"de","@id":"https:\/\/centramec.com\/de\/#\/schema\/logo\/image\/","url":"https:\/\/centramec.com\/wp-content\/uploads\/2024\/11\/cropped-C_favikon_512px-1.png","contentUrl":"https:\/\/centramec.com\/wp-content\/uploads\/2024\/11\/cropped-C_favikon_512px-1.png","width":512,"height":512,"caption":"Centramec"},"image":{"@id":"https:\/\/centramec.com\/de\/#\/schema\/logo\/image\/"},"sameAs":["https:\/\/www.linkedin.com\/company\/centramec-ab","https:\/\/www.youtube.com\/@centramecAB"]}]}},"brands":[{"id":305,"name":"Cemec","slug":"cemec-de"}],"_links":{"self":[{"href":"https:\/\/centramec.com\/de\/wp-json\/wp\/v2\/product\/23170","targetHints":{"allow":["GET"]}}],"collection":[{"href":"https:\/\/centramec.com\/de\/wp-json\/wp\/v2\/product"}],"about":[{"href":"https:\/\/centramec.com\/de\/wp-json\/wp\/v2\/types\/product"}],"wp:featuredmedia":[{"embeddable":true,"href":"https:\/\/centramec.com\/de\/wp-json\/wp\/v2\/media\/21592"}],"wp:attachment":[{"href":"https:\/\/centramec.com\/de\/wp-json\/wp\/v2\/media?parent=23170"}],"wp:term":[{"taxonomy":"pwb-brand","embeddable":true,"href":"https:\/\/centramec.com\/de\/wp-json\/wp\/v2\/pwb-brand?post=23170"},{"taxonomy":"product_brand","embeddable":true,"href":"https:\/\/centramec.com\/de\/wp-json\/wp\/v2\/product_brand?post=23170"},{"taxonomy":"product_cat","embeddable":true,"href":"https:\/\/centramec.com\/de\/wp-json\/wp\/v2\/product_cat?post=23170"},{"taxonomy":"product_tag","embeddable":true,"href":"https:\/\/centramec.com\/de\/wp-json\/wp\/v2\/product_tag?post=23170"}],"curies":[{"name":"wp","href":"https:\/\/api.w.org\/{rel}","templated":true}]}}