{"id":23171,"date":"2025-04-07T10:42:30","date_gmt":"2025-04-07T08:42:30","guid":{"rendered":"https:\/\/centramec.com\/produkter\/unkategorisiert\/cemec-materialfoerderer-cfg-serie\/"},"modified":"2025-04-11T10:25:43","modified_gmt":"2025-04-11T08:25:43","slug":"cemec-materialfoerderer-cfg-serie","status":"publish","type":"product","link":"https:\/\/centramec.com\/de\/produkter\/vakuumfordersysteme\/cemec-materialfoerderer-cfg-serie\/","title":{"rendered":"Cemec Materialf\u00f6rderer CFG-Serie"},"content":{"rendered":"<p><span data-sheets-root=\"1\">Technische Daten:<\/span><\/p>\n<p>Cemec CFG50-PA<br \/>\n&#8211; Material: PA<br \/>\n&#8211; Volumen: 1,5 Liter<br \/>\n&#8211; Anschluss: 40 mm<br \/>\n&#8211; Regelspannung: 24 VDC<\/p>\n<p>Cemec CFG50-R2<br \/>\n&#8211; Material: Edelstahl<br \/>\n&#8211; Volumen: 2,5 Liter<br \/>\n&#8211; Anschluss: 40\/50 mm<br \/>\n&#8211; Regelspannung: 24 VDC<\/p>\n<p>Cemec CFG100-R2<br \/>\n&#8211; Material: Edelstahl<br \/>\n&#8211; Volumen: 6 Liter<br \/>\n&#8211; Anschluss: 40\/50 mm<br \/>\n&#8211; Regelspannung: 24 VDC<\/p>\n<p>Cemec CFG200-R2<br \/>\n&#8211; Material: Edelstahl<br \/>\n&#8211; Volumen: 20 Liter<br \/>\n&#8211; Anschluss: 40\/50 mm<br \/>\n&#8211; Regelspannung: 24 VDC<\/p>\n<p>Hergestellt in Schweden<\/p>\n","protected":false},"excerpt":{"rendered":"<p><span data-sheets-root=\"1\">Cemec Materialf\u00f6rderer CFG-Serie Materialf\u00f6rderer der CFG-Serie von Cemec. Erh\u00e4ltlich in Edelstahl oder in transparentem PA mit doppelten Eing\u00e4ngen und Vakuumschleuse aus Aluminiumguss. Haupts\u00e4chlich vorgesehen f\u00fcr die F\u00f6rderung von Kunststoff- und Gummigranulat. L\u00e4sst sich in einem zentralen Vakuumsystem oder mit separatem Vakuumgebl\u00e4se einsetzen. Anschlie\u00dfbar an die meisten existierenden Steuerungssysteme. Cemec CFG 50 R2, Cemec CFG 100 R2 und Cemec CFG 200 R2 besitzen zwei Materialeing\u00e4nge, was das wechselweise F\u00f6rdern von Material von zwei verschiedenen Orten erm\u00f6glicht. Beide Eing\u00e4nge zum Materialf\u00f6rderer werden mit Zylindern verschlossen, wenn sie nicht aktiv sind. Das Vakuumgitter l\u00e4sst sich beim Reinigen leicht entfernen.<\/span><\/p>\n","protected":false},"featured_media":21583,"template":"","meta":{"_acf_changed":false},"pwb-brand":[305],"product_brand":[],"product_cat":[288],"product_tag":[],"class_list":{"0":"post-23171","1":"product","2":"type-product","3":"status-publish","4":"has-post-thumbnail","6":"pwb-brand-cemec-de","7":"product_cat-vakuumfordersysteme","8":"description-off","10":"first","11":"instock","12":"shipping-taxable","13":"product-type-simple"},"acf":[],"yoast_head":"<!-- This site is optimized with the Yoast SEO plugin v27.3 - https:\/\/yoast.com\/product\/yoast-seo-wordpress\/ -->\n<title>Cemec Materialf\u00f6rderer CFG-Serie | Centramec<\/title>\n<meta name=\"robots\" content=\"index, follow, max-snippet:-1, max-image-preview:large, max-video-preview:-1\" \/>\n<link rel=\"canonical\" href=\"https:\/\/centramec.com\/de\/produkter\/vakuumfordersysteme\/cemec-materialfoerderer-cfg-serie\/\" \/>\n<meta property=\"og:locale\" content=\"de_DE\" \/>\n<meta property=\"og:type\" content=\"article\" \/>\n<meta property=\"og:title\" content=\"Cemec Materialf\u00f6rderer CFG-Serie | Centramec\" \/>\n<meta property=\"og:description\" content=\"Cemec Materialf\u00f6rderer CFG-Serie Materialf\u00f6rderer der CFG-Serie von Cemec. Erh\u00e4ltlich in Edelstahl oder in transparentem PA mit doppelten Eing\u00e4ngen und Vakuumschleuse aus Aluminiumguss. Haupts\u00e4chlich vorgesehen f\u00fcr die F\u00f6rderung von Kunststoff- und Gummigranulat. L\u00e4sst sich in einem zentralen Vakuumsystem oder mit separatem Vakuumgebl\u00e4se einsetzen. Anschlie\u00dfbar an die meisten existierenden Steuerungssysteme. Cemec CFG 50 R2, Cemec CFG 100 R2 und Cemec CFG 200 R2 besitzen zwei Materialeing\u00e4nge, was das wechselweise F\u00f6rdern von Material von zwei verschiedenen Orten erm\u00f6glicht. Beide Eing\u00e4nge zum Materialf\u00f6rderer werden mit Zylindern verschlossen, wenn sie nicht aktiv sind. Das Vakuumgitter l\u00e4sst sich beim Reinigen leicht entfernen.\" \/>\n<meta property=\"og:url\" content=\"https:\/\/centramec.com\/de\/produkter\/vakuumfordersysteme\/cemec-materialfoerderer-cfg-serie\/\" \/>\n<meta property=\"og:site_name\" content=\"Centramec\" \/>\n<meta property=\"article:modified_time\" content=\"2025-04-11T08:25:43+00:00\" \/>\n<meta property=\"og:image\" content=\"https:\/\/centramec.com\/wp-content\/uploads\/2025\/03\/Centramec_SKU78_Cemec-Materialtransportor-CFG-serien-CFG100R2.jpg\" \/>\n\t<meta property=\"og:image:width\" content=\"378\" \/>\n\t<meta property=\"og:image:height\" content=\"460\" \/>\n\t<meta property=\"og:image:type\" content=\"image\/jpeg\" \/>\n<meta name=\"twitter:card\" content=\"summary_large_image\" \/>\n<script type=\"application\/ld+json\" class=\"yoast-schema-graph\">{\"@context\":\"https:\\\/\\\/schema.org\",\"@graph\":[{\"@type\":\"WebPage\",\"@id\":\"https:\\\/\\\/centramec.com\\\/de\\\/produkter\\\/vakuumfordersysteme\\\/cemec-materialfoerderer-cfg-serie\\\/\",\"url\":\"https:\\\/\\\/centramec.com\\\/de\\\/produkter\\\/vakuumfordersysteme\\\/cemec-materialfoerderer-cfg-serie\\\/\",\"name\":\"Cemec Materialf\u00f6rderer CFG-Serie | Centramec\",\"isPartOf\":{\"@id\":\"https:\\\/\\\/centramec.com\\\/de\\\/#website\"},\"primaryImageOfPage\":{\"@id\":\"https:\\\/\\\/centramec.com\\\/de\\\/produkter\\\/vakuumfordersysteme\\\/cemec-materialfoerderer-cfg-serie\\\/#primaryimage\"},\"image\":{\"@id\":\"https:\\\/\\\/centramec.com\\\/de\\\/produkter\\\/vakuumfordersysteme\\\/cemec-materialfoerderer-cfg-serie\\\/#primaryimage\"},\"thumbnailUrl\":\"https:\\\/\\\/centramec.com\\\/wp-content\\\/uploads\\\/2025\\\/03\\\/Centramec_SKU78_Cemec-Materialtransportor-CFG-serien-CFG100R2.jpg\",\"datePublished\":\"2025-04-07T08:42:30+00:00\",\"dateModified\":\"2025-04-11T08:25:43+00:00\",\"breadcrumb\":{\"@id\":\"https:\\\/\\\/centramec.com\\\/de\\\/produkter\\\/vakuumfordersysteme\\\/cemec-materialfoerderer-cfg-serie\\\/#breadcrumb\"},\"inLanguage\":\"de\",\"potentialAction\":[{\"@type\":\"ReadAction\",\"target\":[\"https:\\\/\\\/centramec.com\\\/de\\\/produkter\\\/vakuumfordersysteme\\\/cemec-materialfoerderer-cfg-serie\\\/\"]}]},{\"@type\":\"ImageObject\",\"inLanguage\":\"de\",\"@id\":\"https:\\\/\\\/centramec.com\\\/de\\\/produkter\\\/vakuumfordersysteme\\\/cemec-materialfoerderer-cfg-serie\\\/#primaryimage\",\"url\":\"https:\\\/\\\/centramec.com\\\/wp-content\\\/uploads\\\/2025\\\/03\\\/Centramec_SKU78_Cemec-Materialtransportor-CFG-serien-CFG100R2.jpg\",\"contentUrl\":\"https:\\\/\\\/centramec.com\\\/wp-content\\\/uploads\\\/2025\\\/03\\\/Centramec_SKU78_Cemec-Materialtransportor-CFG-serien-CFG100R2.jpg\",\"width\":378,\"height\":460,\"caption\":\"Cemec Materialtransport\u00f6r CFG-serien\"},{\"@type\":\"BreadcrumbList\",\"@id\":\"https:\\\/\\\/centramec.com\\\/de\\\/produkter\\\/vakuumfordersysteme\\\/cemec-materialfoerderer-cfg-serie\\\/#breadcrumb\",\"itemListElement\":[{\"@type\":\"ListItem\",\"position\":1,\"name\":\"Hem\",\"item\":\"https:\\\/\\\/centramec.com\\\/de\\\/\"},{\"@type\":\"ListItem\",\"position\":2,\"name\":\"Produkter\",\"item\":\"https:\\\/\\\/centramec.com\\\/produkter\\\/\"},{\"@type\":\"ListItem\",\"position\":3,\"name\":\"Cemec Materialf\u00f6rderer CFG-Serie\"}]},{\"@type\":\"WebSite\",\"@id\":\"https:\\\/\\\/centramec.com\\\/de\\\/#website\",\"url\":\"https:\\\/\\\/centramec.com\\\/de\\\/\",\"name\":\"Centramec\",\"description\":\"Convey Dry and Dose Engineering Since 1978\",\"publisher\":{\"@id\":\"https:\\\/\\\/centramec.com\\\/de\\\/#organization\"},\"potentialAction\":[{\"@type\":\"SearchAction\",\"target\":{\"@type\":\"EntryPoint\",\"urlTemplate\":\"https:\\\/\\\/centramec.com\\\/de\\\/?s={search_term_string}\"},\"query-input\":{\"@type\":\"PropertyValueSpecification\",\"valueRequired\":true,\"valueName\":\"search_term_string\"}}],\"inLanguage\":\"de\"},{\"@type\":\"Organization\",\"@id\":\"https:\\\/\\\/centramec.com\\\/de\\\/#organization\",\"name\":\"Centramec\",\"url\":\"https:\\\/\\\/centramec.com\\\/de\\\/\",\"logo\":{\"@type\":\"ImageObject\",\"inLanguage\":\"de\",\"@id\":\"https:\\\/\\\/centramec.com\\\/de\\\/#\\\/schema\\\/logo\\\/image\\\/\",\"url\":\"https:\\\/\\\/centramec.com\\\/wp-content\\\/uploads\\\/2024\\\/11\\\/cropped-C_favikon_512px-1.png\",\"contentUrl\":\"https:\\\/\\\/centramec.com\\\/wp-content\\\/uploads\\\/2024\\\/11\\\/cropped-C_favikon_512px-1.png\",\"width\":512,\"height\":512,\"caption\":\"Centramec\"},\"image\":{\"@id\":\"https:\\\/\\\/centramec.com\\\/de\\\/#\\\/schema\\\/logo\\\/image\\\/\"},\"sameAs\":[\"https:\\\/\\\/www.linkedin.com\\\/company\\\/centramec-ab\",\"https:\\\/\\\/www.youtube.com\\\/@centramecAB\"]}]}<\/script>\n<!-- \/ Yoast SEO plugin. -->","yoast_head_json":{"title":"Cemec Materialf\u00f6rderer CFG-Serie | Centramec","robots":{"index":"index","follow":"follow","max-snippet":"max-snippet:-1","max-image-preview":"max-image-preview:large","max-video-preview":"max-video-preview:-1"},"canonical":"https:\/\/centramec.com\/de\/produkter\/vakuumfordersysteme\/cemec-materialfoerderer-cfg-serie\/","og_locale":"de_DE","og_type":"article","og_title":"Cemec Materialf\u00f6rderer CFG-Serie | Centramec","og_description":"Cemec Materialf\u00f6rderer CFG-Serie Materialf\u00f6rderer der CFG-Serie von Cemec. Erh\u00e4ltlich in Edelstahl oder in transparentem PA mit doppelten Eing\u00e4ngen und Vakuumschleuse aus Aluminiumguss. Haupts\u00e4chlich vorgesehen f\u00fcr die F\u00f6rderung von Kunststoff- und Gummigranulat. L\u00e4sst sich in einem zentralen Vakuumsystem oder mit separatem Vakuumgebl\u00e4se einsetzen. Anschlie\u00dfbar an die meisten existierenden Steuerungssysteme. Cemec CFG 50 R2, Cemec CFG 100 R2 und Cemec CFG 200 R2 besitzen zwei Materialeing\u00e4nge, was das wechselweise F\u00f6rdern von Material von zwei verschiedenen Orten erm\u00f6glicht. Beide Eing\u00e4nge zum Materialf\u00f6rderer werden mit Zylindern verschlossen, wenn sie nicht aktiv sind. Das Vakuumgitter l\u00e4sst sich beim Reinigen leicht entfernen.","og_url":"https:\/\/centramec.com\/de\/produkter\/vakuumfordersysteme\/cemec-materialfoerderer-cfg-serie\/","og_site_name":"Centramec","article_modified_time":"2025-04-11T08:25:43+00:00","og_image":[{"width":378,"height":460,"url":"https:\/\/centramec.com\/wp-content\/uploads\/2025\/03\/Centramec_SKU78_Cemec-Materialtransportor-CFG-serien-CFG100R2.jpg","type":"image\/jpeg"}],"twitter_card":"summary_large_image","schema":{"@context":"https:\/\/schema.org","@graph":[{"@type":"WebPage","@id":"https:\/\/centramec.com\/de\/produkter\/vakuumfordersysteme\/cemec-materialfoerderer-cfg-serie\/","url":"https:\/\/centramec.com\/de\/produkter\/vakuumfordersysteme\/cemec-materialfoerderer-cfg-serie\/","name":"Cemec Materialf\u00f6rderer CFG-Serie | Centramec","isPartOf":{"@id":"https:\/\/centramec.com\/de\/#website"},"primaryImageOfPage":{"@id":"https:\/\/centramec.com\/de\/produkter\/vakuumfordersysteme\/cemec-materialfoerderer-cfg-serie\/#primaryimage"},"image":{"@id":"https:\/\/centramec.com\/de\/produkter\/vakuumfordersysteme\/cemec-materialfoerderer-cfg-serie\/#primaryimage"},"thumbnailUrl":"https:\/\/centramec.com\/wp-content\/uploads\/2025\/03\/Centramec_SKU78_Cemec-Materialtransportor-CFG-serien-CFG100R2.jpg","datePublished":"2025-04-07T08:42:30+00:00","dateModified":"2025-04-11T08:25:43+00:00","breadcrumb":{"@id":"https:\/\/centramec.com\/de\/produkter\/vakuumfordersysteme\/cemec-materialfoerderer-cfg-serie\/#breadcrumb"},"inLanguage":"de","potentialAction":[{"@type":"ReadAction","target":["https:\/\/centramec.com\/de\/produkter\/vakuumfordersysteme\/cemec-materialfoerderer-cfg-serie\/"]}]},{"@type":"ImageObject","inLanguage":"de","@id":"https:\/\/centramec.com\/de\/produkter\/vakuumfordersysteme\/cemec-materialfoerderer-cfg-serie\/#primaryimage","url":"https:\/\/centramec.com\/wp-content\/uploads\/2025\/03\/Centramec_SKU78_Cemec-Materialtransportor-CFG-serien-CFG100R2.jpg","contentUrl":"https:\/\/centramec.com\/wp-content\/uploads\/2025\/03\/Centramec_SKU78_Cemec-Materialtransportor-CFG-serien-CFG100R2.jpg","width":378,"height":460,"caption":"Cemec Materialtransport\u00f6r CFG-serien"},{"@type":"BreadcrumbList","@id":"https:\/\/centramec.com\/de\/produkter\/vakuumfordersysteme\/cemec-materialfoerderer-cfg-serie\/#breadcrumb","itemListElement":[{"@type":"ListItem","position":1,"name":"Hem","item":"https:\/\/centramec.com\/de\/"},{"@type":"ListItem","position":2,"name":"Produkter","item":"https:\/\/centramec.com\/produkter\/"},{"@type":"ListItem","position":3,"name":"Cemec Materialf\u00f6rderer CFG-Serie"}]},{"@type":"WebSite","@id":"https:\/\/centramec.com\/de\/#website","url":"https:\/\/centramec.com\/de\/","name":"Centramec","description":"Convey Dry and Dose Engineering Since 1978","publisher":{"@id":"https:\/\/centramec.com\/de\/#organization"},"potentialAction":[{"@type":"SearchAction","target":{"@type":"EntryPoint","urlTemplate":"https:\/\/centramec.com\/de\/?s={search_term_string}"},"query-input":{"@type":"PropertyValueSpecification","valueRequired":true,"valueName":"search_term_string"}}],"inLanguage":"de"},{"@type":"Organization","@id":"https:\/\/centramec.com\/de\/#organization","name":"Centramec","url":"https:\/\/centramec.com\/de\/","logo":{"@type":"ImageObject","inLanguage":"de","@id":"https:\/\/centramec.com\/de\/#\/schema\/logo\/image\/","url":"https:\/\/centramec.com\/wp-content\/uploads\/2024\/11\/cropped-C_favikon_512px-1.png","contentUrl":"https:\/\/centramec.com\/wp-content\/uploads\/2024\/11\/cropped-C_favikon_512px-1.png","width":512,"height":512,"caption":"Centramec"},"image":{"@id":"https:\/\/centramec.com\/de\/#\/schema\/logo\/image\/"},"sameAs":["https:\/\/www.linkedin.com\/company\/centramec-ab","https:\/\/www.youtube.com\/@centramecAB"]}]}},"brands":[{"id":305,"name":"Cemec","slug":"cemec-de"}],"_links":{"self":[{"href":"https:\/\/centramec.com\/de\/wp-json\/wp\/v2\/product\/23171","targetHints":{"allow":["GET"]}}],"collection":[{"href":"https:\/\/centramec.com\/de\/wp-json\/wp\/v2\/product"}],"about":[{"href":"https:\/\/centramec.com\/de\/wp-json\/wp\/v2\/types\/product"}],"wp:featuredmedia":[{"embeddable":true,"href":"https:\/\/centramec.com\/de\/wp-json\/wp\/v2\/media\/21583"}],"wp:attachment":[{"href":"https:\/\/centramec.com\/de\/wp-json\/wp\/v2\/media?parent=23171"}],"wp:term":[{"taxonomy":"pwb-brand","embeddable":true,"href":"https:\/\/centramec.com\/de\/wp-json\/wp\/v2\/pwb-brand?post=23171"},{"taxonomy":"product_brand","embeddable":true,"href":"https:\/\/centramec.com\/de\/wp-json\/wp\/v2\/product_brand?post=23171"},{"taxonomy":"product_cat","embeddable":true,"href":"https:\/\/centramec.com\/de\/wp-json\/wp\/v2\/product_cat?post=23171"},{"taxonomy":"product_tag","embeddable":true,"href":"https:\/\/centramec.com\/de\/wp-json\/wp\/v2\/product_tag?post=23171"}],"curies":[{"name":"wp","href":"https:\/\/api.w.org\/{rel}","templated":true}]}}