{"id":23174,"date":"2025-04-04T10:03:20","date_gmt":"2025-04-04T08:03:20","guid":{"rendered":"https:\/\/centramec.com\/produkter\/unkategorisiert\/cemec-materialfoerderer-d400gf\/"},"modified":"2025-04-11T10:27:25","modified_gmt":"2025-04-11T08:27:25","slug":"cemec-materialfoerderer-d400gf","status":"publish","type":"product","link":"https:\/\/centramec.com\/de\/produkter\/vakuumfordersysteme\/cemec-materialfoerderer-d400gf\/","title":{"rendered":"Cemec Materialf\u00f6rderer D400GF"},"content":{"rendered":"<p><span data-sheets-root=\"1\">Technische Daten:<br \/>\n&#8211; Material: Edelstahl<br \/>\n&#8211; Volumen: 40 Liter<br \/>\n&#8211; Anschluss: 54-70 mm<br \/>\n&#8211; Regelspannung: 24 VDC<br \/>\nHergestellt in Schweden<\/span><\/p>\n","protected":false},"excerpt":{"rendered":"<p><span data-sheets-root=\"1\">Der Materialf\u00f6rderer D400GF von Cemec ist f\u00fcr das Handling von stark abrasivem F\u00f6rdergut wie beispielsweise Glasfasermaterial ausgelegt. Dickes Blech und eine Materialbremse am Einlassrohr minimieren den Verschlei\u00df. Der auswechselbare Einlass mit Materialbremse erleichtert den Austausch von Teilen bei Verschlei\u00df. Anpassbare Konstruktion f\u00fcr unterschiedliche Rohrdurchmesser. <\/span><\/p>\n","protected":false},"featured_media":21328,"template":"","meta":{"_acf_changed":false},"pwb-brand":[305],"product_brand":[],"product_cat":[288],"product_tag":[],"class_list":{"0":"post-23174","1":"product","2":"type-product","3":"status-publish","4":"has-post-thumbnail","6":"pwb-brand-cemec-de","7":"product_cat-vakuumfordersysteme","8":"description-off","10":"first","11":"instock","12":"shipping-taxable","13":"product-type-simple"},"acf":[],"yoast_head":"<!-- This site is optimized with the Yoast SEO plugin v27.3 - https:\/\/yoast.com\/product\/yoast-seo-wordpress\/ -->\n<title>Cemec Materialf\u00f6rderer D400GF | Centramec<\/title>\n<meta name=\"robots\" content=\"index, follow, max-snippet:-1, max-image-preview:large, max-video-preview:-1\" \/>\n<link rel=\"canonical\" href=\"https:\/\/centramec.com\/de\/produkter\/vakuumfordersysteme\/cemec-materialfoerderer-d400gf\/\" \/>\n<meta property=\"og:locale\" content=\"de_DE\" \/>\n<meta property=\"og:type\" content=\"article\" \/>\n<meta property=\"og:title\" content=\"Cemec Materialf\u00f6rderer D400GF | Centramec\" \/>\n<meta property=\"og:description\" content=\"Der Materialf\u00f6rderer D400GF von Cemec ist f\u00fcr das Handling von stark abrasivem F\u00f6rdergut wie beispielsweise Glasfasermaterial ausgelegt. Dickes Blech und eine Materialbremse am Einlassrohr minimieren den Verschlei\u00df. Der auswechselbare Einlass mit Materialbremse erleichtert den Austausch von Teilen bei Verschlei\u00df. Anpassbare Konstruktion f\u00fcr unterschiedliche Rohrdurchmesser.\" \/>\n<meta property=\"og:url\" content=\"https:\/\/centramec.com\/de\/produkter\/vakuumfordersysteme\/cemec-materialfoerderer-d400gf\/\" \/>\n<meta property=\"og:site_name\" content=\"Centramec\" \/>\n<meta property=\"article:modified_time\" content=\"2025-04-11T08:27:25+00:00\" \/>\n<meta property=\"og:image\" content=\"https:\/\/centramec.com\/wp-content\/uploads\/2025\/03\/Centramec_SKU35_Cemec-Materialtransportor-D400GF_2.jpg\" \/>\n\t<meta property=\"og:image:width\" content=\"1125\" \/>\n\t<meta property=\"og:image:height\" content=\"1500\" \/>\n\t<meta property=\"og:image:type\" content=\"image\/jpeg\" \/>\n<meta name=\"twitter:card\" content=\"summary_large_image\" \/>\n<script type=\"application\/ld+json\" class=\"yoast-schema-graph\">{\"@context\":\"https:\\\/\\\/schema.org\",\"@graph\":[{\"@type\":\"WebPage\",\"@id\":\"https:\\\/\\\/centramec.com\\\/de\\\/produkter\\\/vakuumfordersysteme\\\/cemec-materialfoerderer-d400gf\\\/\",\"url\":\"https:\\\/\\\/centramec.com\\\/de\\\/produkter\\\/vakuumfordersysteme\\\/cemec-materialfoerderer-d400gf\\\/\",\"name\":\"Cemec Materialf\u00f6rderer D400GF | Centramec\",\"isPartOf\":{\"@id\":\"https:\\\/\\\/centramec.com\\\/de\\\/#website\"},\"primaryImageOfPage\":{\"@id\":\"https:\\\/\\\/centramec.com\\\/de\\\/produkter\\\/vakuumfordersysteme\\\/cemec-materialfoerderer-d400gf\\\/#primaryimage\"},\"image\":{\"@id\":\"https:\\\/\\\/centramec.com\\\/de\\\/produkter\\\/vakuumfordersysteme\\\/cemec-materialfoerderer-d400gf\\\/#primaryimage\"},\"thumbnailUrl\":\"https:\\\/\\\/centramec.com\\\/wp-content\\\/uploads\\\/2025\\\/03\\\/Centramec_SKU35_Cemec-Materialtransportor-D400GF_2.jpg\",\"datePublished\":\"2025-04-04T08:03:20+00:00\",\"dateModified\":\"2025-04-11T08:27:25+00:00\",\"breadcrumb\":{\"@id\":\"https:\\\/\\\/centramec.com\\\/de\\\/produkter\\\/vakuumfordersysteme\\\/cemec-materialfoerderer-d400gf\\\/#breadcrumb\"},\"inLanguage\":\"de\",\"potentialAction\":[{\"@type\":\"ReadAction\",\"target\":[\"https:\\\/\\\/centramec.com\\\/de\\\/produkter\\\/vakuumfordersysteme\\\/cemec-materialfoerderer-d400gf\\\/\"]}]},{\"@type\":\"ImageObject\",\"inLanguage\":\"de\",\"@id\":\"https:\\\/\\\/centramec.com\\\/de\\\/produkter\\\/vakuumfordersysteme\\\/cemec-materialfoerderer-d400gf\\\/#primaryimage\",\"url\":\"https:\\\/\\\/centramec.com\\\/wp-content\\\/uploads\\\/2025\\\/03\\\/Centramec_SKU35_Cemec-Materialtransportor-D400GF_2.jpg\",\"contentUrl\":\"https:\\\/\\\/centramec.com\\\/wp-content\\\/uploads\\\/2025\\\/03\\\/Centramec_SKU35_Cemec-Materialtransportor-D400GF_2.jpg\",\"width\":1125,\"height\":1500,\"caption\":\"Cemec Materialf\u00f6rderer D400GF\"},{\"@type\":\"BreadcrumbList\",\"@id\":\"https:\\\/\\\/centramec.com\\\/de\\\/produkter\\\/vakuumfordersysteme\\\/cemec-materialfoerderer-d400gf\\\/#breadcrumb\",\"itemListElement\":[{\"@type\":\"ListItem\",\"position\":1,\"name\":\"Hem\",\"item\":\"https:\\\/\\\/centramec.com\\\/de\\\/\"},{\"@type\":\"ListItem\",\"position\":2,\"name\":\"Produkter\",\"item\":\"https:\\\/\\\/centramec.com\\\/produkter\\\/\"},{\"@type\":\"ListItem\",\"position\":3,\"name\":\"Cemec Materialf\u00f6rderer D400GF\"}]},{\"@type\":\"WebSite\",\"@id\":\"https:\\\/\\\/centramec.com\\\/de\\\/#website\",\"url\":\"https:\\\/\\\/centramec.com\\\/de\\\/\",\"name\":\"Centramec\",\"description\":\"Convey Dry and Dose Engineering Since 1978\",\"publisher\":{\"@id\":\"https:\\\/\\\/centramec.com\\\/de\\\/#organization\"},\"potentialAction\":[{\"@type\":\"SearchAction\",\"target\":{\"@type\":\"EntryPoint\",\"urlTemplate\":\"https:\\\/\\\/centramec.com\\\/de\\\/?s={search_term_string}\"},\"query-input\":{\"@type\":\"PropertyValueSpecification\",\"valueRequired\":true,\"valueName\":\"search_term_string\"}}],\"inLanguage\":\"de\"},{\"@type\":\"Organization\",\"@id\":\"https:\\\/\\\/centramec.com\\\/de\\\/#organization\",\"name\":\"Centramec\",\"url\":\"https:\\\/\\\/centramec.com\\\/de\\\/\",\"logo\":{\"@type\":\"ImageObject\",\"inLanguage\":\"de\",\"@id\":\"https:\\\/\\\/centramec.com\\\/de\\\/#\\\/schema\\\/logo\\\/image\\\/\",\"url\":\"https:\\\/\\\/centramec.com\\\/wp-content\\\/uploads\\\/2024\\\/11\\\/cropped-C_favikon_512px-1.png\",\"contentUrl\":\"https:\\\/\\\/centramec.com\\\/wp-content\\\/uploads\\\/2024\\\/11\\\/cropped-C_favikon_512px-1.png\",\"width\":512,\"height\":512,\"caption\":\"Centramec\"},\"image\":{\"@id\":\"https:\\\/\\\/centramec.com\\\/de\\\/#\\\/schema\\\/logo\\\/image\\\/\"},\"sameAs\":[\"https:\\\/\\\/www.linkedin.com\\\/company\\\/centramec-ab\",\"https:\\\/\\\/www.youtube.com\\\/@centramecAB\"]}]}<\/script>\n<!-- \/ Yoast SEO plugin. -->","yoast_head_json":{"title":"Cemec Materialf\u00f6rderer D400GF | Centramec","robots":{"index":"index","follow":"follow","max-snippet":"max-snippet:-1","max-image-preview":"max-image-preview:large","max-video-preview":"max-video-preview:-1"},"canonical":"https:\/\/centramec.com\/de\/produkter\/vakuumfordersysteme\/cemec-materialfoerderer-d400gf\/","og_locale":"de_DE","og_type":"article","og_title":"Cemec Materialf\u00f6rderer D400GF | Centramec","og_description":"Der Materialf\u00f6rderer D400GF von Cemec ist f\u00fcr das Handling von stark abrasivem F\u00f6rdergut wie beispielsweise Glasfasermaterial ausgelegt. Dickes Blech und eine Materialbremse am Einlassrohr minimieren den Verschlei\u00df. Der auswechselbare Einlass mit Materialbremse erleichtert den Austausch von Teilen bei Verschlei\u00df. Anpassbare Konstruktion f\u00fcr unterschiedliche Rohrdurchmesser.","og_url":"https:\/\/centramec.com\/de\/produkter\/vakuumfordersysteme\/cemec-materialfoerderer-d400gf\/","og_site_name":"Centramec","article_modified_time":"2025-04-11T08:27:25+00:00","og_image":[{"width":1125,"height":1500,"url":"https:\/\/centramec.com\/wp-content\/uploads\/2025\/03\/Centramec_SKU35_Cemec-Materialtransportor-D400GF_2.jpg","type":"image\/jpeg"}],"twitter_card":"summary_large_image","schema":{"@context":"https:\/\/schema.org","@graph":[{"@type":"WebPage","@id":"https:\/\/centramec.com\/de\/produkter\/vakuumfordersysteme\/cemec-materialfoerderer-d400gf\/","url":"https:\/\/centramec.com\/de\/produkter\/vakuumfordersysteme\/cemec-materialfoerderer-d400gf\/","name":"Cemec Materialf\u00f6rderer D400GF | Centramec","isPartOf":{"@id":"https:\/\/centramec.com\/de\/#website"},"primaryImageOfPage":{"@id":"https:\/\/centramec.com\/de\/produkter\/vakuumfordersysteme\/cemec-materialfoerderer-d400gf\/#primaryimage"},"image":{"@id":"https:\/\/centramec.com\/de\/produkter\/vakuumfordersysteme\/cemec-materialfoerderer-d400gf\/#primaryimage"},"thumbnailUrl":"https:\/\/centramec.com\/wp-content\/uploads\/2025\/03\/Centramec_SKU35_Cemec-Materialtransportor-D400GF_2.jpg","datePublished":"2025-04-04T08:03:20+00:00","dateModified":"2025-04-11T08:27:25+00:00","breadcrumb":{"@id":"https:\/\/centramec.com\/de\/produkter\/vakuumfordersysteme\/cemec-materialfoerderer-d400gf\/#breadcrumb"},"inLanguage":"de","potentialAction":[{"@type":"ReadAction","target":["https:\/\/centramec.com\/de\/produkter\/vakuumfordersysteme\/cemec-materialfoerderer-d400gf\/"]}]},{"@type":"ImageObject","inLanguage":"de","@id":"https:\/\/centramec.com\/de\/produkter\/vakuumfordersysteme\/cemec-materialfoerderer-d400gf\/#primaryimage","url":"https:\/\/centramec.com\/wp-content\/uploads\/2025\/03\/Centramec_SKU35_Cemec-Materialtransportor-D400GF_2.jpg","contentUrl":"https:\/\/centramec.com\/wp-content\/uploads\/2025\/03\/Centramec_SKU35_Cemec-Materialtransportor-D400GF_2.jpg","width":1125,"height":1500,"caption":"Cemec Materialf\u00f6rderer D400GF"},{"@type":"BreadcrumbList","@id":"https:\/\/centramec.com\/de\/produkter\/vakuumfordersysteme\/cemec-materialfoerderer-d400gf\/#breadcrumb","itemListElement":[{"@type":"ListItem","position":1,"name":"Hem","item":"https:\/\/centramec.com\/de\/"},{"@type":"ListItem","position":2,"name":"Produkter","item":"https:\/\/centramec.com\/produkter\/"},{"@type":"ListItem","position":3,"name":"Cemec Materialf\u00f6rderer D400GF"}]},{"@type":"WebSite","@id":"https:\/\/centramec.com\/de\/#website","url":"https:\/\/centramec.com\/de\/","name":"Centramec","description":"Convey Dry and Dose Engineering Since 1978","publisher":{"@id":"https:\/\/centramec.com\/de\/#organization"},"potentialAction":[{"@type":"SearchAction","target":{"@type":"EntryPoint","urlTemplate":"https:\/\/centramec.com\/de\/?s={search_term_string}"},"query-input":{"@type":"PropertyValueSpecification","valueRequired":true,"valueName":"search_term_string"}}],"inLanguage":"de"},{"@type":"Organization","@id":"https:\/\/centramec.com\/de\/#organization","name":"Centramec","url":"https:\/\/centramec.com\/de\/","logo":{"@type":"ImageObject","inLanguage":"de","@id":"https:\/\/centramec.com\/de\/#\/schema\/logo\/image\/","url":"https:\/\/centramec.com\/wp-content\/uploads\/2024\/11\/cropped-C_favikon_512px-1.png","contentUrl":"https:\/\/centramec.com\/wp-content\/uploads\/2024\/11\/cropped-C_favikon_512px-1.png","width":512,"height":512,"caption":"Centramec"},"image":{"@id":"https:\/\/centramec.com\/de\/#\/schema\/logo\/image\/"},"sameAs":["https:\/\/www.linkedin.com\/company\/centramec-ab","https:\/\/www.youtube.com\/@centramecAB"]}]}},"brands":[{"id":305,"name":"Cemec","slug":"cemec-de"}],"_links":{"self":[{"href":"https:\/\/centramec.com\/de\/wp-json\/wp\/v2\/product\/23174","targetHints":{"allow":["GET"]}}],"collection":[{"href":"https:\/\/centramec.com\/de\/wp-json\/wp\/v2\/product"}],"about":[{"href":"https:\/\/centramec.com\/de\/wp-json\/wp\/v2\/types\/product"}],"wp:featuredmedia":[{"embeddable":true,"href":"https:\/\/centramec.com\/de\/wp-json\/wp\/v2\/media\/21328"}],"wp:attachment":[{"href":"https:\/\/centramec.com\/de\/wp-json\/wp\/v2\/media?parent=23174"}],"wp:term":[{"taxonomy":"pwb-brand","embeddable":true,"href":"https:\/\/centramec.com\/de\/wp-json\/wp\/v2\/pwb-brand?post=23174"},{"taxonomy":"product_brand","embeddable":true,"href":"https:\/\/centramec.com\/de\/wp-json\/wp\/v2\/product_brand?post=23174"},{"taxonomy":"product_cat","embeddable":true,"href":"https:\/\/centramec.com\/de\/wp-json\/wp\/v2\/product_cat?post=23174"},{"taxonomy":"product_tag","embeddable":true,"href":"https:\/\/centramec.com\/de\/wp-json\/wp\/v2\/product_tag?post=23174"}],"curies":[{"name":"wp","href":"https:\/\/api.w.org\/{rel}","templated":true}]}}