{"id":23181,"date":"2025-04-03T17:39:35","date_gmt":"2025-04-03T15:39:35","guid":{"rendered":"https:\/\/centramec.com\/produkter\/unkategorisiert\/cemec-sackentleerer\/"},"modified":"2025-04-15T14:25:14","modified_gmt":"2025-04-15T12:25:14","slug":"cemec-sackentleerer","status":"publish","type":"product","link":"https:\/\/centramec.com\/de\/produkter\/sack-handling\/cemec-sackentleerer\/","title":{"rendered":"Cemec Sackentleerer"},"content":{"rendered":"","protected":false},"excerpt":{"rendered":"<p><span data-sheets-root=\"1\">Cemec-Beh\u00e4lter f\u00fcr die Sackentleerung. F\u00fcr effizientes manuelles Handling von kleineren S\u00e4cken oder Big Bags. Entleerung des Granulats durch Vakuum- oder Druckf\u00f6rderung, beispielsweise durch Einblasen in einen Tagestank oder in Silos. Der Sackentleerer l\u00e4sst sich mit einem Gestell f\u00fcr Big Bags oder einem Gitterrost f\u00fcr 25-kg-S\u00e4cke komplettieren. <\/span><\/p>\n<p>Zubeh\u00f6r:<br \/>\n&#8211; Sackgitterrost f\u00fcr 25-kg-S\u00e4cke<br \/>\n&#8211; Gestell und Hebetraverse f\u00fcr Big Bags<br \/>\n&#8211; Injektorrohr OK160<br \/>\n&#8211; Zellenradschleuse<br \/>\n&#8211; Absaugkasten<\/p>\n","protected":false},"featured_media":21214,"template":"","meta":{"_acf_changed":false},"pwb-brand":[305],"product_brand":[],"product_cat":[284],"product_tag":[],"class_list":{"0":"post-23181","1":"product","2":"type-product","3":"status-publish","4":"has-post-thumbnail","6":"pwb-brand-cemec-de","7":"product_cat-sack-handling","8":"description-off","10":"first","11":"instock","12":"shipping-taxable","13":"product-type-simple"},"acf":[],"yoast_head":"<!-- This site is optimized with the Yoast SEO plugin v27.3 - https:\/\/yoast.com\/product\/yoast-seo-wordpress\/ -->\n<title>Cemec Sackentleerer | Centramec<\/title>\n<meta name=\"robots\" content=\"index, follow, max-snippet:-1, max-image-preview:large, max-video-preview:-1\" \/>\n<link rel=\"canonical\" href=\"https:\/\/centramec.com\/de\/produkter\/sack-handling\/cemec-sackentleerer\/\" \/>\n<meta property=\"og:locale\" content=\"de_DE\" \/>\n<meta property=\"og:type\" content=\"article\" \/>\n<meta property=\"og:title\" content=\"Cemec Sackentleerer | Centramec\" \/>\n<meta property=\"og:description\" content=\"Cemec-Beh\u00e4lter f\u00fcr die Sackentleerung. F\u00fcr effizientes manuelles Handling von kleineren S\u00e4cken oder Big Bags. Entleerung des Granulats durch Vakuum- oder Druckf\u00f6rderung, beispielsweise durch Einblasen in einen Tagestank oder in Silos. Der Sackentleerer l\u00e4sst sich mit einem Gestell f\u00fcr Big Bags oder einem Gitterrost f\u00fcr 25-kg-S\u00e4cke komplettieren.   Zubeh\u00f6r: - Sackgitterrost f\u00fcr 25-kg-S\u00e4cke - Gestell und Hebetraverse f\u00fcr Big Bags - Injektorrohr OK160 - Zellenradschleuse - Absaugkasten\" \/>\n<meta property=\"og:url\" content=\"https:\/\/centramec.com\/de\/produkter\/sack-handling\/cemec-sackentleerer\/\" \/>\n<meta property=\"og:site_name\" content=\"Centramec\" \/>\n<meta property=\"article:modified_time\" content=\"2025-04-15T12:25:14+00:00\" \/>\n<meta property=\"og:image\" content=\"https:\/\/centramec.com\/wp-content\/uploads\/2025\/03\/Centramec_SKU12_Cemec-Sacktommare.jpg\" \/>\n\t<meta property=\"og:image:width\" content=\"1042\" \/>\n\t<meta property=\"og:image:height\" content=\"967\" \/>\n\t<meta property=\"og:image:type\" content=\"image\/jpeg\" \/>\n<meta name=\"twitter:card\" content=\"summary_large_image\" \/>\n<script type=\"application\/ld+json\" class=\"yoast-schema-graph\">{\"@context\":\"https:\\\/\\\/schema.org\",\"@graph\":[{\"@type\":\"WebPage\",\"@id\":\"https:\\\/\\\/centramec.com\\\/de\\\/produkter\\\/sack-handling\\\/cemec-sackentleerer\\\/\",\"url\":\"https:\\\/\\\/centramec.com\\\/de\\\/produkter\\\/sack-handling\\\/cemec-sackentleerer\\\/\",\"name\":\"Cemec Sackentleerer | Centramec\",\"isPartOf\":{\"@id\":\"https:\\\/\\\/centramec.com\\\/de\\\/#website\"},\"primaryImageOfPage\":{\"@id\":\"https:\\\/\\\/centramec.com\\\/de\\\/produkter\\\/sack-handling\\\/cemec-sackentleerer\\\/#primaryimage\"},\"image\":{\"@id\":\"https:\\\/\\\/centramec.com\\\/de\\\/produkter\\\/sack-handling\\\/cemec-sackentleerer\\\/#primaryimage\"},\"thumbnailUrl\":\"https:\\\/\\\/centramec.com\\\/wp-content\\\/uploads\\\/2025\\\/03\\\/Centramec_SKU12_Cemec-Sacktommare.jpg\",\"datePublished\":\"2025-04-03T15:39:35+00:00\",\"dateModified\":\"2025-04-15T12:25:14+00:00\",\"breadcrumb\":{\"@id\":\"https:\\\/\\\/centramec.com\\\/de\\\/produkter\\\/sack-handling\\\/cemec-sackentleerer\\\/#breadcrumb\"},\"inLanguage\":\"de\",\"potentialAction\":[{\"@type\":\"ReadAction\",\"target\":[\"https:\\\/\\\/centramec.com\\\/de\\\/produkter\\\/sack-handling\\\/cemec-sackentleerer\\\/\"]}]},{\"@type\":\"ImageObject\",\"inLanguage\":\"de\",\"@id\":\"https:\\\/\\\/centramec.com\\\/de\\\/produkter\\\/sack-handling\\\/cemec-sackentleerer\\\/#primaryimage\",\"url\":\"https:\\\/\\\/centramec.com\\\/wp-content\\\/uploads\\\/2025\\\/03\\\/Centramec_SKU12_Cemec-Sacktommare.jpg\",\"contentUrl\":\"https:\\\/\\\/centramec.com\\\/wp-content\\\/uploads\\\/2025\\\/03\\\/Centramec_SKU12_Cemec-Sacktommare.jpg\",\"width\":1042,\"height\":967,\"caption\":\"Beh\u00e4lter f\u00fcr die Sackentleerung\"},{\"@type\":\"BreadcrumbList\",\"@id\":\"https:\\\/\\\/centramec.com\\\/de\\\/produkter\\\/sack-handling\\\/cemec-sackentleerer\\\/#breadcrumb\",\"itemListElement\":[{\"@type\":\"ListItem\",\"position\":1,\"name\":\"Hem\",\"item\":\"https:\\\/\\\/centramec.com\\\/de\\\/\"},{\"@type\":\"ListItem\",\"position\":2,\"name\":\"Produkter\",\"item\":\"https:\\\/\\\/centramec.com\\\/produkter\\\/\"},{\"@type\":\"ListItem\",\"position\":3,\"name\":\"Cemec Sackentleerer\"}]},{\"@type\":\"WebSite\",\"@id\":\"https:\\\/\\\/centramec.com\\\/de\\\/#website\",\"url\":\"https:\\\/\\\/centramec.com\\\/de\\\/\",\"name\":\"Centramec\",\"description\":\"Convey Dry and Dose Engineering Since 1978\",\"publisher\":{\"@id\":\"https:\\\/\\\/centramec.com\\\/de\\\/#organization\"},\"potentialAction\":[{\"@type\":\"SearchAction\",\"target\":{\"@type\":\"EntryPoint\",\"urlTemplate\":\"https:\\\/\\\/centramec.com\\\/de\\\/?s={search_term_string}\"},\"query-input\":{\"@type\":\"PropertyValueSpecification\",\"valueRequired\":true,\"valueName\":\"search_term_string\"}}],\"inLanguage\":\"de\"},{\"@type\":\"Organization\",\"@id\":\"https:\\\/\\\/centramec.com\\\/de\\\/#organization\",\"name\":\"Centramec\",\"url\":\"https:\\\/\\\/centramec.com\\\/de\\\/\",\"logo\":{\"@type\":\"ImageObject\",\"inLanguage\":\"de\",\"@id\":\"https:\\\/\\\/centramec.com\\\/de\\\/#\\\/schema\\\/logo\\\/image\\\/\",\"url\":\"https:\\\/\\\/centramec.com\\\/wp-content\\\/uploads\\\/2024\\\/11\\\/cropped-C_favikon_512px-1.png\",\"contentUrl\":\"https:\\\/\\\/centramec.com\\\/wp-content\\\/uploads\\\/2024\\\/11\\\/cropped-C_favikon_512px-1.png\",\"width\":512,\"height\":512,\"caption\":\"Centramec\"},\"image\":{\"@id\":\"https:\\\/\\\/centramec.com\\\/de\\\/#\\\/schema\\\/logo\\\/image\\\/\"},\"sameAs\":[\"https:\\\/\\\/www.linkedin.com\\\/company\\\/centramec-ab\",\"https:\\\/\\\/www.youtube.com\\\/@centramecAB\"]}]}<\/script>\n<!-- \/ Yoast SEO plugin. -->","yoast_head_json":{"title":"Cemec Sackentleerer | Centramec","robots":{"index":"index","follow":"follow","max-snippet":"max-snippet:-1","max-image-preview":"max-image-preview:large","max-video-preview":"max-video-preview:-1"},"canonical":"https:\/\/centramec.com\/de\/produkter\/sack-handling\/cemec-sackentleerer\/","og_locale":"de_DE","og_type":"article","og_title":"Cemec Sackentleerer | Centramec","og_description":"Cemec-Beh\u00e4lter f\u00fcr die Sackentleerung. F\u00fcr effizientes manuelles Handling von kleineren S\u00e4cken oder Big Bags. Entleerung des Granulats durch Vakuum- oder Druckf\u00f6rderung, beispielsweise durch Einblasen in einen Tagestank oder in Silos. Der Sackentleerer l\u00e4sst sich mit einem Gestell f\u00fcr Big Bags oder einem Gitterrost f\u00fcr 25-kg-S\u00e4cke komplettieren.   Zubeh\u00f6r: - Sackgitterrost f\u00fcr 25-kg-S\u00e4cke - Gestell und Hebetraverse f\u00fcr Big Bags - Injektorrohr OK160 - Zellenradschleuse - Absaugkasten","og_url":"https:\/\/centramec.com\/de\/produkter\/sack-handling\/cemec-sackentleerer\/","og_site_name":"Centramec","article_modified_time":"2025-04-15T12:25:14+00:00","og_image":[{"width":1042,"height":967,"url":"https:\/\/centramec.com\/wp-content\/uploads\/2025\/03\/Centramec_SKU12_Cemec-Sacktommare.jpg","type":"image\/jpeg"}],"twitter_card":"summary_large_image","schema":{"@context":"https:\/\/schema.org","@graph":[{"@type":"WebPage","@id":"https:\/\/centramec.com\/de\/produkter\/sack-handling\/cemec-sackentleerer\/","url":"https:\/\/centramec.com\/de\/produkter\/sack-handling\/cemec-sackentleerer\/","name":"Cemec Sackentleerer | Centramec","isPartOf":{"@id":"https:\/\/centramec.com\/de\/#website"},"primaryImageOfPage":{"@id":"https:\/\/centramec.com\/de\/produkter\/sack-handling\/cemec-sackentleerer\/#primaryimage"},"image":{"@id":"https:\/\/centramec.com\/de\/produkter\/sack-handling\/cemec-sackentleerer\/#primaryimage"},"thumbnailUrl":"https:\/\/centramec.com\/wp-content\/uploads\/2025\/03\/Centramec_SKU12_Cemec-Sacktommare.jpg","datePublished":"2025-04-03T15:39:35+00:00","dateModified":"2025-04-15T12:25:14+00:00","breadcrumb":{"@id":"https:\/\/centramec.com\/de\/produkter\/sack-handling\/cemec-sackentleerer\/#breadcrumb"},"inLanguage":"de","potentialAction":[{"@type":"ReadAction","target":["https:\/\/centramec.com\/de\/produkter\/sack-handling\/cemec-sackentleerer\/"]}]},{"@type":"ImageObject","inLanguage":"de","@id":"https:\/\/centramec.com\/de\/produkter\/sack-handling\/cemec-sackentleerer\/#primaryimage","url":"https:\/\/centramec.com\/wp-content\/uploads\/2025\/03\/Centramec_SKU12_Cemec-Sacktommare.jpg","contentUrl":"https:\/\/centramec.com\/wp-content\/uploads\/2025\/03\/Centramec_SKU12_Cemec-Sacktommare.jpg","width":1042,"height":967,"caption":"Beh\u00e4lter f\u00fcr die Sackentleerung"},{"@type":"BreadcrumbList","@id":"https:\/\/centramec.com\/de\/produkter\/sack-handling\/cemec-sackentleerer\/#breadcrumb","itemListElement":[{"@type":"ListItem","position":1,"name":"Hem","item":"https:\/\/centramec.com\/de\/"},{"@type":"ListItem","position":2,"name":"Produkter","item":"https:\/\/centramec.com\/produkter\/"},{"@type":"ListItem","position":3,"name":"Cemec Sackentleerer"}]},{"@type":"WebSite","@id":"https:\/\/centramec.com\/de\/#website","url":"https:\/\/centramec.com\/de\/","name":"Centramec","description":"Convey Dry and Dose Engineering Since 1978","publisher":{"@id":"https:\/\/centramec.com\/de\/#organization"},"potentialAction":[{"@type":"SearchAction","target":{"@type":"EntryPoint","urlTemplate":"https:\/\/centramec.com\/de\/?s={search_term_string}"},"query-input":{"@type":"PropertyValueSpecification","valueRequired":true,"valueName":"search_term_string"}}],"inLanguage":"de"},{"@type":"Organization","@id":"https:\/\/centramec.com\/de\/#organization","name":"Centramec","url":"https:\/\/centramec.com\/de\/","logo":{"@type":"ImageObject","inLanguage":"de","@id":"https:\/\/centramec.com\/de\/#\/schema\/logo\/image\/","url":"https:\/\/centramec.com\/wp-content\/uploads\/2024\/11\/cropped-C_favikon_512px-1.png","contentUrl":"https:\/\/centramec.com\/wp-content\/uploads\/2024\/11\/cropped-C_favikon_512px-1.png","width":512,"height":512,"caption":"Centramec"},"image":{"@id":"https:\/\/centramec.com\/de\/#\/schema\/logo\/image\/"},"sameAs":["https:\/\/www.linkedin.com\/company\/centramec-ab","https:\/\/www.youtube.com\/@centramecAB"]}]}},"brands":[{"id":305,"name":"Cemec","slug":"cemec-de"}],"_links":{"self":[{"href":"https:\/\/centramec.com\/de\/wp-json\/wp\/v2\/product\/23181","targetHints":{"allow":["GET"]}}],"collection":[{"href":"https:\/\/centramec.com\/de\/wp-json\/wp\/v2\/product"}],"about":[{"href":"https:\/\/centramec.com\/de\/wp-json\/wp\/v2\/types\/product"}],"wp:featuredmedia":[{"embeddable":true,"href":"https:\/\/centramec.com\/de\/wp-json\/wp\/v2\/media\/21214"}],"wp:attachment":[{"href":"https:\/\/centramec.com\/de\/wp-json\/wp\/v2\/media?parent=23181"}],"wp:term":[{"taxonomy":"pwb-brand","embeddable":true,"href":"https:\/\/centramec.com\/de\/wp-json\/wp\/v2\/pwb-brand?post=23181"},{"taxonomy":"product_brand","embeddable":true,"href":"https:\/\/centramec.com\/de\/wp-json\/wp\/v2\/product_brand?post=23181"},{"taxonomy":"product_cat","embeddable":true,"href":"https:\/\/centramec.com\/de\/wp-json\/wp\/v2\/product_cat?post=23181"},{"taxonomy":"product_tag","embeddable":true,"href":"https:\/\/centramec.com\/de\/wp-json\/wp\/v2\/product_tag?post=23181"}],"curies":[{"name":"wp","href":"https:\/\/api.w.org\/{rel}","templated":true}]}}