{"id":23182,"date":"2025-04-04T09:54:32","date_gmt":"2025-04-04T07:54:32","guid":{"rendered":"https:\/\/centramec.com\/produkter\/unkategorisiert\/cemec-zentralsteuerung-cc-16\/"},"modified":"2025-04-11T10:28:55","modified_gmt":"2025-04-11T08:28:55","slug":"cemec-zentralsteuerung-cc-16","status":"publish","type":"product","link":"https:\/\/centramec.com\/de\/produkter\/sps-steuerungen\/cemec-zentralsteuerung-cc-16\/","title":{"rendered":"Cemec Zentralsteuerung CC 16"},"content":{"rendered":"<p><span data-sheets-root=\"1\">Technische Daten:<br \/>\n&#8211; Ma\u00dfe: 800x800x200 mm<br \/>\n&#8211; Geh\u00e4use: Schneider<br \/>\n&#8211; CPU: Siemens 1512<br \/>\n&#8211; Bedienfeld: Beijer X2 PRO<br \/>\n&#8211; Spannungsversorgung: 400 V, 50 Hz<br \/>\n&#8211; Max. Anzahl Stationen: 16<\/span><\/p>\n<p>Optionen:<br \/>\n&#8211; Frequenzumrichter f\u00fcr regelbare Pumpendrehzahl<br \/>\n&#8211; Angepasstes HMI f\u00fcr mehrere Systemseiten<br \/>\n&#8211; Drucksensor<br \/>\n&#8211; Individuelle Granulatf\u00f6rderung gegen Unterdruck<br \/>\n&#8211; Zus\u00e4tzliches Bedienfeld (10&#8243; oder 15&#8243;) in separatem Geh\u00e4use<br \/>\n&#8211; Alarmpanel 1500&#215;300 mm<br \/>\n&#8211; TV-Monitor<br \/>\n&#8211; Blaues Blinklicht<br \/>\n&#8211; Netzwerkanschluss<br \/>\n&#8211; Remote-Verbindung<br \/>\n&#8211; Codierte Kupplungen<br \/>\n&#8211; Chargenverfolgung<br \/>\n&#8211; QR-Scanner<br \/>\n&#8211; Automatischer Kupplungsbahnhof<br \/>\n&#8211; Silo\u00fcberwachung<br \/>\n&#8211; Steuerung von Trocknern oder Chargenmischern<\/p>\n","protected":false},"excerpt":{"rendered":"<p><span data-sheets-root=\"1\">Benutzerfreundliche und betriebssichere Steuerung f\u00fcr 8-16 Vakuumstationen. Die CC-Serie von Cemec ist ein leistungsstarkes Steuerungssystem mit zahlreichen verschiedenen Funktionen. Das zuverl\u00e4ssige System bietet mehrere w\u00e4hlbare Optionen. Die Basisversion ist SPS-basiert und jede Steuerung l\u00e4sst sich auf die n\u00e4chstgr\u00f6\u00dfere Version erweitern. Ein 10&#8243;-Touchscreen mit deutlichen Symbolen visualisiert den Betrieb f\u00fcr den Benutzer. <\/span><\/p>\n","protected":false},"featured_media":21313,"template":"","meta":{"_acf_changed":false},"pwb-brand":[305],"product_brand":[],"product_cat":[279],"product_tag":[],"class_list":{"0":"post-23182","1":"product","2":"type-product","3":"status-publish","4":"has-post-thumbnail","6":"pwb-brand-cemec-de","7":"product_cat-sps-steuerungen","8":"description-off","10":"first","11":"instock","12":"shipping-taxable","13":"product-type-simple"},"acf":[],"yoast_head":"<!-- This site is optimized with the Yoast SEO plugin v27.3 - https:\/\/yoast.com\/product\/yoast-seo-wordpress\/ -->\n<title>Cemec Zentralsteuerung CC 16 | Centramec<\/title>\n<meta name=\"robots\" content=\"index, follow, max-snippet:-1, max-image-preview:large, max-video-preview:-1\" \/>\n<link rel=\"canonical\" href=\"https:\/\/centramec.com\/de\/produkter\/sps-steuerungen\/cemec-zentralsteuerung-cc-16\/\" \/>\n<meta property=\"og:locale\" content=\"de_DE\" \/>\n<meta property=\"og:type\" content=\"article\" \/>\n<meta property=\"og:title\" content=\"Cemec Zentralsteuerung CC 16 | Centramec\" \/>\n<meta property=\"og:description\" content=\"Benutzerfreundliche und betriebssichere Steuerung f\u00fcr 8-16 Vakuumstationen. Die CC-Serie von Cemec ist ein leistungsstarkes Steuerungssystem mit zahlreichen verschiedenen Funktionen. Das zuverl\u00e4ssige System bietet mehrere w\u00e4hlbare Optionen. Die Basisversion ist SPS-basiert und jede Steuerung l\u00e4sst sich auf die n\u00e4chstgr\u00f6\u00dfere Version erweitern. Ein 10&quot;-Touchscreen mit deutlichen Symbolen visualisiert den Betrieb f\u00fcr den Benutzer.\" \/>\n<meta property=\"og:url\" content=\"https:\/\/centramec.com\/de\/produkter\/sps-steuerungen\/cemec-zentralsteuerung-cc-16\/\" \/>\n<meta property=\"og:site_name\" content=\"Centramec\" \/>\n<meta property=\"article:modified_time\" content=\"2025-04-11T08:28:55+00:00\" \/>\n<meta property=\"og:image\" content=\"https:\/\/centramec.com\/wp-content\/uploads\/2025\/03\/Centramec_SKU31_Cemec-Centralstyrning-CC-16.jpg\" \/>\n\t<meta property=\"og:image:width\" content=\"1080\" \/>\n\t<meta property=\"og:image:height\" content=\"635\" \/>\n\t<meta property=\"og:image:type\" content=\"image\/jpeg\" \/>\n<meta name=\"twitter:card\" content=\"summary_large_image\" \/>\n<script type=\"application\/ld+json\" class=\"yoast-schema-graph\">{\"@context\":\"https:\\\/\\\/schema.org\",\"@graph\":[{\"@type\":\"WebPage\",\"@id\":\"https:\\\/\\\/centramec.com\\\/de\\\/produkter\\\/sps-steuerungen\\\/cemec-zentralsteuerung-cc-16\\\/\",\"url\":\"https:\\\/\\\/centramec.com\\\/de\\\/produkter\\\/sps-steuerungen\\\/cemec-zentralsteuerung-cc-16\\\/\",\"name\":\"Cemec Zentralsteuerung CC 16 | Centramec\",\"isPartOf\":{\"@id\":\"https:\\\/\\\/centramec.com\\\/de\\\/#website\"},\"primaryImageOfPage\":{\"@id\":\"https:\\\/\\\/centramec.com\\\/de\\\/produkter\\\/sps-steuerungen\\\/cemec-zentralsteuerung-cc-16\\\/#primaryimage\"},\"image\":{\"@id\":\"https:\\\/\\\/centramec.com\\\/de\\\/produkter\\\/sps-steuerungen\\\/cemec-zentralsteuerung-cc-16\\\/#primaryimage\"},\"thumbnailUrl\":\"https:\\\/\\\/centramec.com\\\/wp-content\\\/uploads\\\/2025\\\/03\\\/Centramec_SKU31_Cemec-Centralstyrning-CC-16.jpg\",\"datePublished\":\"2025-04-04T07:54:32+00:00\",\"dateModified\":\"2025-04-11T08:28:55+00:00\",\"breadcrumb\":{\"@id\":\"https:\\\/\\\/centramec.com\\\/de\\\/produkter\\\/sps-steuerungen\\\/cemec-zentralsteuerung-cc-16\\\/#breadcrumb\"},\"inLanguage\":\"de\",\"potentialAction\":[{\"@type\":\"ReadAction\",\"target\":[\"https:\\\/\\\/centramec.com\\\/de\\\/produkter\\\/sps-steuerungen\\\/cemec-zentralsteuerung-cc-16\\\/\"]}]},{\"@type\":\"ImageObject\",\"inLanguage\":\"de\",\"@id\":\"https:\\\/\\\/centramec.com\\\/de\\\/produkter\\\/sps-steuerungen\\\/cemec-zentralsteuerung-cc-16\\\/#primaryimage\",\"url\":\"https:\\\/\\\/centramec.com\\\/wp-content\\\/uploads\\\/2025\\\/03\\\/Centramec_SKU31_Cemec-Centralstyrning-CC-16.jpg\",\"contentUrl\":\"https:\\\/\\\/centramec.com\\\/wp-content\\\/uploads\\\/2025\\\/03\\\/Centramec_SKU31_Cemec-Centralstyrning-CC-16.jpg\",\"width\":1080,\"height\":635,\"caption\":\"Cemec Zentralsteuerung CC 16\"},{\"@type\":\"BreadcrumbList\",\"@id\":\"https:\\\/\\\/centramec.com\\\/de\\\/produkter\\\/sps-steuerungen\\\/cemec-zentralsteuerung-cc-16\\\/#breadcrumb\",\"itemListElement\":[{\"@type\":\"ListItem\",\"position\":1,\"name\":\"Hem\",\"item\":\"https:\\\/\\\/centramec.com\\\/de\\\/\"},{\"@type\":\"ListItem\",\"position\":2,\"name\":\"Produkter\",\"item\":\"https:\\\/\\\/centramec.com\\\/produkter\\\/\"},{\"@type\":\"ListItem\",\"position\":3,\"name\":\"Cemec Zentralsteuerung CC 16\"}]},{\"@type\":\"WebSite\",\"@id\":\"https:\\\/\\\/centramec.com\\\/de\\\/#website\",\"url\":\"https:\\\/\\\/centramec.com\\\/de\\\/\",\"name\":\"Centramec\",\"description\":\"Convey Dry and Dose Engineering Since 1978\",\"publisher\":{\"@id\":\"https:\\\/\\\/centramec.com\\\/de\\\/#organization\"},\"potentialAction\":[{\"@type\":\"SearchAction\",\"target\":{\"@type\":\"EntryPoint\",\"urlTemplate\":\"https:\\\/\\\/centramec.com\\\/de\\\/?s={search_term_string}\"},\"query-input\":{\"@type\":\"PropertyValueSpecification\",\"valueRequired\":true,\"valueName\":\"search_term_string\"}}],\"inLanguage\":\"de\"},{\"@type\":\"Organization\",\"@id\":\"https:\\\/\\\/centramec.com\\\/de\\\/#organization\",\"name\":\"Centramec\",\"url\":\"https:\\\/\\\/centramec.com\\\/de\\\/\",\"logo\":{\"@type\":\"ImageObject\",\"inLanguage\":\"de\",\"@id\":\"https:\\\/\\\/centramec.com\\\/de\\\/#\\\/schema\\\/logo\\\/image\\\/\",\"url\":\"https:\\\/\\\/centramec.com\\\/wp-content\\\/uploads\\\/2024\\\/11\\\/cropped-C_favikon_512px-1.png\",\"contentUrl\":\"https:\\\/\\\/centramec.com\\\/wp-content\\\/uploads\\\/2024\\\/11\\\/cropped-C_favikon_512px-1.png\",\"width\":512,\"height\":512,\"caption\":\"Centramec\"},\"image\":{\"@id\":\"https:\\\/\\\/centramec.com\\\/de\\\/#\\\/schema\\\/logo\\\/image\\\/\"},\"sameAs\":[\"https:\\\/\\\/www.linkedin.com\\\/company\\\/centramec-ab\",\"https:\\\/\\\/www.youtube.com\\\/@centramecAB\"]}]}<\/script>\n<!-- \/ Yoast SEO plugin. -->","yoast_head_json":{"title":"Cemec Zentralsteuerung CC 16 | Centramec","robots":{"index":"index","follow":"follow","max-snippet":"max-snippet:-1","max-image-preview":"max-image-preview:large","max-video-preview":"max-video-preview:-1"},"canonical":"https:\/\/centramec.com\/de\/produkter\/sps-steuerungen\/cemec-zentralsteuerung-cc-16\/","og_locale":"de_DE","og_type":"article","og_title":"Cemec Zentralsteuerung CC 16 | Centramec","og_description":"Benutzerfreundliche und betriebssichere Steuerung f\u00fcr 8-16 Vakuumstationen. Die CC-Serie von Cemec ist ein leistungsstarkes Steuerungssystem mit zahlreichen verschiedenen Funktionen. Das zuverl\u00e4ssige System bietet mehrere w\u00e4hlbare Optionen. Die Basisversion ist SPS-basiert und jede Steuerung l\u00e4sst sich auf die n\u00e4chstgr\u00f6\u00dfere Version erweitern. Ein 10\"-Touchscreen mit deutlichen Symbolen visualisiert den Betrieb f\u00fcr den Benutzer.","og_url":"https:\/\/centramec.com\/de\/produkter\/sps-steuerungen\/cemec-zentralsteuerung-cc-16\/","og_site_name":"Centramec","article_modified_time":"2025-04-11T08:28:55+00:00","og_image":[{"width":1080,"height":635,"url":"https:\/\/centramec.com\/wp-content\/uploads\/2025\/03\/Centramec_SKU31_Cemec-Centralstyrning-CC-16.jpg","type":"image\/jpeg"}],"twitter_card":"summary_large_image","schema":{"@context":"https:\/\/schema.org","@graph":[{"@type":"WebPage","@id":"https:\/\/centramec.com\/de\/produkter\/sps-steuerungen\/cemec-zentralsteuerung-cc-16\/","url":"https:\/\/centramec.com\/de\/produkter\/sps-steuerungen\/cemec-zentralsteuerung-cc-16\/","name":"Cemec Zentralsteuerung CC 16 | Centramec","isPartOf":{"@id":"https:\/\/centramec.com\/de\/#website"},"primaryImageOfPage":{"@id":"https:\/\/centramec.com\/de\/produkter\/sps-steuerungen\/cemec-zentralsteuerung-cc-16\/#primaryimage"},"image":{"@id":"https:\/\/centramec.com\/de\/produkter\/sps-steuerungen\/cemec-zentralsteuerung-cc-16\/#primaryimage"},"thumbnailUrl":"https:\/\/centramec.com\/wp-content\/uploads\/2025\/03\/Centramec_SKU31_Cemec-Centralstyrning-CC-16.jpg","datePublished":"2025-04-04T07:54:32+00:00","dateModified":"2025-04-11T08:28:55+00:00","breadcrumb":{"@id":"https:\/\/centramec.com\/de\/produkter\/sps-steuerungen\/cemec-zentralsteuerung-cc-16\/#breadcrumb"},"inLanguage":"de","potentialAction":[{"@type":"ReadAction","target":["https:\/\/centramec.com\/de\/produkter\/sps-steuerungen\/cemec-zentralsteuerung-cc-16\/"]}]},{"@type":"ImageObject","inLanguage":"de","@id":"https:\/\/centramec.com\/de\/produkter\/sps-steuerungen\/cemec-zentralsteuerung-cc-16\/#primaryimage","url":"https:\/\/centramec.com\/wp-content\/uploads\/2025\/03\/Centramec_SKU31_Cemec-Centralstyrning-CC-16.jpg","contentUrl":"https:\/\/centramec.com\/wp-content\/uploads\/2025\/03\/Centramec_SKU31_Cemec-Centralstyrning-CC-16.jpg","width":1080,"height":635,"caption":"Cemec Zentralsteuerung CC 16"},{"@type":"BreadcrumbList","@id":"https:\/\/centramec.com\/de\/produkter\/sps-steuerungen\/cemec-zentralsteuerung-cc-16\/#breadcrumb","itemListElement":[{"@type":"ListItem","position":1,"name":"Hem","item":"https:\/\/centramec.com\/de\/"},{"@type":"ListItem","position":2,"name":"Produkter","item":"https:\/\/centramec.com\/produkter\/"},{"@type":"ListItem","position":3,"name":"Cemec Zentralsteuerung CC 16"}]},{"@type":"WebSite","@id":"https:\/\/centramec.com\/de\/#website","url":"https:\/\/centramec.com\/de\/","name":"Centramec","description":"Convey Dry and Dose Engineering Since 1978","publisher":{"@id":"https:\/\/centramec.com\/de\/#organization"},"potentialAction":[{"@type":"SearchAction","target":{"@type":"EntryPoint","urlTemplate":"https:\/\/centramec.com\/de\/?s={search_term_string}"},"query-input":{"@type":"PropertyValueSpecification","valueRequired":true,"valueName":"search_term_string"}}],"inLanguage":"de"},{"@type":"Organization","@id":"https:\/\/centramec.com\/de\/#organization","name":"Centramec","url":"https:\/\/centramec.com\/de\/","logo":{"@type":"ImageObject","inLanguage":"de","@id":"https:\/\/centramec.com\/de\/#\/schema\/logo\/image\/","url":"https:\/\/centramec.com\/wp-content\/uploads\/2024\/11\/cropped-C_favikon_512px-1.png","contentUrl":"https:\/\/centramec.com\/wp-content\/uploads\/2024\/11\/cropped-C_favikon_512px-1.png","width":512,"height":512,"caption":"Centramec"},"image":{"@id":"https:\/\/centramec.com\/de\/#\/schema\/logo\/image\/"},"sameAs":["https:\/\/www.linkedin.com\/company\/centramec-ab","https:\/\/www.youtube.com\/@centramecAB"]}]}},"brands":[{"id":305,"name":"Cemec","slug":"cemec-de"}],"_links":{"self":[{"href":"https:\/\/centramec.com\/de\/wp-json\/wp\/v2\/product\/23182","targetHints":{"allow":["GET"]}}],"collection":[{"href":"https:\/\/centramec.com\/de\/wp-json\/wp\/v2\/product"}],"about":[{"href":"https:\/\/centramec.com\/de\/wp-json\/wp\/v2\/types\/product"}],"wp:featuredmedia":[{"embeddable":true,"href":"https:\/\/centramec.com\/de\/wp-json\/wp\/v2\/media\/21313"}],"wp:attachment":[{"href":"https:\/\/centramec.com\/de\/wp-json\/wp\/v2\/media?parent=23182"}],"wp:term":[{"taxonomy":"pwb-brand","embeddable":true,"href":"https:\/\/centramec.com\/de\/wp-json\/wp\/v2\/pwb-brand?post=23182"},{"taxonomy":"product_brand","embeddable":true,"href":"https:\/\/centramec.com\/de\/wp-json\/wp\/v2\/product_brand?post=23182"},{"taxonomy":"product_cat","embeddable":true,"href":"https:\/\/centramec.com\/de\/wp-json\/wp\/v2\/product_cat?post=23182"},{"taxonomy":"product_tag","embeddable":true,"href":"https:\/\/centramec.com\/de\/wp-json\/wp\/v2\/product_tag?post=23182"}],"curies":[{"name":"wp","href":"https:\/\/api.w.org\/{rel}","templated":true}]}}