{"id":23186,"date":"2025-04-07T11:06:54","date_gmt":"2025-04-07T09:06:54","guid":{"rendered":"https:\/\/centramec.com\/produkter\/unkategorisiert\/plastic-systems-dwcompact-serie\/"},"modified":"2025-04-11T10:52:19","modified_gmt":"2025-04-11T08:52:19","slug":"plastic-systems-dwcompact-serie","status":"publish","type":"product","link":"https:\/\/centramec.com\/de\/produkter\/trockenlufttrockner\/plastic-systems-dwcompact-serie\/","title":{"rendered":"Plastic Systems DWCompact-Serie"},"content":{"rendered":"","protected":false},"excerpt":{"rendered":"<p><span data-sheets-root=\"1\">Das Loss-in-Weight-Trocknermodell DWCompact von Plastic Systems ist mit HoneyComb-Rotortechnik ausgestattet und eignet sich damit ideal f\u00fcr die Trocknung von Kunststoffmaterialien. Zusammen mit der Loss-in-Weight-Funktion verfolgt der Mikroprozessor den Verbrauch des Materials \u00fcber die Gewichtsreduzierung im Laufe der Zeit und \u00fcberwacht die interne Bef\u00fcllung des Trocknungsbeh\u00e4lters sowie die Verarbeitungsmaschine, was den Trockenlufttrockner ideal f\u00fcr diejenigen macht, die volle Kontrolle \u00fcber ihren Trocknungsprozess ben\u00f6tigen. Mit der Rotortechnik der DWC-Serie von Plastic Systems h\u00e4lt der Trockner einen konstanten Taupunkt bis zu -50 \u00b0C, bei einem regelbaren Luftstrom von 40 bis 300 m3\/h. <\/span><\/p>\n","protected":false},"featured_media":21628,"template":"","meta":{"_acf_changed":false},"pwb-brand":[306],"product_brand":[],"product_cat":[286],"product_tag":[],"class_list":{"0":"post-23186","1":"product","2":"type-product","3":"status-publish","4":"has-post-thumbnail","6":"pwb-brand-plastic-systems-de","7":"product_cat-trockenlufttrockner","8":"description-off","10":"first","11":"instock","12":"shipping-taxable","13":"product-type-simple"},"acf":[],"yoast_head":"<!-- This site is optimized with the Yoast SEO plugin v27.3 - https:\/\/yoast.com\/product\/yoast-seo-wordpress\/ -->\n<title>Plastic Systems DWCompact-Serie | Centramec<\/title>\n<meta name=\"robots\" content=\"index, follow, max-snippet:-1, max-image-preview:large, max-video-preview:-1\" \/>\n<link rel=\"canonical\" href=\"https:\/\/centramec.com\/de\/produkter\/trockenlufttrockner\/plastic-systems-dwcompact-serie\/\" \/>\n<meta property=\"og:locale\" content=\"de_DE\" \/>\n<meta property=\"og:type\" content=\"article\" \/>\n<meta property=\"og:title\" content=\"Plastic Systems DWCompact-Serie | Centramec\" \/>\n<meta property=\"og:description\" content=\"Das Loss-in-Weight-Trocknermodell DWCompact von Plastic Systems ist mit HoneyComb-Rotortechnik ausgestattet und eignet sich damit ideal f\u00fcr die Trocknung von Kunststoffmaterialien. Zusammen mit der Loss-in-Weight-Funktion verfolgt der Mikroprozessor den Verbrauch des Materials \u00fcber die Gewichtsreduzierung im Laufe der Zeit und \u00fcberwacht die interne Bef\u00fcllung des Trocknungsbeh\u00e4lters sowie die Verarbeitungsmaschine, was den Trockenlufttrockner ideal f\u00fcr diejenigen macht, die volle Kontrolle \u00fcber ihren Trocknungsprozess ben\u00f6tigen. Mit der Rotortechnik der DWC-Serie von Plastic Systems h\u00e4lt der Trockner einen konstanten Taupunkt bis zu -50 \u00b0C, bei einem regelbaren Luftstrom von 40 bis 300 m3\/h.\" \/>\n<meta property=\"og:url\" content=\"https:\/\/centramec.com\/de\/produkter\/trockenlufttrockner\/plastic-systems-dwcompact-serie\/\" \/>\n<meta property=\"og:site_name\" content=\"Centramec\" \/>\n<meta property=\"article:modified_time\" content=\"2025-04-11T08:52:19+00:00\" \/>\n<meta property=\"og:image\" content=\"https:\/\/centramec.com\/wp-content\/uploads\/2025\/03\/Centramec_SKU89_Plastic-Systems-DWCompact-serien.jpg\" \/>\n\t<meta property=\"og:image:width\" content=\"510\" \/>\n\t<meta property=\"og:image:height\" content=\"754\" \/>\n\t<meta property=\"og:image:type\" content=\"image\/jpeg\" \/>\n<meta name=\"twitter:card\" content=\"summary_large_image\" \/>\n<script type=\"application\/ld+json\" class=\"yoast-schema-graph\">{\"@context\":\"https:\\\/\\\/schema.org\",\"@graph\":[{\"@type\":\"WebPage\",\"@id\":\"https:\\\/\\\/centramec.com\\\/de\\\/produkter\\\/trockenlufttrockner\\\/plastic-systems-dwcompact-serie\\\/\",\"url\":\"https:\\\/\\\/centramec.com\\\/de\\\/produkter\\\/trockenlufttrockner\\\/plastic-systems-dwcompact-serie\\\/\",\"name\":\"Plastic Systems DWCompact-Serie | Centramec\",\"isPartOf\":{\"@id\":\"https:\\\/\\\/centramec.com\\\/de\\\/#website\"},\"primaryImageOfPage\":{\"@id\":\"https:\\\/\\\/centramec.com\\\/de\\\/produkter\\\/trockenlufttrockner\\\/plastic-systems-dwcompact-serie\\\/#primaryimage\"},\"image\":{\"@id\":\"https:\\\/\\\/centramec.com\\\/de\\\/produkter\\\/trockenlufttrockner\\\/plastic-systems-dwcompact-serie\\\/#primaryimage\"},\"thumbnailUrl\":\"https:\\\/\\\/centramec.com\\\/wp-content\\\/uploads\\\/2025\\\/03\\\/Centramec_SKU89_Plastic-Systems-DWCompact-serien.jpg\",\"datePublished\":\"2025-04-07T09:06:54+00:00\",\"dateModified\":\"2025-04-11T08:52:19+00:00\",\"breadcrumb\":{\"@id\":\"https:\\\/\\\/centramec.com\\\/de\\\/produkter\\\/trockenlufttrockner\\\/plastic-systems-dwcompact-serie\\\/#breadcrumb\"},\"inLanguage\":\"de\",\"potentialAction\":[{\"@type\":\"ReadAction\",\"target\":[\"https:\\\/\\\/centramec.com\\\/de\\\/produkter\\\/trockenlufttrockner\\\/plastic-systems-dwcompact-serie\\\/\"]}]},{\"@type\":\"ImageObject\",\"inLanguage\":\"de\",\"@id\":\"https:\\\/\\\/centramec.com\\\/de\\\/produkter\\\/trockenlufttrockner\\\/plastic-systems-dwcompact-serie\\\/#primaryimage\",\"url\":\"https:\\\/\\\/centramec.com\\\/wp-content\\\/uploads\\\/2025\\\/03\\\/Centramec_SKU89_Plastic-Systems-DWCompact-serien.jpg\",\"contentUrl\":\"https:\\\/\\\/centramec.com\\\/wp-content\\\/uploads\\\/2025\\\/03\\\/Centramec_SKU89_Plastic-Systems-DWCompact-serien.jpg\",\"width\":510,\"height\":754,\"caption\":\"Plastic Systems DWCompact-Serie\"},{\"@type\":\"BreadcrumbList\",\"@id\":\"https:\\\/\\\/centramec.com\\\/de\\\/produkter\\\/trockenlufttrockner\\\/plastic-systems-dwcompact-serie\\\/#breadcrumb\",\"itemListElement\":[{\"@type\":\"ListItem\",\"position\":1,\"name\":\"Hem\",\"item\":\"https:\\\/\\\/centramec.com\\\/de\\\/\"},{\"@type\":\"ListItem\",\"position\":2,\"name\":\"Produkter\",\"item\":\"https:\\\/\\\/centramec.com\\\/produkter\\\/\"},{\"@type\":\"ListItem\",\"position\":3,\"name\":\"Plastic Systems DWCompact-Serie\"}]},{\"@type\":\"WebSite\",\"@id\":\"https:\\\/\\\/centramec.com\\\/de\\\/#website\",\"url\":\"https:\\\/\\\/centramec.com\\\/de\\\/\",\"name\":\"Centramec\",\"description\":\"Convey Dry and Dose Engineering Since 1978\",\"publisher\":{\"@id\":\"https:\\\/\\\/centramec.com\\\/de\\\/#organization\"},\"potentialAction\":[{\"@type\":\"SearchAction\",\"target\":{\"@type\":\"EntryPoint\",\"urlTemplate\":\"https:\\\/\\\/centramec.com\\\/de\\\/?s={search_term_string}\"},\"query-input\":{\"@type\":\"PropertyValueSpecification\",\"valueRequired\":true,\"valueName\":\"search_term_string\"}}],\"inLanguage\":\"de\"},{\"@type\":\"Organization\",\"@id\":\"https:\\\/\\\/centramec.com\\\/de\\\/#organization\",\"name\":\"Centramec\",\"url\":\"https:\\\/\\\/centramec.com\\\/de\\\/\",\"logo\":{\"@type\":\"ImageObject\",\"inLanguage\":\"de\",\"@id\":\"https:\\\/\\\/centramec.com\\\/de\\\/#\\\/schema\\\/logo\\\/image\\\/\",\"url\":\"https:\\\/\\\/centramec.com\\\/wp-content\\\/uploads\\\/2024\\\/11\\\/cropped-C_favikon_512px-1.png\",\"contentUrl\":\"https:\\\/\\\/centramec.com\\\/wp-content\\\/uploads\\\/2024\\\/11\\\/cropped-C_favikon_512px-1.png\",\"width\":512,\"height\":512,\"caption\":\"Centramec\"},\"image\":{\"@id\":\"https:\\\/\\\/centramec.com\\\/de\\\/#\\\/schema\\\/logo\\\/image\\\/\"},\"sameAs\":[\"https:\\\/\\\/www.linkedin.com\\\/company\\\/centramec-ab\",\"https:\\\/\\\/www.youtube.com\\\/@centramecAB\"]}]}<\/script>\n<!-- \/ Yoast SEO plugin. -->","yoast_head_json":{"title":"Plastic Systems DWCompact-Serie | Centramec","robots":{"index":"index","follow":"follow","max-snippet":"max-snippet:-1","max-image-preview":"max-image-preview:large","max-video-preview":"max-video-preview:-1"},"canonical":"https:\/\/centramec.com\/de\/produkter\/trockenlufttrockner\/plastic-systems-dwcompact-serie\/","og_locale":"de_DE","og_type":"article","og_title":"Plastic Systems DWCompact-Serie | Centramec","og_description":"Das Loss-in-Weight-Trocknermodell DWCompact von Plastic Systems ist mit HoneyComb-Rotortechnik ausgestattet und eignet sich damit ideal f\u00fcr die Trocknung von Kunststoffmaterialien. Zusammen mit der Loss-in-Weight-Funktion verfolgt der Mikroprozessor den Verbrauch des Materials \u00fcber die Gewichtsreduzierung im Laufe der Zeit und \u00fcberwacht die interne Bef\u00fcllung des Trocknungsbeh\u00e4lters sowie die Verarbeitungsmaschine, was den Trockenlufttrockner ideal f\u00fcr diejenigen macht, die volle Kontrolle \u00fcber ihren Trocknungsprozess ben\u00f6tigen. Mit der Rotortechnik der DWC-Serie von Plastic Systems h\u00e4lt der Trockner einen konstanten Taupunkt bis zu -50 \u00b0C, bei einem regelbaren Luftstrom von 40 bis 300 m3\/h.","og_url":"https:\/\/centramec.com\/de\/produkter\/trockenlufttrockner\/plastic-systems-dwcompact-serie\/","og_site_name":"Centramec","article_modified_time":"2025-04-11T08:52:19+00:00","og_image":[{"width":510,"height":754,"url":"https:\/\/centramec.com\/wp-content\/uploads\/2025\/03\/Centramec_SKU89_Plastic-Systems-DWCompact-serien.jpg","type":"image\/jpeg"}],"twitter_card":"summary_large_image","schema":{"@context":"https:\/\/schema.org","@graph":[{"@type":"WebPage","@id":"https:\/\/centramec.com\/de\/produkter\/trockenlufttrockner\/plastic-systems-dwcompact-serie\/","url":"https:\/\/centramec.com\/de\/produkter\/trockenlufttrockner\/plastic-systems-dwcompact-serie\/","name":"Plastic Systems DWCompact-Serie | Centramec","isPartOf":{"@id":"https:\/\/centramec.com\/de\/#website"},"primaryImageOfPage":{"@id":"https:\/\/centramec.com\/de\/produkter\/trockenlufttrockner\/plastic-systems-dwcompact-serie\/#primaryimage"},"image":{"@id":"https:\/\/centramec.com\/de\/produkter\/trockenlufttrockner\/plastic-systems-dwcompact-serie\/#primaryimage"},"thumbnailUrl":"https:\/\/centramec.com\/wp-content\/uploads\/2025\/03\/Centramec_SKU89_Plastic-Systems-DWCompact-serien.jpg","datePublished":"2025-04-07T09:06:54+00:00","dateModified":"2025-04-11T08:52:19+00:00","breadcrumb":{"@id":"https:\/\/centramec.com\/de\/produkter\/trockenlufttrockner\/plastic-systems-dwcompact-serie\/#breadcrumb"},"inLanguage":"de","potentialAction":[{"@type":"ReadAction","target":["https:\/\/centramec.com\/de\/produkter\/trockenlufttrockner\/plastic-systems-dwcompact-serie\/"]}]},{"@type":"ImageObject","inLanguage":"de","@id":"https:\/\/centramec.com\/de\/produkter\/trockenlufttrockner\/plastic-systems-dwcompact-serie\/#primaryimage","url":"https:\/\/centramec.com\/wp-content\/uploads\/2025\/03\/Centramec_SKU89_Plastic-Systems-DWCompact-serien.jpg","contentUrl":"https:\/\/centramec.com\/wp-content\/uploads\/2025\/03\/Centramec_SKU89_Plastic-Systems-DWCompact-serien.jpg","width":510,"height":754,"caption":"Plastic Systems DWCompact-Serie"},{"@type":"BreadcrumbList","@id":"https:\/\/centramec.com\/de\/produkter\/trockenlufttrockner\/plastic-systems-dwcompact-serie\/#breadcrumb","itemListElement":[{"@type":"ListItem","position":1,"name":"Hem","item":"https:\/\/centramec.com\/de\/"},{"@type":"ListItem","position":2,"name":"Produkter","item":"https:\/\/centramec.com\/produkter\/"},{"@type":"ListItem","position":3,"name":"Plastic Systems DWCompact-Serie"}]},{"@type":"WebSite","@id":"https:\/\/centramec.com\/de\/#website","url":"https:\/\/centramec.com\/de\/","name":"Centramec","description":"Convey Dry and Dose Engineering Since 1978","publisher":{"@id":"https:\/\/centramec.com\/de\/#organization"},"potentialAction":[{"@type":"SearchAction","target":{"@type":"EntryPoint","urlTemplate":"https:\/\/centramec.com\/de\/?s={search_term_string}"},"query-input":{"@type":"PropertyValueSpecification","valueRequired":true,"valueName":"search_term_string"}}],"inLanguage":"de"},{"@type":"Organization","@id":"https:\/\/centramec.com\/de\/#organization","name":"Centramec","url":"https:\/\/centramec.com\/de\/","logo":{"@type":"ImageObject","inLanguage":"de","@id":"https:\/\/centramec.com\/de\/#\/schema\/logo\/image\/","url":"https:\/\/centramec.com\/wp-content\/uploads\/2024\/11\/cropped-C_favikon_512px-1.png","contentUrl":"https:\/\/centramec.com\/wp-content\/uploads\/2024\/11\/cropped-C_favikon_512px-1.png","width":512,"height":512,"caption":"Centramec"},"image":{"@id":"https:\/\/centramec.com\/de\/#\/schema\/logo\/image\/"},"sameAs":["https:\/\/www.linkedin.com\/company\/centramec-ab","https:\/\/www.youtube.com\/@centramecAB"]}]}},"brands":[{"id":306,"name":"Plastic Systems","slug":"plastic-systems-de"}],"_links":{"self":[{"href":"https:\/\/centramec.com\/de\/wp-json\/wp\/v2\/product\/23186","targetHints":{"allow":["GET"]}}],"collection":[{"href":"https:\/\/centramec.com\/de\/wp-json\/wp\/v2\/product"}],"about":[{"href":"https:\/\/centramec.com\/de\/wp-json\/wp\/v2\/types\/product"}],"wp:featuredmedia":[{"embeddable":true,"href":"https:\/\/centramec.com\/de\/wp-json\/wp\/v2\/media\/21628"}],"wp:attachment":[{"href":"https:\/\/centramec.com\/de\/wp-json\/wp\/v2\/media?parent=23186"}],"wp:term":[{"taxonomy":"pwb-brand","embeddable":true,"href":"https:\/\/centramec.com\/de\/wp-json\/wp\/v2\/pwb-brand?post=23186"},{"taxonomy":"product_brand","embeddable":true,"href":"https:\/\/centramec.com\/de\/wp-json\/wp\/v2\/product_brand?post=23186"},{"taxonomy":"product_cat","embeddable":true,"href":"https:\/\/centramec.com\/de\/wp-json\/wp\/v2\/product_cat?post=23186"},{"taxonomy":"product_tag","embeddable":true,"href":"https:\/\/centramec.com\/de\/wp-json\/wp\/v2\/product_tag?post=23186"}],"curies":[{"name":"wp","href":"https:\/\/api.w.org\/{rel}","templated":true}]}}