{"id":23192,"date":"2025-04-04T10:32:06","date_gmt":"2025-04-04T08:32:06","guid":{"rendered":"https:\/\/centramec.com\/produkter\/unkategorisiert\/neu-plastic-systems-dw50i-mt-100l\/"},"modified":"2025-04-11T11:07:44","modified_gmt":"2025-04-11T09:07:44","slug":"neu-plastic-systems-dw50i-mt-100l","status":"publish","type":"product","link":"https:\/\/centramec.com\/de\/produkter\/lagerwaren\/neu-plastic-systems-dw50i-mt-100l\/","title":{"rendered":"\u201eNeu\u201c Plastic Systems DW50I MT\/100L"},"content":{"rendered":"<p><span data-sheets-root=\"1\">Technische Daten:<br \/>\n&#8211; Luftstrom: 25-50 m3\/h<br \/>\n&#8211; Prozesstemperatur: 70-150 \u00b0C<br \/>\n&#8211; Volumen: 100 Liter<br \/>\n&#8211; Spannungsversorgung: 230 V \/ 50 Hz, 10 A<br \/>\n&#8211; Ma\u00dfe: 522 x 834 x 940 mm<br \/>\n&#8211; Gewicht: 80 kg<\/span><\/p>\n","protected":false},"excerpt":{"rendered":"<p><span data-sheets-root=\"1\">Der Trockenlufttrockner DW50I MT von Plastic Systems verf\u00fcgt \u00fcber HoneyComb-Rotortechnik (rotierende Trockenmittelbeh\u00e4lter) und eignet sich damit ideal f\u00fcr die Trocknung aller technischen und hygroskopischen Kunststoffmaterialien. Die Trocknungskapazit\u00e4t f\u00fcr beispielsweise ABS liegt bei ca. 26 kg\/h. <\/span><\/p>\n","protected":false},"featured_media":21412,"template":"","meta":{"_acf_changed":false},"pwb-brand":[],"product_brand":[],"product_cat":[275],"product_tag":[],"class_list":{"0":"post-23192","1":"product","2":"type-product","3":"status-publish","4":"has-post-thumbnail","6":"product_cat-lagerwaren","7":"description-off","9":"first","10":"instock","11":"shipping-taxable","12":"product-type-simple"},"acf":[],"yoast_head":"<!-- This site is optimized with the Yoast SEO plugin v27.3 - https:\/\/yoast.com\/product\/yoast-seo-wordpress\/ -->\n<title>\u201eNeu\u201c Plastic Systems DW50I MT\/100L | Centramec<\/title>\n<meta name=\"robots\" content=\"index, follow, max-snippet:-1, max-image-preview:large, max-video-preview:-1\" \/>\n<link rel=\"canonical\" href=\"https:\/\/centramec.com\/de\/produkter\/lagerwaren\/neu-plastic-systems-dw50i-mt-100l\/\" \/>\n<meta property=\"og:locale\" content=\"de_DE\" \/>\n<meta property=\"og:type\" content=\"article\" \/>\n<meta property=\"og:title\" content=\"\u201eNeu\u201c Plastic Systems DW50I MT\/100L | Centramec\" \/>\n<meta property=\"og:description\" content=\"Der Trockenlufttrockner DW50I MT von Plastic Systems verf\u00fcgt \u00fcber HoneyComb-Rotortechnik (rotierende Trockenmittelbeh\u00e4lter) und eignet sich damit ideal f\u00fcr die Trocknung aller technischen und hygroskopischen Kunststoffmaterialien. Die Trocknungskapazit\u00e4t f\u00fcr beispielsweise ABS liegt bei ca. 26 kg\/h.\" \/>\n<meta property=\"og:url\" content=\"https:\/\/centramec.com\/de\/produkter\/lagerwaren\/neu-plastic-systems-dw50i-mt-100l\/\" \/>\n<meta property=\"og:site_name\" content=\"Centramec\" \/>\n<meta property=\"article:modified_time\" content=\"2025-04-11T09:07:44+00:00\" \/>\n<meta property=\"og:image\" content=\"https:\/\/centramec.com\/wp-content\/uploads\/2025\/03\/Centramec_SKU52_Ny_plastic-systems-DW50I-MT-100L.jpg\" \/>\n\t<meta property=\"og:image:width\" content=\"1125\" \/>\n\t<meta property=\"og:image:height\" content=\"1500\" \/>\n\t<meta property=\"og:image:type\" content=\"image\/jpeg\" \/>\n<meta name=\"twitter:card\" content=\"summary_large_image\" \/>\n<script type=\"application\/ld+json\" class=\"yoast-schema-graph\">{\"@context\":\"https:\\\/\\\/schema.org\",\"@graph\":[{\"@type\":\"WebPage\",\"@id\":\"https:\\\/\\\/centramec.com\\\/de\\\/produkter\\\/lagerwaren\\\/neu-plastic-systems-dw50i-mt-100l\\\/\",\"url\":\"https:\\\/\\\/centramec.com\\\/de\\\/produkter\\\/lagerwaren\\\/neu-plastic-systems-dw50i-mt-100l\\\/\",\"name\":\"\u201eNeu\u201c Plastic Systems DW50I MT\\\/100L | Centramec\",\"isPartOf\":{\"@id\":\"https:\\\/\\\/centramec.com\\\/de\\\/#website\"},\"primaryImageOfPage\":{\"@id\":\"https:\\\/\\\/centramec.com\\\/de\\\/produkter\\\/lagerwaren\\\/neu-plastic-systems-dw50i-mt-100l\\\/#primaryimage\"},\"image\":{\"@id\":\"https:\\\/\\\/centramec.com\\\/de\\\/produkter\\\/lagerwaren\\\/neu-plastic-systems-dw50i-mt-100l\\\/#primaryimage\"},\"thumbnailUrl\":\"https:\\\/\\\/centramec.com\\\/wp-content\\\/uploads\\\/2025\\\/03\\\/Centramec_SKU52_Ny_plastic-systems-DW50I-MT-100L.jpg\",\"datePublished\":\"2025-04-04T08:32:06+00:00\",\"dateModified\":\"2025-04-11T09:07:44+00:00\",\"breadcrumb\":{\"@id\":\"https:\\\/\\\/centramec.com\\\/de\\\/produkter\\\/lagerwaren\\\/neu-plastic-systems-dw50i-mt-100l\\\/#breadcrumb\"},\"inLanguage\":\"de\",\"potentialAction\":[{\"@type\":\"ReadAction\",\"target\":[\"https:\\\/\\\/centramec.com\\\/de\\\/produkter\\\/lagerwaren\\\/neu-plastic-systems-dw50i-mt-100l\\\/\"]}]},{\"@type\":\"ImageObject\",\"inLanguage\":\"de\",\"@id\":\"https:\\\/\\\/centramec.com\\\/de\\\/produkter\\\/lagerwaren\\\/neu-plastic-systems-dw50i-mt-100l\\\/#primaryimage\",\"url\":\"https:\\\/\\\/centramec.com\\\/wp-content\\\/uploads\\\/2025\\\/03\\\/Centramec_SKU52_Ny_plastic-systems-DW50I-MT-100L.jpg\",\"contentUrl\":\"https:\\\/\\\/centramec.com\\\/wp-content\\\/uploads\\\/2025\\\/03\\\/Centramec_SKU52_Ny_plastic-systems-DW50I-MT-100L.jpg\",\"width\":1125,\"height\":1500,\"caption\":\"Plastic Systems Trockenlufttrockner DW50L MT 100 L\"},{\"@type\":\"BreadcrumbList\",\"@id\":\"https:\\\/\\\/centramec.com\\\/de\\\/produkter\\\/lagerwaren\\\/neu-plastic-systems-dw50i-mt-100l\\\/#breadcrumb\",\"itemListElement\":[{\"@type\":\"ListItem\",\"position\":1,\"name\":\"Hem\",\"item\":\"https:\\\/\\\/centramec.com\\\/de\\\/\"},{\"@type\":\"ListItem\",\"position\":2,\"name\":\"Produkter\",\"item\":\"https:\\\/\\\/centramec.com\\\/produkter\\\/\"},{\"@type\":\"ListItem\",\"position\":3,\"name\":\"\u201eNeu\u201c Plastic Systems DW50I MT\\\/100L\"}]},{\"@type\":\"WebSite\",\"@id\":\"https:\\\/\\\/centramec.com\\\/de\\\/#website\",\"url\":\"https:\\\/\\\/centramec.com\\\/de\\\/\",\"name\":\"Centramec\",\"description\":\"Convey Dry and Dose Engineering Since 1978\",\"publisher\":{\"@id\":\"https:\\\/\\\/centramec.com\\\/de\\\/#organization\"},\"potentialAction\":[{\"@type\":\"SearchAction\",\"target\":{\"@type\":\"EntryPoint\",\"urlTemplate\":\"https:\\\/\\\/centramec.com\\\/de\\\/?s={search_term_string}\"},\"query-input\":{\"@type\":\"PropertyValueSpecification\",\"valueRequired\":true,\"valueName\":\"search_term_string\"}}],\"inLanguage\":\"de\"},{\"@type\":\"Organization\",\"@id\":\"https:\\\/\\\/centramec.com\\\/de\\\/#organization\",\"name\":\"Centramec\",\"url\":\"https:\\\/\\\/centramec.com\\\/de\\\/\",\"logo\":{\"@type\":\"ImageObject\",\"inLanguage\":\"de\",\"@id\":\"https:\\\/\\\/centramec.com\\\/de\\\/#\\\/schema\\\/logo\\\/image\\\/\",\"url\":\"https:\\\/\\\/centramec.com\\\/wp-content\\\/uploads\\\/2024\\\/11\\\/cropped-C_favikon_512px-1.png\",\"contentUrl\":\"https:\\\/\\\/centramec.com\\\/wp-content\\\/uploads\\\/2024\\\/11\\\/cropped-C_favikon_512px-1.png\",\"width\":512,\"height\":512,\"caption\":\"Centramec\"},\"image\":{\"@id\":\"https:\\\/\\\/centramec.com\\\/de\\\/#\\\/schema\\\/logo\\\/image\\\/\"},\"sameAs\":[\"https:\\\/\\\/www.linkedin.com\\\/company\\\/centramec-ab\",\"https:\\\/\\\/www.youtube.com\\\/@centramecAB\"]}]}<\/script>\n<!-- \/ Yoast SEO plugin. -->","yoast_head_json":{"title":"\u201eNeu\u201c Plastic Systems DW50I MT\/100L | Centramec","robots":{"index":"index","follow":"follow","max-snippet":"max-snippet:-1","max-image-preview":"max-image-preview:large","max-video-preview":"max-video-preview:-1"},"canonical":"https:\/\/centramec.com\/de\/produkter\/lagerwaren\/neu-plastic-systems-dw50i-mt-100l\/","og_locale":"de_DE","og_type":"article","og_title":"\u201eNeu\u201c Plastic Systems DW50I MT\/100L | Centramec","og_description":"Der Trockenlufttrockner DW50I MT von Plastic Systems verf\u00fcgt \u00fcber HoneyComb-Rotortechnik (rotierende Trockenmittelbeh\u00e4lter) und eignet sich damit ideal f\u00fcr die Trocknung aller technischen und hygroskopischen Kunststoffmaterialien. Die Trocknungskapazit\u00e4t f\u00fcr beispielsweise ABS liegt bei ca. 26 kg\/h.","og_url":"https:\/\/centramec.com\/de\/produkter\/lagerwaren\/neu-plastic-systems-dw50i-mt-100l\/","og_site_name":"Centramec","article_modified_time":"2025-04-11T09:07:44+00:00","og_image":[{"width":1125,"height":1500,"url":"https:\/\/centramec.com\/wp-content\/uploads\/2025\/03\/Centramec_SKU52_Ny_plastic-systems-DW50I-MT-100L.jpg","type":"image\/jpeg"}],"twitter_card":"summary_large_image","schema":{"@context":"https:\/\/schema.org","@graph":[{"@type":"WebPage","@id":"https:\/\/centramec.com\/de\/produkter\/lagerwaren\/neu-plastic-systems-dw50i-mt-100l\/","url":"https:\/\/centramec.com\/de\/produkter\/lagerwaren\/neu-plastic-systems-dw50i-mt-100l\/","name":"\u201eNeu\u201c Plastic Systems DW50I MT\/100L | Centramec","isPartOf":{"@id":"https:\/\/centramec.com\/de\/#website"},"primaryImageOfPage":{"@id":"https:\/\/centramec.com\/de\/produkter\/lagerwaren\/neu-plastic-systems-dw50i-mt-100l\/#primaryimage"},"image":{"@id":"https:\/\/centramec.com\/de\/produkter\/lagerwaren\/neu-plastic-systems-dw50i-mt-100l\/#primaryimage"},"thumbnailUrl":"https:\/\/centramec.com\/wp-content\/uploads\/2025\/03\/Centramec_SKU52_Ny_plastic-systems-DW50I-MT-100L.jpg","datePublished":"2025-04-04T08:32:06+00:00","dateModified":"2025-04-11T09:07:44+00:00","breadcrumb":{"@id":"https:\/\/centramec.com\/de\/produkter\/lagerwaren\/neu-plastic-systems-dw50i-mt-100l\/#breadcrumb"},"inLanguage":"de","potentialAction":[{"@type":"ReadAction","target":["https:\/\/centramec.com\/de\/produkter\/lagerwaren\/neu-plastic-systems-dw50i-mt-100l\/"]}]},{"@type":"ImageObject","inLanguage":"de","@id":"https:\/\/centramec.com\/de\/produkter\/lagerwaren\/neu-plastic-systems-dw50i-mt-100l\/#primaryimage","url":"https:\/\/centramec.com\/wp-content\/uploads\/2025\/03\/Centramec_SKU52_Ny_plastic-systems-DW50I-MT-100L.jpg","contentUrl":"https:\/\/centramec.com\/wp-content\/uploads\/2025\/03\/Centramec_SKU52_Ny_plastic-systems-DW50I-MT-100L.jpg","width":1125,"height":1500,"caption":"Plastic Systems Trockenlufttrockner DW50L MT 100 L"},{"@type":"BreadcrumbList","@id":"https:\/\/centramec.com\/de\/produkter\/lagerwaren\/neu-plastic-systems-dw50i-mt-100l\/#breadcrumb","itemListElement":[{"@type":"ListItem","position":1,"name":"Hem","item":"https:\/\/centramec.com\/de\/"},{"@type":"ListItem","position":2,"name":"Produkter","item":"https:\/\/centramec.com\/produkter\/"},{"@type":"ListItem","position":3,"name":"\u201eNeu\u201c Plastic Systems DW50I MT\/100L"}]},{"@type":"WebSite","@id":"https:\/\/centramec.com\/de\/#website","url":"https:\/\/centramec.com\/de\/","name":"Centramec","description":"Convey Dry and Dose Engineering Since 1978","publisher":{"@id":"https:\/\/centramec.com\/de\/#organization"},"potentialAction":[{"@type":"SearchAction","target":{"@type":"EntryPoint","urlTemplate":"https:\/\/centramec.com\/de\/?s={search_term_string}"},"query-input":{"@type":"PropertyValueSpecification","valueRequired":true,"valueName":"search_term_string"}}],"inLanguage":"de"},{"@type":"Organization","@id":"https:\/\/centramec.com\/de\/#organization","name":"Centramec","url":"https:\/\/centramec.com\/de\/","logo":{"@type":"ImageObject","inLanguage":"de","@id":"https:\/\/centramec.com\/de\/#\/schema\/logo\/image\/","url":"https:\/\/centramec.com\/wp-content\/uploads\/2024\/11\/cropped-C_favikon_512px-1.png","contentUrl":"https:\/\/centramec.com\/wp-content\/uploads\/2024\/11\/cropped-C_favikon_512px-1.png","width":512,"height":512,"caption":"Centramec"},"image":{"@id":"https:\/\/centramec.com\/de\/#\/schema\/logo\/image\/"},"sameAs":["https:\/\/www.linkedin.com\/company\/centramec-ab","https:\/\/www.youtube.com\/@centramecAB"]}]}},"brands":[],"_links":{"self":[{"href":"https:\/\/centramec.com\/de\/wp-json\/wp\/v2\/product\/23192","targetHints":{"allow":["GET"]}}],"collection":[{"href":"https:\/\/centramec.com\/de\/wp-json\/wp\/v2\/product"}],"about":[{"href":"https:\/\/centramec.com\/de\/wp-json\/wp\/v2\/types\/product"}],"wp:featuredmedia":[{"embeddable":true,"href":"https:\/\/centramec.com\/de\/wp-json\/wp\/v2\/media\/21412"}],"wp:attachment":[{"href":"https:\/\/centramec.com\/de\/wp-json\/wp\/v2\/media?parent=23192"}],"wp:term":[{"taxonomy":"pwb-brand","embeddable":true,"href":"https:\/\/centramec.com\/de\/wp-json\/wp\/v2\/pwb-brand?post=23192"},{"taxonomy":"product_brand","embeddable":true,"href":"https:\/\/centramec.com\/de\/wp-json\/wp\/v2\/product_brand?post=23192"},{"taxonomy":"product_cat","embeddable":true,"href":"https:\/\/centramec.com\/de\/wp-json\/wp\/v2\/product_cat?post=23192"},{"taxonomy":"product_tag","embeddable":true,"href":"https:\/\/centramec.com\/de\/wp-json\/wp\/v2\/product_tag?post=23192"}],"curies":[{"name":"wp","href":"https:\/\/api.w.org\/{rel}","templated":true}]}}