{"id":23193,"date":"2025-04-04T10:27:13","date_gmt":"2025-04-04T08:27:13","guid":{"rendered":"https:\/\/centramec.com\/produkter\/unkategorisiert\/plastic-systems-mvp-serie\/"},"modified":"2025-04-11T11:06:49","modified_gmt":"2025-04-11T09:06:49","slug":"plastic-systems-mvp-serie","status":"publish","type":"product","link":"https:\/\/centramec.com\/de\/produkter\/mischen-und-vermengen\/plastic-systems-mvp-serie\/","title":{"rendered":"Plastic Systems MVP-Serie"},"content":{"rendered":"<p><span data-sheets-root=\"1\">Optionen:<br \/>\n&#8211; Zus\u00e4tzliche Inspektions\u00f6ffnung<br \/>\n&#8211; Edelstahl-Ausf\u00fchrung<br \/>\n&#8211; Zu \u00f6ffnendes Innenrohr<br \/>\n&#8211; Hardox-Schnecke f\u00fcr abrasive Materialien<br \/>\n&#8211; Sack\/Oktabin-F\u00fcllstation<br \/>\n&#8211; Frequenzumrichter<\/span><\/p>\n","protected":false},"excerpt":{"rendered":"<p><span data-sheets-root=\"1\">Die Vertikalmischer der MVP-Serie von Plastic Systems sind f\u00fcr das Mischen gro\u00dfer Mengen von Kunststoffgranulat ausgelegt. Der Mischer besitzt eine solide Konstruktion aus lackiertem Stahl. Die Mischschnecke ist in unterschiedlichen Ausf\u00fchrungen erh\u00e4ltlich und wird von einen Drehstrommotor mit Keilriemenantrieb angetrieben. Das Einf\u00fcllen des Materials geschieht \u00fcber einen speziellen Einlauftrichter, der mit einem Gitter ausgestattet ist, das als Schutz und St\u00fctzfl\u00e4che f\u00fcr S\u00e4cke dient. Weitere vorhandene Funktionen sind z. B. Inspektionsklappe, Schauglas und Materialentnahmestellen. Erh\u00e4ltlich in Stahl oder Edelstahl und mit Volumen von 500 bis 20.000 Litern.<br \/>\n<\/span><\/p>\n","protected":false},"featured_media":21699,"template":"","meta":{"_acf_changed":false},"pwb-brand":[306],"product_brand":[],"product_cat":[277],"product_tag":[],"class_list":{"0":"post-23193","1":"product","2":"type-product","3":"status-publish","4":"has-post-thumbnail","6":"pwb-brand-plastic-systems-de","7":"product_cat-mischen-und-vermengen","8":"description-off","10":"first","11":"instock","12":"shipping-taxable","13":"product-type-simple"},"acf":[],"yoast_head":"<!-- This site is optimized with the Yoast SEO plugin v27.3 - https:\/\/yoast.com\/product\/yoast-seo-wordpress\/ -->\n<title>Plastic Systems MVP-Serie | Centramec<\/title>\n<meta name=\"robots\" content=\"index, follow, max-snippet:-1, max-image-preview:large, max-video-preview:-1\" \/>\n<link rel=\"canonical\" href=\"https:\/\/centramec.com\/de\/produkter\/mischen-und-vermengen\/plastic-systems-mvp-serie\/\" \/>\n<meta property=\"og:locale\" content=\"de_DE\" \/>\n<meta property=\"og:type\" content=\"article\" \/>\n<meta property=\"og:title\" content=\"Plastic Systems MVP-Serie | Centramec\" \/>\n<meta property=\"og:description\" content=\"Die Vertikalmischer der MVP-Serie von Plastic Systems sind f\u00fcr das Mischen gro\u00dfer Mengen von Kunststoffgranulat ausgelegt. Der Mischer besitzt eine solide Konstruktion aus lackiertem Stahl. Die Mischschnecke ist in unterschiedlichen Ausf\u00fchrungen erh\u00e4ltlich und wird von einen Drehstrommotor mit Keilriemenantrieb angetrieben. Das Einf\u00fcllen des Materials geschieht \u00fcber einen speziellen Einlauftrichter, der mit einem Gitter ausgestattet ist, das als Schutz und St\u00fctzfl\u00e4che f\u00fcr S\u00e4cke dient. Weitere vorhandene Funktionen sind z. B. Inspektionsklappe, Schauglas und Materialentnahmestellen. Erh\u00e4ltlich in Stahl oder Edelstahl und mit Volumen von 500 bis 20.000 Litern.\" \/>\n<meta property=\"og:url\" content=\"https:\/\/centramec.com\/de\/produkter\/mischen-und-vermengen\/plastic-systems-mvp-serie\/\" \/>\n<meta property=\"og:site_name\" content=\"Centramec\" \/>\n<meta property=\"article:modified_time\" content=\"2025-04-11T09:06:49+00:00\" \/>\n<meta property=\"og:image\" content=\"https:\/\/centramec.com\/wp-content\/uploads\/2025\/03\/Centramec_SKU49_Plastic-Systems-MVP_Serien-1-1.jpg\" \/>\n\t<meta property=\"og:image:width\" content=\"616\" \/>\n\t<meta property=\"og:image:height\" content=\"586\" \/>\n\t<meta property=\"og:image:type\" content=\"image\/jpeg\" \/>\n<meta name=\"twitter:card\" content=\"summary_large_image\" \/>\n<script type=\"application\/ld+json\" class=\"yoast-schema-graph\">{\"@context\":\"https:\\\/\\\/schema.org\",\"@graph\":[{\"@type\":\"WebPage\",\"@id\":\"https:\\\/\\\/centramec.com\\\/de\\\/produkter\\\/mischen-und-vermengen\\\/plastic-systems-mvp-serie\\\/\",\"url\":\"https:\\\/\\\/centramec.com\\\/de\\\/produkter\\\/mischen-und-vermengen\\\/plastic-systems-mvp-serie\\\/\",\"name\":\"Plastic Systems MVP-Serie | Centramec\",\"isPartOf\":{\"@id\":\"https:\\\/\\\/centramec.com\\\/de\\\/#website\"},\"primaryImageOfPage\":{\"@id\":\"https:\\\/\\\/centramec.com\\\/de\\\/produkter\\\/mischen-und-vermengen\\\/plastic-systems-mvp-serie\\\/#primaryimage\"},\"image\":{\"@id\":\"https:\\\/\\\/centramec.com\\\/de\\\/produkter\\\/mischen-und-vermengen\\\/plastic-systems-mvp-serie\\\/#primaryimage\"},\"thumbnailUrl\":\"https:\\\/\\\/centramec.com\\\/wp-content\\\/uploads\\\/2025\\\/03\\\/Centramec_SKU49_Plastic-Systems-MVP_Serien-1-1.jpg\",\"datePublished\":\"2025-04-04T08:27:13+00:00\",\"dateModified\":\"2025-04-11T09:06:49+00:00\",\"breadcrumb\":{\"@id\":\"https:\\\/\\\/centramec.com\\\/de\\\/produkter\\\/mischen-und-vermengen\\\/plastic-systems-mvp-serie\\\/#breadcrumb\"},\"inLanguage\":\"de\",\"potentialAction\":[{\"@type\":\"ReadAction\",\"target\":[\"https:\\\/\\\/centramec.com\\\/de\\\/produkter\\\/mischen-und-vermengen\\\/plastic-systems-mvp-serie\\\/\"]}]},{\"@type\":\"ImageObject\",\"inLanguage\":\"de\",\"@id\":\"https:\\\/\\\/centramec.com\\\/de\\\/produkter\\\/mischen-und-vermengen\\\/plastic-systems-mvp-serie\\\/#primaryimage\",\"url\":\"https:\\\/\\\/centramec.com\\\/wp-content\\\/uploads\\\/2025\\\/03\\\/Centramec_SKU49_Plastic-Systems-MVP_Serien-1-1.jpg\",\"contentUrl\":\"https:\\\/\\\/centramec.com\\\/wp-content\\\/uploads\\\/2025\\\/03\\\/Centramec_SKU49_Plastic-Systems-MVP_Serien-1-1.jpg\",\"width\":616,\"height\":586,\"caption\":\"Plastic Systems MVP-Serie\"},{\"@type\":\"BreadcrumbList\",\"@id\":\"https:\\\/\\\/centramec.com\\\/de\\\/produkter\\\/mischen-und-vermengen\\\/plastic-systems-mvp-serie\\\/#breadcrumb\",\"itemListElement\":[{\"@type\":\"ListItem\",\"position\":1,\"name\":\"Hem\",\"item\":\"https:\\\/\\\/centramec.com\\\/de\\\/\"},{\"@type\":\"ListItem\",\"position\":2,\"name\":\"Produkter\",\"item\":\"https:\\\/\\\/centramec.com\\\/produkter\\\/\"},{\"@type\":\"ListItem\",\"position\":3,\"name\":\"Plastic Systems MVP-Serie\"}]},{\"@type\":\"WebSite\",\"@id\":\"https:\\\/\\\/centramec.com\\\/de\\\/#website\",\"url\":\"https:\\\/\\\/centramec.com\\\/de\\\/\",\"name\":\"Centramec\",\"description\":\"Convey Dry and Dose Engineering Since 1978\",\"publisher\":{\"@id\":\"https:\\\/\\\/centramec.com\\\/de\\\/#organization\"},\"potentialAction\":[{\"@type\":\"SearchAction\",\"target\":{\"@type\":\"EntryPoint\",\"urlTemplate\":\"https:\\\/\\\/centramec.com\\\/de\\\/?s={search_term_string}\"},\"query-input\":{\"@type\":\"PropertyValueSpecification\",\"valueRequired\":true,\"valueName\":\"search_term_string\"}}],\"inLanguage\":\"de\"},{\"@type\":\"Organization\",\"@id\":\"https:\\\/\\\/centramec.com\\\/de\\\/#organization\",\"name\":\"Centramec\",\"url\":\"https:\\\/\\\/centramec.com\\\/de\\\/\",\"logo\":{\"@type\":\"ImageObject\",\"inLanguage\":\"de\",\"@id\":\"https:\\\/\\\/centramec.com\\\/de\\\/#\\\/schema\\\/logo\\\/image\\\/\",\"url\":\"https:\\\/\\\/centramec.com\\\/wp-content\\\/uploads\\\/2024\\\/11\\\/cropped-C_favikon_512px-1.png\",\"contentUrl\":\"https:\\\/\\\/centramec.com\\\/wp-content\\\/uploads\\\/2024\\\/11\\\/cropped-C_favikon_512px-1.png\",\"width\":512,\"height\":512,\"caption\":\"Centramec\"},\"image\":{\"@id\":\"https:\\\/\\\/centramec.com\\\/de\\\/#\\\/schema\\\/logo\\\/image\\\/\"},\"sameAs\":[\"https:\\\/\\\/www.linkedin.com\\\/company\\\/centramec-ab\",\"https:\\\/\\\/www.youtube.com\\\/@centramecAB\"]}]}<\/script>\n<!-- \/ Yoast SEO plugin. -->","yoast_head_json":{"title":"Plastic Systems MVP-Serie | Centramec","robots":{"index":"index","follow":"follow","max-snippet":"max-snippet:-1","max-image-preview":"max-image-preview:large","max-video-preview":"max-video-preview:-1"},"canonical":"https:\/\/centramec.com\/de\/produkter\/mischen-und-vermengen\/plastic-systems-mvp-serie\/","og_locale":"de_DE","og_type":"article","og_title":"Plastic Systems MVP-Serie | Centramec","og_description":"Die Vertikalmischer der MVP-Serie von Plastic Systems sind f\u00fcr das Mischen gro\u00dfer Mengen von Kunststoffgranulat ausgelegt. Der Mischer besitzt eine solide Konstruktion aus lackiertem Stahl. Die Mischschnecke ist in unterschiedlichen Ausf\u00fchrungen erh\u00e4ltlich und wird von einen Drehstrommotor mit Keilriemenantrieb angetrieben. Das Einf\u00fcllen des Materials geschieht \u00fcber einen speziellen Einlauftrichter, der mit einem Gitter ausgestattet ist, das als Schutz und St\u00fctzfl\u00e4che f\u00fcr S\u00e4cke dient. Weitere vorhandene Funktionen sind z. B. Inspektionsklappe, Schauglas und Materialentnahmestellen. Erh\u00e4ltlich in Stahl oder Edelstahl und mit Volumen von 500 bis 20.000 Litern.","og_url":"https:\/\/centramec.com\/de\/produkter\/mischen-und-vermengen\/plastic-systems-mvp-serie\/","og_site_name":"Centramec","article_modified_time":"2025-04-11T09:06:49+00:00","og_image":[{"width":616,"height":586,"url":"https:\/\/centramec.com\/wp-content\/uploads\/2025\/03\/Centramec_SKU49_Plastic-Systems-MVP_Serien-1-1.jpg","type":"image\/jpeg"}],"twitter_card":"summary_large_image","schema":{"@context":"https:\/\/schema.org","@graph":[{"@type":"WebPage","@id":"https:\/\/centramec.com\/de\/produkter\/mischen-und-vermengen\/plastic-systems-mvp-serie\/","url":"https:\/\/centramec.com\/de\/produkter\/mischen-und-vermengen\/plastic-systems-mvp-serie\/","name":"Plastic Systems MVP-Serie | Centramec","isPartOf":{"@id":"https:\/\/centramec.com\/de\/#website"},"primaryImageOfPage":{"@id":"https:\/\/centramec.com\/de\/produkter\/mischen-und-vermengen\/plastic-systems-mvp-serie\/#primaryimage"},"image":{"@id":"https:\/\/centramec.com\/de\/produkter\/mischen-und-vermengen\/plastic-systems-mvp-serie\/#primaryimage"},"thumbnailUrl":"https:\/\/centramec.com\/wp-content\/uploads\/2025\/03\/Centramec_SKU49_Plastic-Systems-MVP_Serien-1-1.jpg","datePublished":"2025-04-04T08:27:13+00:00","dateModified":"2025-04-11T09:06:49+00:00","breadcrumb":{"@id":"https:\/\/centramec.com\/de\/produkter\/mischen-und-vermengen\/plastic-systems-mvp-serie\/#breadcrumb"},"inLanguage":"de","potentialAction":[{"@type":"ReadAction","target":["https:\/\/centramec.com\/de\/produkter\/mischen-und-vermengen\/plastic-systems-mvp-serie\/"]}]},{"@type":"ImageObject","inLanguage":"de","@id":"https:\/\/centramec.com\/de\/produkter\/mischen-und-vermengen\/plastic-systems-mvp-serie\/#primaryimage","url":"https:\/\/centramec.com\/wp-content\/uploads\/2025\/03\/Centramec_SKU49_Plastic-Systems-MVP_Serien-1-1.jpg","contentUrl":"https:\/\/centramec.com\/wp-content\/uploads\/2025\/03\/Centramec_SKU49_Plastic-Systems-MVP_Serien-1-1.jpg","width":616,"height":586,"caption":"Plastic Systems MVP-Serie"},{"@type":"BreadcrumbList","@id":"https:\/\/centramec.com\/de\/produkter\/mischen-und-vermengen\/plastic-systems-mvp-serie\/#breadcrumb","itemListElement":[{"@type":"ListItem","position":1,"name":"Hem","item":"https:\/\/centramec.com\/de\/"},{"@type":"ListItem","position":2,"name":"Produkter","item":"https:\/\/centramec.com\/produkter\/"},{"@type":"ListItem","position":3,"name":"Plastic Systems MVP-Serie"}]},{"@type":"WebSite","@id":"https:\/\/centramec.com\/de\/#website","url":"https:\/\/centramec.com\/de\/","name":"Centramec","description":"Convey Dry and Dose Engineering Since 1978","publisher":{"@id":"https:\/\/centramec.com\/de\/#organization"},"potentialAction":[{"@type":"SearchAction","target":{"@type":"EntryPoint","urlTemplate":"https:\/\/centramec.com\/de\/?s={search_term_string}"},"query-input":{"@type":"PropertyValueSpecification","valueRequired":true,"valueName":"search_term_string"}}],"inLanguage":"de"},{"@type":"Organization","@id":"https:\/\/centramec.com\/de\/#organization","name":"Centramec","url":"https:\/\/centramec.com\/de\/","logo":{"@type":"ImageObject","inLanguage":"de","@id":"https:\/\/centramec.com\/de\/#\/schema\/logo\/image\/","url":"https:\/\/centramec.com\/wp-content\/uploads\/2024\/11\/cropped-C_favikon_512px-1.png","contentUrl":"https:\/\/centramec.com\/wp-content\/uploads\/2024\/11\/cropped-C_favikon_512px-1.png","width":512,"height":512,"caption":"Centramec"},"image":{"@id":"https:\/\/centramec.com\/de\/#\/schema\/logo\/image\/"},"sameAs":["https:\/\/www.linkedin.com\/company\/centramec-ab","https:\/\/www.youtube.com\/@centramecAB"]}]}},"brands":[{"id":306,"name":"Plastic Systems","slug":"plastic-systems-de"}],"_links":{"self":[{"href":"https:\/\/centramec.com\/de\/wp-json\/wp\/v2\/product\/23193","targetHints":{"allow":["GET"]}}],"collection":[{"href":"https:\/\/centramec.com\/de\/wp-json\/wp\/v2\/product"}],"about":[{"href":"https:\/\/centramec.com\/de\/wp-json\/wp\/v2\/types\/product"}],"wp:featuredmedia":[{"embeddable":true,"href":"https:\/\/centramec.com\/de\/wp-json\/wp\/v2\/media\/21699"}],"wp:attachment":[{"href":"https:\/\/centramec.com\/de\/wp-json\/wp\/v2\/media?parent=23193"}],"wp:term":[{"taxonomy":"pwb-brand","embeddable":true,"href":"https:\/\/centramec.com\/de\/wp-json\/wp\/v2\/pwb-brand?post=23193"},{"taxonomy":"product_brand","embeddable":true,"href":"https:\/\/centramec.com\/de\/wp-json\/wp\/v2\/product_brand?post=23193"},{"taxonomy":"product_cat","embeddable":true,"href":"https:\/\/centramec.com\/de\/wp-json\/wp\/v2\/product_cat?post=23193"},{"taxonomy":"product_tag","embeddable":true,"href":"https:\/\/centramec.com\/de\/wp-json\/wp\/v2\/product_tag?post=23193"}],"curies":[{"name":"wp","href":"https:\/\/api.w.org\/{rel}","templated":true}]}}