{"id":23203,"date":"2025-04-04T09:48:04","date_gmt":"2025-04-04T07:48:04","guid":{"rendered":"https:\/\/centramec.com\/produkter\/unkategorisiert\/plastic-systems-matrix-server\/"},"modified":"2025-04-11T11:29:12","modified_gmt":"2025-04-11T09:29:12","slug":"plastic-systems-matrix-server","status":"publish","type":"product","link":"https:\/\/centramec.com\/de\/produkter\/sps-steuerungen\/plastic-systems-matrix-server\/","title":{"rendered":"Plastic Systems Matrix Server"},"content":{"rendered":"","protected":false},"excerpt":{"rendered":"<p><span data-sheets-root=\"1\">Die Matrix-Steuerung von Plastic Systems erm\u00f6glicht den Aufbau eines zentralen Granulatf\u00f6rdersystems, das flexibel ist und sich auf bis zu 10 Vakuumpumpen und 70 Empf\u00e4nger erweitern l\u00e4sst. Es besteht die M\u00f6glichkeit zur \u00dcberwachung von Materiallagerung und -verteilung, zudem erlaubt die MMS-Funktion die Anpassung der Saugleistung an die jeweilige F\u00f6rderstation. <\/span><\/p>\n","protected":false},"featured_media":21298,"template":"","meta":{"_acf_changed":false},"pwb-brand":[306],"product_brand":[],"product_cat":[279],"product_tag":[],"class_list":{"0":"post-23203","1":"product","2":"type-product","3":"status-publish","4":"has-post-thumbnail","6":"pwb-brand-plastic-systems-de","7":"product_cat-sps-steuerungen","8":"description-off","10":"first","11":"instock","12":"shipping-taxable","13":"product-type-simple"},"acf":[],"yoast_head":"<!-- This site is optimized with the Yoast SEO plugin v27.3 - https:\/\/yoast.com\/product\/yoast-seo-wordpress\/ -->\n<title>Plastic Systems Matrix Server | Centramec<\/title>\n<meta name=\"robots\" content=\"index, follow, max-snippet:-1, max-image-preview:large, max-video-preview:-1\" \/>\n<link rel=\"canonical\" href=\"https:\/\/centramec.com\/de\/produkter\/sps-steuerungen\/plastic-systems-matrix-server\/\" \/>\n<meta property=\"og:locale\" content=\"de_DE\" \/>\n<meta property=\"og:type\" content=\"article\" \/>\n<meta property=\"og:title\" content=\"Plastic Systems Matrix Server | Centramec\" \/>\n<meta property=\"og:description\" content=\"Die Matrix-Steuerung von Plastic Systems erm\u00f6glicht den Aufbau eines zentralen Granulatf\u00f6rdersystems, das flexibel ist und sich auf bis zu 10 Vakuumpumpen und 70 Empf\u00e4nger erweitern l\u00e4sst. Es besteht die M\u00f6glichkeit zur \u00dcberwachung von Materiallagerung und -verteilung, zudem erlaubt die MMS-Funktion die Anpassung der Saugleistung an die jeweilige F\u00f6rderstation.\" \/>\n<meta property=\"og:url\" content=\"https:\/\/centramec.com\/de\/produkter\/sps-steuerungen\/plastic-systems-matrix-server\/\" \/>\n<meta property=\"og:site_name\" content=\"Centramec\" \/>\n<meta property=\"article:modified_time\" content=\"2025-04-11T09:29:12+00:00\" \/>\n<meta property=\"og:image\" content=\"https:\/\/centramec.com\/wp-content\/uploads\/2025\/03\/Centramec_SKU27_Plastic-Systems-Matrix-Server.jpg\" \/>\n\t<meta property=\"og:image:width\" content=\"352\" \/>\n\t<meta property=\"og:image:height\" content=\"583\" \/>\n\t<meta property=\"og:image:type\" content=\"image\/jpeg\" \/>\n<meta name=\"twitter:card\" content=\"summary_large_image\" \/>\n<script type=\"application\/ld+json\" class=\"yoast-schema-graph\">{\"@context\":\"https:\\\/\\\/schema.org\",\"@graph\":[{\"@type\":\"WebPage\",\"@id\":\"https:\\\/\\\/centramec.com\\\/de\\\/produkter\\\/sps-steuerungen\\\/plastic-systems-matrix-server\\\/\",\"url\":\"https:\\\/\\\/centramec.com\\\/de\\\/produkter\\\/sps-steuerungen\\\/plastic-systems-matrix-server\\\/\",\"name\":\"Plastic Systems Matrix Server | Centramec\",\"isPartOf\":{\"@id\":\"https:\\\/\\\/centramec.com\\\/de\\\/#website\"},\"primaryImageOfPage\":{\"@id\":\"https:\\\/\\\/centramec.com\\\/de\\\/produkter\\\/sps-steuerungen\\\/plastic-systems-matrix-server\\\/#primaryimage\"},\"image\":{\"@id\":\"https:\\\/\\\/centramec.com\\\/de\\\/produkter\\\/sps-steuerungen\\\/plastic-systems-matrix-server\\\/#primaryimage\"},\"thumbnailUrl\":\"https:\\\/\\\/centramec.com\\\/wp-content\\\/uploads\\\/2025\\\/03\\\/Centramec_SKU27_Plastic-Systems-Matrix-Server.jpg\",\"datePublished\":\"2025-04-04T07:48:04+00:00\",\"dateModified\":\"2025-04-11T09:29:12+00:00\",\"breadcrumb\":{\"@id\":\"https:\\\/\\\/centramec.com\\\/de\\\/produkter\\\/sps-steuerungen\\\/plastic-systems-matrix-server\\\/#breadcrumb\"},\"inLanguage\":\"de\",\"potentialAction\":[{\"@type\":\"ReadAction\",\"target\":[\"https:\\\/\\\/centramec.com\\\/de\\\/produkter\\\/sps-steuerungen\\\/plastic-systems-matrix-server\\\/\"]}]},{\"@type\":\"ImageObject\",\"inLanguage\":\"de\",\"@id\":\"https:\\\/\\\/centramec.com\\\/de\\\/produkter\\\/sps-steuerungen\\\/plastic-systems-matrix-server\\\/#primaryimage\",\"url\":\"https:\\\/\\\/centramec.com\\\/wp-content\\\/uploads\\\/2025\\\/03\\\/Centramec_SKU27_Plastic-Systems-Matrix-Server.jpg\",\"contentUrl\":\"https:\\\/\\\/centramec.com\\\/wp-content\\\/uploads\\\/2025\\\/03\\\/Centramec_SKU27_Plastic-Systems-Matrix-Server.jpg\",\"width\":352,\"height\":583,\"caption\":\"Plastic Systems Matrix Server\"},{\"@type\":\"BreadcrumbList\",\"@id\":\"https:\\\/\\\/centramec.com\\\/de\\\/produkter\\\/sps-steuerungen\\\/plastic-systems-matrix-server\\\/#breadcrumb\",\"itemListElement\":[{\"@type\":\"ListItem\",\"position\":1,\"name\":\"Hem\",\"item\":\"https:\\\/\\\/centramec.com\\\/de\\\/\"},{\"@type\":\"ListItem\",\"position\":2,\"name\":\"Produkter\",\"item\":\"https:\\\/\\\/centramec.com\\\/produkter\\\/\"},{\"@type\":\"ListItem\",\"position\":3,\"name\":\"Plastic Systems Matrix Server\"}]},{\"@type\":\"WebSite\",\"@id\":\"https:\\\/\\\/centramec.com\\\/de\\\/#website\",\"url\":\"https:\\\/\\\/centramec.com\\\/de\\\/\",\"name\":\"Centramec\",\"description\":\"Convey Dry and Dose Engineering Since 1978\",\"publisher\":{\"@id\":\"https:\\\/\\\/centramec.com\\\/de\\\/#organization\"},\"potentialAction\":[{\"@type\":\"SearchAction\",\"target\":{\"@type\":\"EntryPoint\",\"urlTemplate\":\"https:\\\/\\\/centramec.com\\\/de\\\/?s={search_term_string}\"},\"query-input\":{\"@type\":\"PropertyValueSpecification\",\"valueRequired\":true,\"valueName\":\"search_term_string\"}}],\"inLanguage\":\"de\"},{\"@type\":\"Organization\",\"@id\":\"https:\\\/\\\/centramec.com\\\/de\\\/#organization\",\"name\":\"Centramec\",\"url\":\"https:\\\/\\\/centramec.com\\\/de\\\/\",\"logo\":{\"@type\":\"ImageObject\",\"inLanguage\":\"de\",\"@id\":\"https:\\\/\\\/centramec.com\\\/de\\\/#\\\/schema\\\/logo\\\/image\\\/\",\"url\":\"https:\\\/\\\/centramec.com\\\/wp-content\\\/uploads\\\/2024\\\/11\\\/cropped-C_favikon_512px-1.png\",\"contentUrl\":\"https:\\\/\\\/centramec.com\\\/wp-content\\\/uploads\\\/2024\\\/11\\\/cropped-C_favikon_512px-1.png\",\"width\":512,\"height\":512,\"caption\":\"Centramec\"},\"image\":{\"@id\":\"https:\\\/\\\/centramec.com\\\/de\\\/#\\\/schema\\\/logo\\\/image\\\/\"},\"sameAs\":[\"https:\\\/\\\/www.linkedin.com\\\/company\\\/centramec-ab\",\"https:\\\/\\\/www.youtube.com\\\/@centramecAB\"]}]}<\/script>\n<!-- \/ Yoast SEO plugin. -->","yoast_head_json":{"title":"Plastic Systems Matrix Server | Centramec","robots":{"index":"index","follow":"follow","max-snippet":"max-snippet:-1","max-image-preview":"max-image-preview:large","max-video-preview":"max-video-preview:-1"},"canonical":"https:\/\/centramec.com\/de\/produkter\/sps-steuerungen\/plastic-systems-matrix-server\/","og_locale":"de_DE","og_type":"article","og_title":"Plastic Systems Matrix Server | Centramec","og_description":"Die Matrix-Steuerung von Plastic Systems erm\u00f6glicht den Aufbau eines zentralen Granulatf\u00f6rdersystems, das flexibel ist und sich auf bis zu 10 Vakuumpumpen und 70 Empf\u00e4nger erweitern l\u00e4sst. Es besteht die M\u00f6glichkeit zur \u00dcberwachung von Materiallagerung und -verteilung, zudem erlaubt die MMS-Funktion die Anpassung der Saugleistung an die jeweilige F\u00f6rderstation.","og_url":"https:\/\/centramec.com\/de\/produkter\/sps-steuerungen\/plastic-systems-matrix-server\/","og_site_name":"Centramec","article_modified_time":"2025-04-11T09:29:12+00:00","og_image":[{"width":352,"height":583,"url":"https:\/\/centramec.com\/wp-content\/uploads\/2025\/03\/Centramec_SKU27_Plastic-Systems-Matrix-Server.jpg","type":"image\/jpeg"}],"twitter_card":"summary_large_image","schema":{"@context":"https:\/\/schema.org","@graph":[{"@type":"WebPage","@id":"https:\/\/centramec.com\/de\/produkter\/sps-steuerungen\/plastic-systems-matrix-server\/","url":"https:\/\/centramec.com\/de\/produkter\/sps-steuerungen\/plastic-systems-matrix-server\/","name":"Plastic Systems Matrix Server | Centramec","isPartOf":{"@id":"https:\/\/centramec.com\/de\/#website"},"primaryImageOfPage":{"@id":"https:\/\/centramec.com\/de\/produkter\/sps-steuerungen\/plastic-systems-matrix-server\/#primaryimage"},"image":{"@id":"https:\/\/centramec.com\/de\/produkter\/sps-steuerungen\/plastic-systems-matrix-server\/#primaryimage"},"thumbnailUrl":"https:\/\/centramec.com\/wp-content\/uploads\/2025\/03\/Centramec_SKU27_Plastic-Systems-Matrix-Server.jpg","datePublished":"2025-04-04T07:48:04+00:00","dateModified":"2025-04-11T09:29:12+00:00","breadcrumb":{"@id":"https:\/\/centramec.com\/de\/produkter\/sps-steuerungen\/plastic-systems-matrix-server\/#breadcrumb"},"inLanguage":"de","potentialAction":[{"@type":"ReadAction","target":["https:\/\/centramec.com\/de\/produkter\/sps-steuerungen\/plastic-systems-matrix-server\/"]}]},{"@type":"ImageObject","inLanguage":"de","@id":"https:\/\/centramec.com\/de\/produkter\/sps-steuerungen\/plastic-systems-matrix-server\/#primaryimage","url":"https:\/\/centramec.com\/wp-content\/uploads\/2025\/03\/Centramec_SKU27_Plastic-Systems-Matrix-Server.jpg","contentUrl":"https:\/\/centramec.com\/wp-content\/uploads\/2025\/03\/Centramec_SKU27_Plastic-Systems-Matrix-Server.jpg","width":352,"height":583,"caption":"Plastic Systems Matrix Server"},{"@type":"BreadcrumbList","@id":"https:\/\/centramec.com\/de\/produkter\/sps-steuerungen\/plastic-systems-matrix-server\/#breadcrumb","itemListElement":[{"@type":"ListItem","position":1,"name":"Hem","item":"https:\/\/centramec.com\/de\/"},{"@type":"ListItem","position":2,"name":"Produkter","item":"https:\/\/centramec.com\/produkter\/"},{"@type":"ListItem","position":3,"name":"Plastic Systems Matrix Server"}]},{"@type":"WebSite","@id":"https:\/\/centramec.com\/de\/#website","url":"https:\/\/centramec.com\/de\/","name":"Centramec","description":"Convey Dry and Dose Engineering Since 1978","publisher":{"@id":"https:\/\/centramec.com\/de\/#organization"},"potentialAction":[{"@type":"SearchAction","target":{"@type":"EntryPoint","urlTemplate":"https:\/\/centramec.com\/de\/?s={search_term_string}"},"query-input":{"@type":"PropertyValueSpecification","valueRequired":true,"valueName":"search_term_string"}}],"inLanguage":"de"},{"@type":"Organization","@id":"https:\/\/centramec.com\/de\/#organization","name":"Centramec","url":"https:\/\/centramec.com\/de\/","logo":{"@type":"ImageObject","inLanguage":"de","@id":"https:\/\/centramec.com\/de\/#\/schema\/logo\/image\/","url":"https:\/\/centramec.com\/wp-content\/uploads\/2024\/11\/cropped-C_favikon_512px-1.png","contentUrl":"https:\/\/centramec.com\/wp-content\/uploads\/2024\/11\/cropped-C_favikon_512px-1.png","width":512,"height":512,"caption":"Centramec"},"image":{"@id":"https:\/\/centramec.com\/de\/#\/schema\/logo\/image\/"},"sameAs":["https:\/\/www.linkedin.com\/company\/centramec-ab","https:\/\/www.youtube.com\/@centramecAB"]}]}},"brands":[{"id":306,"name":"Plastic Systems","slug":"plastic-systems-de"}],"_links":{"self":[{"href":"https:\/\/centramec.com\/de\/wp-json\/wp\/v2\/product\/23203","targetHints":{"allow":["GET"]}}],"collection":[{"href":"https:\/\/centramec.com\/de\/wp-json\/wp\/v2\/product"}],"about":[{"href":"https:\/\/centramec.com\/de\/wp-json\/wp\/v2\/types\/product"}],"wp:featuredmedia":[{"embeddable":true,"href":"https:\/\/centramec.com\/de\/wp-json\/wp\/v2\/media\/21298"}],"wp:attachment":[{"href":"https:\/\/centramec.com\/de\/wp-json\/wp\/v2\/media?parent=23203"}],"wp:term":[{"taxonomy":"pwb-brand","embeddable":true,"href":"https:\/\/centramec.com\/de\/wp-json\/wp\/v2\/pwb-brand?post=23203"},{"taxonomy":"product_brand","embeddable":true,"href":"https:\/\/centramec.com\/de\/wp-json\/wp\/v2\/product_brand?post=23203"},{"taxonomy":"product_cat","embeddable":true,"href":"https:\/\/centramec.com\/de\/wp-json\/wp\/v2\/product_cat?post=23203"},{"taxonomy":"product_tag","embeddable":true,"href":"https:\/\/centramec.com\/de\/wp-json\/wp\/v2\/product_tag?post=23203"}],"curies":[{"name":"wp","href":"https:\/\/api.w.org\/{rel}","templated":true}]}}