{"id":23313,"date":"2025-04-15T13:34:54","date_gmt":"2025-04-15T11:34:54","guid":{"rendered":"https:\/\/centramec.com\/produkter\/unkategorisiert\/plastic-systems-svs-serie\/"},"modified":"2025-04-15T13:45:49","modified_gmt":"2025-04-15T11:45:49","slug":"plastic-systems-svs-serie","status":"publish","type":"product","link":"https:\/\/centramec.com\/de\/produkter\/sack-handling\/plastic-systems-svs-serie\/","title":{"rendered":"Plastic Systems SVS-serie"},"content":{"rendered":"<h2 class=\"p1\"><b>Ablauf des Verfahrens <\/b><\/h2>\n<ul>\n<li class=\"p2\"><span class=\"s1\"><b>Beladung und Handhabung: <\/b>Paletten mit S\u00e4cken werden von einem pneumatischen Robotergreifer der Maschine zugef\u00fchrt und hantiert.<br \/>\nEs k\u00f6nnen bis zu 110 S\u00e4cke pro Stunde bearbeitet werden, was einer<br \/>\nKapazit\u00e4t von gut 2,5 Tonnen\/Stunde entspricht. <\/span><\/li>\n<li class=\"p2\"><span class=\"s1\"><b>Leerung des Inhalts: <\/b>Aufgeschnittene S\u00e4cke werden in Beh\u00e4lter entleert, bereit f\u00fcr den n\u00e4chsten Schritt.<\/span><\/li>\n<li class=\"p2\"><span class=\"s1\"><b>Behandlung von leeren S\u00e4cken:<\/b> Leere S\u00e4cke werden in einen Abfallbeh\u00e4lter oder eine Abfallpresse gelegt.<\/span><\/li>\n<li class=\"p2\"><span class=\"s1\"><b>Steuerung und \u00dcberwachung: <\/b>Echtzeit\u00fcberwachung per Touchscreen und SPS.<\/span><\/li>\n<\/ul>\n<h2><b>Vorteile<\/b><\/h2>\n<ul>\n<li class=\"p2\"><span class=\"s1\">Vollst\u00e4ndige Automatisierung macht schwere und anstrengende manuelle Arbeit \u00fcberfl\u00fcssig.<\/span><\/li>\n<li class=\"p2\"><span class=\"s1\">RFID- und Barcode-System f\u00fcr bessere R\u00fcckverfolgbarkeit.<\/span><\/li>\n<li class=\"p2\"><span class=\"s1\">Geringere Abfallverluste und optimale Materialverwertung.<\/span><\/li>\n<li class=\"p2\"><span class=\"s1\">Sicherer Betrieb f\u00fcr den Benutzer.<\/span><\/li>\n<\/ul>\n","protected":false},"excerpt":{"rendered":"<p class=\"p1\"><span class=\"s1\">Die kompakte Sackentleermaschine vom Plastic Systems, geliefert von Centramec, ist eine innovative L\u00f6sung f\u00fcr h\u00f6here Produktivit\u00e4t, weniger Abfallverluste und geringere Betriebskosten. Perfekt f\u00fcr kleine und mittlere Unternehmen. <\/span><\/p>\n","protected":false},"featured_media":23306,"template":"","meta":{"_acf_changed":false},"pwb-brand":[306],"product_brand":[],"product_cat":[284],"product_tag":[],"class_list":{"0":"post-23313","1":"product","2":"type-product","3":"status-publish","4":"has-post-thumbnail","6":"pwb-brand-plastic-systems-de","7":"product_cat-sack-handling","8":"description-off","10":"first","11":"instock","12":"shipping-taxable","13":"product-type-simple"},"acf":[],"yoast_head":"<!-- This site is optimized with the Yoast SEO plugin v27.3 - https:\/\/yoast.com\/product\/yoast-seo-wordpress\/ -->\n<title>Plastic Systems SVS-serie | Centramec<\/title>\n<meta name=\"robots\" content=\"index, follow, max-snippet:-1, max-image-preview:large, max-video-preview:-1\" \/>\n<link rel=\"canonical\" href=\"https:\/\/centramec.com\/de\/produkter\/sack-handling\/plastic-systems-svs-serie\/\" \/>\n<meta property=\"og:locale\" content=\"de_DE\" \/>\n<meta property=\"og:type\" content=\"article\" \/>\n<meta property=\"og:title\" content=\"Plastic Systems SVS-serie | Centramec\" \/>\n<meta property=\"og:description\" content=\"Die kompakte Sackentleermaschine vom Plastic Systems, geliefert von Centramec, ist eine innovative L\u00f6sung f\u00fcr h\u00f6here Produktivit\u00e4t, weniger Abfallverluste und geringere Betriebskosten. Perfekt f\u00fcr kleine und mittlere Unternehmen.\" \/>\n<meta property=\"og:url\" content=\"https:\/\/centramec.com\/de\/produkter\/sack-handling\/plastic-systems-svs-serie\/\" \/>\n<meta property=\"og:site_name\" content=\"Centramec\" \/>\n<meta property=\"article:modified_time\" content=\"2025-04-15T11:45:49+00:00\" \/>\n<meta property=\"og:image\" content=\"https:\/\/centramec.com\/wp-content\/uploads\/2025\/04\/Plastic-Systems-SVS-serienSvuotasacchi-automatica-v2.webp\" \/>\n\t<meta property=\"og:image:width\" content=\"1500\" \/>\n\t<meta property=\"og:image:height\" content=\"1421\" \/>\n\t<meta property=\"og:image:type\" content=\"image\/webp\" \/>\n<meta name=\"twitter:card\" content=\"summary_large_image\" \/>\n<meta name=\"twitter:label1\" content=\"Gesch\u00e4tzte Lesezeit\" \/>\n\t<meta name=\"twitter:data1\" content=\"1\u00a0Minute\" \/>\n<script type=\"application\/ld+json\" class=\"yoast-schema-graph\">{\"@context\":\"https:\\\/\\\/schema.org\",\"@graph\":[{\"@type\":\"WebPage\",\"@id\":\"https:\\\/\\\/centramec.com\\\/de\\\/produkter\\\/sack-handling\\\/plastic-systems-svs-serie\\\/\",\"url\":\"https:\\\/\\\/centramec.com\\\/de\\\/produkter\\\/sack-handling\\\/plastic-systems-svs-serie\\\/\",\"name\":\"Plastic Systems SVS-serie | Centramec\",\"isPartOf\":{\"@id\":\"https:\\\/\\\/centramec.com\\\/de\\\/#website\"},\"primaryImageOfPage\":{\"@id\":\"https:\\\/\\\/centramec.com\\\/de\\\/produkter\\\/sack-handling\\\/plastic-systems-svs-serie\\\/#primaryimage\"},\"image\":{\"@id\":\"https:\\\/\\\/centramec.com\\\/de\\\/produkter\\\/sack-handling\\\/plastic-systems-svs-serie\\\/#primaryimage\"},\"thumbnailUrl\":\"https:\\\/\\\/centramec.com\\\/wp-content\\\/uploads\\\/2025\\\/04\\\/Plastic-Systems-SVS-serienSvuotasacchi-automatica-v2.webp\",\"datePublished\":\"2025-04-15T11:34:54+00:00\",\"dateModified\":\"2025-04-15T11:45:49+00:00\",\"breadcrumb\":{\"@id\":\"https:\\\/\\\/centramec.com\\\/de\\\/produkter\\\/sack-handling\\\/plastic-systems-svs-serie\\\/#breadcrumb\"},\"inLanguage\":\"de\",\"potentialAction\":[{\"@type\":\"ReadAction\",\"target\":[\"https:\\\/\\\/centramec.com\\\/de\\\/produkter\\\/sack-handling\\\/plastic-systems-svs-serie\\\/\"]}]},{\"@type\":\"ImageObject\",\"inLanguage\":\"de\",\"@id\":\"https:\\\/\\\/centramec.com\\\/de\\\/produkter\\\/sack-handling\\\/plastic-systems-svs-serie\\\/#primaryimage\",\"url\":\"https:\\\/\\\/centramec.com\\\/wp-content\\\/uploads\\\/2025\\\/04\\\/Plastic-Systems-SVS-serienSvuotasacchi-automatica-v2.webp\",\"contentUrl\":\"https:\\\/\\\/centramec.com\\\/wp-content\\\/uploads\\\/2025\\\/04\\\/Plastic-Systems-SVS-serienSvuotasacchi-automatica-v2.webp\",\"width\":1500,\"height\":1421},{\"@type\":\"BreadcrumbList\",\"@id\":\"https:\\\/\\\/centramec.com\\\/de\\\/produkter\\\/sack-handling\\\/plastic-systems-svs-serie\\\/#breadcrumb\",\"itemListElement\":[{\"@type\":\"ListItem\",\"position\":1,\"name\":\"Hem\",\"item\":\"https:\\\/\\\/centramec.com\\\/de\\\/\"},{\"@type\":\"ListItem\",\"position\":2,\"name\":\"Produkter\",\"item\":\"https:\\\/\\\/centramec.com\\\/produkter\\\/\"},{\"@type\":\"ListItem\",\"position\":3,\"name\":\"Plastic Systems SVS-serie\"}]},{\"@type\":\"WebSite\",\"@id\":\"https:\\\/\\\/centramec.com\\\/de\\\/#website\",\"url\":\"https:\\\/\\\/centramec.com\\\/de\\\/\",\"name\":\"Centramec\",\"description\":\"Convey Dry and Dose Engineering Since 1978\",\"publisher\":{\"@id\":\"https:\\\/\\\/centramec.com\\\/de\\\/#organization\"},\"potentialAction\":[{\"@type\":\"SearchAction\",\"target\":{\"@type\":\"EntryPoint\",\"urlTemplate\":\"https:\\\/\\\/centramec.com\\\/de\\\/?s={search_term_string}\"},\"query-input\":{\"@type\":\"PropertyValueSpecification\",\"valueRequired\":true,\"valueName\":\"search_term_string\"}}],\"inLanguage\":\"de\"},{\"@type\":\"Organization\",\"@id\":\"https:\\\/\\\/centramec.com\\\/de\\\/#organization\",\"name\":\"Centramec\",\"url\":\"https:\\\/\\\/centramec.com\\\/de\\\/\",\"logo\":{\"@type\":\"ImageObject\",\"inLanguage\":\"de\",\"@id\":\"https:\\\/\\\/centramec.com\\\/de\\\/#\\\/schema\\\/logo\\\/image\\\/\",\"url\":\"https:\\\/\\\/centramec.com\\\/wp-content\\\/uploads\\\/2024\\\/11\\\/cropped-C_favikon_512px-1.png\",\"contentUrl\":\"https:\\\/\\\/centramec.com\\\/wp-content\\\/uploads\\\/2024\\\/11\\\/cropped-C_favikon_512px-1.png\",\"width\":512,\"height\":512,\"caption\":\"Centramec\"},\"image\":{\"@id\":\"https:\\\/\\\/centramec.com\\\/de\\\/#\\\/schema\\\/logo\\\/image\\\/\"},\"sameAs\":[\"https:\\\/\\\/www.linkedin.com\\\/company\\\/centramec-ab\",\"https:\\\/\\\/www.youtube.com\\\/@centramecAB\"]}]}<\/script>\n<!-- \/ Yoast SEO plugin. -->","yoast_head_json":{"title":"Plastic Systems SVS-serie | Centramec","robots":{"index":"index","follow":"follow","max-snippet":"max-snippet:-1","max-image-preview":"max-image-preview:large","max-video-preview":"max-video-preview:-1"},"canonical":"https:\/\/centramec.com\/de\/produkter\/sack-handling\/plastic-systems-svs-serie\/","og_locale":"de_DE","og_type":"article","og_title":"Plastic Systems SVS-serie | Centramec","og_description":"Die kompakte Sackentleermaschine vom Plastic Systems, geliefert von Centramec, ist eine innovative L\u00f6sung f\u00fcr h\u00f6here Produktivit\u00e4t, weniger Abfallverluste und geringere Betriebskosten. Perfekt f\u00fcr kleine und mittlere Unternehmen.","og_url":"https:\/\/centramec.com\/de\/produkter\/sack-handling\/plastic-systems-svs-serie\/","og_site_name":"Centramec","article_modified_time":"2025-04-15T11:45:49+00:00","og_image":[{"width":1500,"height":1421,"url":"https:\/\/centramec.com\/wp-content\/uploads\/2025\/04\/Plastic-Systems-SVS-serienSvuotasacchi-automatica-v2.webp","type":"image\/webp"}],"twitter_card":"summary_large_image","twitter_misc":{"Gesch\u00e4tzte Lesezeit":"1\u00a0Minute"},"schema":{"@context":"https:\/\/schema.org","@graph":[{"@type":"WebPage","@id":"https:\/\/centramec.com\/de\/produkter\/sack-handling\/plastic-systems-svs-serie\/","url":"https:\/\/centramec.com\/de\/produkter\/sack-handling\/plastic-systems-svs-serie\/","name":"Plastic Systems SVS-serie | Centramec","isPartOf":{"@id":"https:\/\/centramec.com\/de\/#website"},"primaryImageOfPage":{"@id":"https:\/\/centramec.com\/de\/produkter\/sack-handling\/plastic-systems-svs-serie\/#primaryimage"},"image":{"@id":"https:\/\/centramec.com\/de\/produkter\/sack-handling\/plastic-systems-svs-serie\/#primaryimage"},"thumbnailUrl":"https:\/\/centramec.com\/wp-content\/uploads\/2025\/04\/Plastic-Systems-SVS-serienSvuotasacchi-automatica-v2.webp","datePublished":"2025-04-15T11:34:54+00:00","dateModified":"2025-04-15T11:45:49+00:00","breadcrumb":{"@id":"https:\/\/centramec.com\/de\/produkter\/sack-handling\/plastic-systems-svs-serie\/#breadcrumb"},"inLanguage":"de","potentialAction":[{"@type":"ReadAction","target":["https:\/\/centramec.com\/de\/produkter\/sack-handling\/plastic-systems-svs-serie\/"]}]},{"@type":"ImageObject","inLanguage":"de","@id":"https:\/\/centramec.com\/de\/produkter\/sack-handling\/plastic-systems-svs-serie\/#primaryimage","url":"https:\/\/centramec.com\/wp-content\/uploads\/2025\/04\/Plastic-Systems-SVS-serienSvuotasacchi-automatica-v2.webp","contentUrl":"https:\/\/centramec.com\/wp-content\/uploads\/2025\/04\/Plastic-Systems-SVS-serienSvuotasacchi-automatica-v2.webp","width":1500,"height":1421},{"@type":"BreadcrumbList","@id":"https:\/\/centramec.com\/de\/produkter\/sack-handling\/plastic-systems-svs-serie\/#breadcrumb","itemListElement":[{"@type":"ListItem","position":1,"name":"Hem","item":"https:\/\/centramec.com\/de\/"},{"@type":"ListItem","position":2,"name":"Produkter","item":"https:\/\/centramec.com\/produkter\/"},{"@type":"ListItem","position":3,"name":"Plastic Systems SVS-serie"}]},{"@type":"WebSite","@id":"https:\/\/centramec.com\/de\/#website","url":"https:\/\/centramec.com\/de\/","name":"Centramec","description":"Convey Dry and Dose Engineering Since 1978","publisher":{"@id":"https:\/\/centramec.com\/de\/#organization"},"potentialAction":[{"@type":"SearchAction","target":{"@type":"EntryPoint","urlTemplate":"https:\/\/centramec.com\/de\/?s={search_term_string}"},"query-input":{"@type":"PropertyValueSpecification","valueRequired":true,"valueName":"search_term_string"}}],"inLanguage":"de"},{"@type":"Organization","@id":"https:\/\/centramec.com\/de\/#organization","name":"Centramec","url":"https:\/\/centramec.com\/de\/","logo":{"@type":"ImageObject","inLanguage":"de","@id":"https:\/\/centramec.com\/de\/#\/schema\/logo\/image\/","url":"https:\/\/centramec.com\/wp-content\/uploads\/2024\/11\/cropped-C_favikon_512px-1.png","contentUrl":"https:\/\/centramec.com\/wp-content\/uploads\/2024\/11\/cropped-C_favikon_512px-1.png","width":512,"height":512,"caption":"Centramec"},"image":{"@id":"https:\/\/centramec.com\/de\/#\/schema\/logo\/image\/"},"sameAs":["https:\/\/www.linkedin.com\/company\/centramec-ab","https:\/\/www.youtube.com\/@centramecAB"]}]}},"brands":[{"id":306,"name":"Plastic Systems","slug":"plastic-systems-de"}],"_links":{"self":[{"href":"https:\/\/centramec.com\/de\/wp-json\/wp\/v2\/product\/23313","targetHints":{"allow":["GET"]}}],"collection":[{"href":"https:\/\/centramec.com\/de\/wp-json\/wp\/v2\/product"}],"about":[{"href":"https:\/\/centramec.com\/de\/wp-json\/wp\/v2\/types\/product"}],"wp:featuredmedia":[{"embeddable":true,"href":"https:\/\/centramec.com\/de\/wp-json\/wp\/v2\/media\/23306"}],"wp:attachment":[{"href":"https:\/\/centramec.com\/de\/wp-json\/wp\/v2\/media?parent=23313"}],"wp:term":[{"taxonomy":"pwb-brand","embeddable":true,"href":"https:\/\/centramec.com\/de\/wp-json\/wp\/v2\/pwb-brand?post=23313"},{"taxonomy":"product_brand","embeddable":true,"href":"https:\/\/centramec.com\/de\/wp-json\/wp\/v2\/product_brand?post=23313"},{"taxonomy":"product_cat","embeddable":true,"href":"https:\/\/centramec.com\/de\/wp-json\/wp\/v2\/product_cat?post=23313"},{"taxonomy":"product_tag","embeddable":true,"href":"https:\/\/centramec.com\/de\/wp-json\/wp\/v2\/product_tag?post=23313"}],"curies":[{"name":"wp","href":"https:\/\/api.w.org\/{rel}","templated":true}]}}