{"id":26339,"date":"2026-04-08T15:07:32","date_gmt":"2026-04-08T13:07:32","guid":{"rendered":"https:\/\/centramec.com\/produkter\/unkategorisiert\/boe-therm-serie-temp-xl\/"},"modified":"2026-04-08T15:11:08","modified_gmt":"2026-04-08T13:11:08","slug":"boe-therm-serie-temp-xl","status":"publish","type":"product","link":"https:\/\/centramec.com\/de\/produkter\/temperaturregelung\/boe-therm-serie-temp-xl\/","title":{"rendered":"Boe-Therm SERIE TEMP XL"},"content":{"rendered":"","protected":false},"excerpt":{"rendered":"<p class=\"p1\"><span class=\"s1\">Temperaturbereich: Bis zu 95 \u00b0C<\/span><\/p>\n<p class=\"p1\"><span class=\"s1\">Systemtyp: Hochleistungssystem<\/span><\/p>\n<p class=\"p1\"><span class=\"s1\">system<\/span><\/p>\n<h2 class=\"p1\"><span class=\"s1\">Eigenschaften:<\/span><\/h2>\n<p class=\"p3\">St\u00e4rkere Heiz- und K\u00fchlleistung<\/p>\n<p class=\"p3\">H\u00f6here Durchflussraten f\u00fcr \u00adanspruchsvolle Anwendungen<\/p>\n<p class=\"p3\">Robustes Industriedesign<\/p>\n<p class=\"p3\">Erweiterte Steuerung und \u00ad\u00dcberwachung<\/p>\n","protected":false},"featured_media":26338,"template":"","meta":{"_acf_changed":false},"pwb-brand":[354],"product_brand":[],"product_cat":[285],"product_tag":[],"class_list":{"0":"post-26339","1":"product","2":"type-product","3":"status-publish","4":"has-post-thumbnail","6":"pwb-brand-boe-therm","7":"product_cat-temperaturregelung","8":"description-off","10":"first","11":"instock","12":"shipping-taxable","13":"product-type-simple"},"acf":[],"yoast_head":"<!-- This site is optimized with the Yoast SEO plugin v27.3 - https:\/\/yoast.com\/product\/yoast-seo-wordpress\/ -->\n<title>Boe-Therm SERIE TEMP XL | Centramec<\/title>\n<meta name=\"robots\" content=\"index, follow, max-snippet:-1, max-image-preview:large, max-video-preview:-1\" \/>\n<link rel=\"canonical\" href=\"https:\/\/centramec.com\/de\/produkter\/temperaturregelung\/boe-therm-serie-temp-xl\/\" \/>\n<meta property=\"og:locale\" content=\"de_DE\" \/>\n<meta property=\"og:type\" content=\"article\" \/>\n<meta property=\"og:title\" content=\"Boe-Therm SERIE TEMP XL | Centramec\" \/>\n<meta property=\"og:description\" content=\"Temperaturbereich: Bis zu 95 \u00b0C Systemtyp: Hochleistungssystem system  Eigenschaften: St\u00e4rkere Heiz- und K\u00fchlleistung H\u00f6here Durchflussraten f\u00fcr \u00adanspruchsvolle Anwendungen Robustes Industriedesign Erweiterte Steuerung und \u00ad\u00dcberwachung\" \/>\n<meta property=\"og:url\" content=\"https:\/\/centramec.com\/de\/produkter\/temperaturregelung\/boe-therm-serie-temp-xl\/\" \/>\n<meta property=\"og:site_name\" content=\"Centramec\" \/>\n<meta property=\"article:modified_time\" content=\"2026-04-08T13:11:08+00:00\" \/>\n<meta property=\"og:image\" content=\"https:\/\/centramec.com\/wp-content\/uploads\/2026\/04\/Boe-Therm-Temp-XL-Water_SKU97.jpg\" \/>\n\t<meta property=\"og:image:width\" content=\"943\" \/>\n\t<meta property=\"og:image:height\" content=\"956\" \/>\n\t<meta property=\"og:image:type\" content=\"image\/jpeg\" \/>\n<meta name=\"twitter:card\" content=\"summary_large_image\" \/>\n<script type=\"application\/ld+json\" class=\"yoast-schema-graph\">{\"@context\":\"https:\\\/\\\/schema.org\",\"@graph\":[{\"@type\":\"WebPage\",\"@id\":\"https:\\\/\\\/centramec.com\\\/de\\\/produkter\\\/temperaturregelung\\\/boe-therm-serie-temp-xl\\\/\",\"url\":\"https:\\\/\\\/centramec.com\\\/de\\\/produkter\\\/temperaturregelung\\\/boe-therm-serie-temp-xl\\\/\",\"name\":\"Boe-Therm SERIE TEMP XL | Centramec\",\"isPartOf\":{\"@id\":\"https:\\\/\\\/centramec.com\\\/de\\\/#website\"},\"primaryImageOfPage\":{\"@id\":\"https:\\\/\\\/centramec.com\\\/de\\\/produkter\\\/temperaturregelung\\\/boe-therm-serie-temp-xl\\\/#primaryimage\"},\"image\":{\"@id\":\"https:\\\/\\\/centramec.com\\\/de\\\/produkter\\\/temperaturregelung\\\/boe-therm-serie-temp-xl\\\/#primaryimage\"},\"thumbnailUrl\":\"https:\\\/\\\/centramec.com\\\/wp-content\\\/uploads\\\/2026\\\/04\\\/Boe-Therm-Temp-XL-Water_SKU97.jpg\",\"datePublished\":\"2026-04-08T13:07:32+00:00\",\"dateModified\":\"2026-04-08T13:11:08+00:00\",\"breadcrumb\":{\"@id\":\"https:\\\/\\\/centramec.com\\\/de\\\/produkter\\\/temperaturregelung\\\/boe-therm-serie-temp-xl\\\/#breadcrumb\"},\"inLanguage\":\"de\",\"potentialAction\":[{\"@type\":\"ReadAction\",\"target\":[\"https:\\\/\\\/centramec.com\\\/de\\\/produkter\\\/temperaturregelung\\\/boe-therm-serie-temp-xl\\\/\"]}]},{\"@type\":\"ImageObject\",\"inLanguage\":\"de\",\"@id\":\"https:\\\/\\\/centramec.com\\\/de\\\/produkter\\\/temperaturregelung\\\/boe-therm-serie-temp-xl\\\/#primaryimage\",\"url\":\"https:\\\/\\\/centramec.com\\\/wp-content\\\/uploads\\\/2026\\\/04\\\/Boe-Therm-Temp-XL-Water_SKU97.jpg\",\"contentUrl\":\"https:\\\/\\\/centramec.com\\\/wp-content\\\/uploads\\\/2026\\\/04\\\/Boe-Therm-Temp-XL-Water_SKU97.jpg\",\"width\":943,\"height\":956,\"caption\":\"Boe-Therm SERIE TEMP XL\"},{\"@type\":\"BreadcrumbList\",\"@id\":\"https:\\\/\\\/centramec.com\\\/de\\\/produkter\\\/temperaturregelung\\\/boe-therm-serie-temp-xl\\\/#breadcrumb\",\"itemListElement\":[{\"@type\":\"ListItem\",\"position\":1,\"name\":\"Hem\",\"item\":\"https:\\\/\\\/centramec.com\\\/de\\\/\"},{\"@type\":\"ListItem\",\"position\":2,\"name\":\"Produkter\",\"item\":\"https:\\\/\\\/centramec.com\\\/produkter\\\/\"},{\"@type\":\"ListItem\",\"position\":3,\"name\":\"Boe-Therm SERIE TEMP XL\"}]},{\"@type\":\"WebSite\",\"@id\":\"https:\\\/\\\/centramec.com\\\/de\\\/#website\",\"url\":\"https:\\\/\\\/centramec.com\\\/de\\\/\",\"name\":\"Centramec\",\"description\":\"Convey Dry and Dose Engineering Since 1978\",\"publisher\":{\"@id\":\"https:\\\/\\\/centramec.com\\\/de\\\/#organization\"},\"potentialAction\":[{\"@type\":\"SearchAction\",\"target\":{\"@type\":\"EntryPoint\",\"urlTemplate\":\"https:\\\/\\\/centramec.com\\\/de\\\/?s={search_term_string}\"},\"query-input\":{\"@type\":\"PropertyValueSpecification\",\"valueRequired\":true,\"valueName\":\"search_term_string\"}}],\"inLanguage\":\"de\"},{\"@type\":\"Organization\",\"@id\":\"https:\\\/\\\/centramec.com\\\/de\\\/#organization\",\"name\":\"Centramec\",\"url\":\"https:\\\/\\\/centramec.com\\\/de\\\/\",\"logo\":{\"@type\":\"ImageObject\",\"inLanguage\":\"de\",\"@id\":\"https:\\\/\\\/centramec.com\\\/de\\\/#\\\/schema\\\/logo\\\/image\\\/\",\"url\":\"https:\\\/\\\/centramec.com\\\/wp-content\\\/uploads\\\/2024\\\/11\\\/cropped-C_favikon_512px-1.png\",\"contentUrl\":\"https:\\\/\\\/centramec.com\\\/wp-content\\\/uploads\\\/2024\\\/11\\\/cropped-C_favikon_512px-1.png\",\"width\":512,\"height\":512,\"caption\":\"Centramec\"},\"image\":{\"@id\":\"https:\\\/\\\/centramec.com\\\/de\\\/#\\\/schema\\\/logo\\\/image\\\/\"},\"sameAs\":[\"https:\\\/\\\/www.linkedin.com\\\/company\\\/centramec-ab\",\"https:\\\/\\\/www.youtube.com\\\/@centramecAB\"]}]}<\/script>\n<!-- \/ Yoast SEO plugin. -->","yoast_head_json":{"title":"Boe-Therm SERIE TEMP XL | Centramec","robots":{"index":"index","follow":"follow","max-snippet":"max-snippet:-1","max-image-preview":"max-image-preview:large","max-video-preview":"max-video-preview:-1"},"canonical":"https:\/\/centramec.com\/de\/produkter\/temperaturregelung\/boe-therm-serie-temp-xl\/","og_locale":"de_DE","og_type":"article","og_title":"Boe-Therm SERIE TEMP XL | Centramec","og_description":"Temperaturbereich: Bis zu 95 \u00b0C Systemtyp: Hochleistungssystem system  Eigenschaften: St\u00e4rkere Heiz- und K\u00fchlleistung H\u00f6here Durchflussraten f\u00fcr \u00adanspruchsvolle Anwendungen Robustes Industriedesign Erweiterte Steuerung und \u00ad\u00dcberwachung","og_url":"https:\/\/centramec.com\/de\/produkter\/temperaturregelung\/boe-therm-serie-temp-xl\/","og_site_name":"Centramec","article_modified_time":"2026-04-08T13:11:08+00:00","og_image":[{"width":943,"height":956,"url":"https:\/\/centramec.com\/wp-content\/uploads\/2026\/04\/Boe-Therm-Temp-XL-Water_SKU97.jpg","type":"image\/jpeg"}],"twitter_card":"summary_large_image","schema":{"@context":"https:\/\/schema.org","@graph":[{"@type":"WebPage","@id":"https:\/\/centramec.com\/de\/produkter\/temperaturregelung\/boe-therm-serie-temp-xl\/","url":"https:\/\/centramec.com\/de\/produkter\/temperaturregelung\/boe-therm-serie-temp-xl\/","name":"Boe-Therm SERIE TEMP XL | Centramec","isPartOf":{"@id":"https:\/\/centramec.com\/de\/#website"},"primaryImageOfPage":{"@id":"https:\/\/centramec.com\/de\/produkter\/temperaturregelung\/boe-therm-serie-temp-xl\/#primaryimage"},"image":{"@id":"https:\/\/centramec.com\/de\/produkter\/temperaturregelung\/boe-therm-serie-temp-xl\/#primaryimage"},"thumbnailUrl":"https:\/\/centramec.com\/wp-content\/uploads\/2026\/04\/Boe-Therm-Temp-XL-Water_SKU97.jpg","datePublished":"2026-04-08T13:07:32+00:00","dateModified":"2026-04-08T13:11:08+00:00","breadcrumb":{"@id":"https:\/\/centramec.com\/de\/produkter\/temperaturregelung\/boe-therm-serie-temp-xl\/#breadcrumb"},"inLanguage":"de","potentialAction":[{"@type":"ReadAction","target":["https:\/\/centramec.com\/de\/produkter\/temperaturregelung\/boe-therm-serie-temp-xl\/"]}]},{"@type":"ImageObject","inLanguage":"de","@id":"https:\/\/centramec.com\/de\/produkter\/temperaturregelung\/boe-therm-serie-temp-xl\/#primaryimage","url":"https:\/\/centramec.com\/wp-content\/uploads\/2026\/04\/Boe-Therm-Temp-XL-Water_SKU97.jpg","contentUrl":"https:\/\/centramec.com\/wp-content\/uploads\/2026\/04\/Boe-Therm-Temp-XL-Water_SKU97.jpg","width":943,"height":956,"caption":"Boe-Therm SERIE TEMP XL"},{"@type":"BreadcrumbList","@id":"https:\/\/centramec.com\/de\/produkter\/temperaturregelung\/boe-therm-serie-temp-xl\/#breadcrumb","itemListElement":[{"@type":"ListItem","position":1,"name":"Hem","item":"https:\/\/centramec.com\/de\/"},{"@type":"ListItem","position":2,"name":"Produkter","item":"https:\/\/centramec.com\/produkter\/"},{"@type":"ListItem","position":3,"name":"Boe-Therm SERIE TEMP XL"}]},{"@type":"WebSite","@id":"https:\/\/centramec.com\/de\/#website","url":"https:\/\/centramec.com\/de\/","name":"Centramec","description":"Convey Dry and Dose Engineering Since 1978","publisher":{"@id":"https:\/\/centramec.com\/de\/#organization"},"potentialAction":[{"@type":"SearchAction","target":{"@type":"EntryPoint","urlTemplate":"https:\/\/centramec.com\/de\/?s={search_term_string}"},"query-input":{"@type":"PropertyValueSpecification","valueRequired":true,"valueName":"search_term_string"}}],"inLanguage":"de"},{"@type":"Organization","@id":"https:\/\/centramec.com\/de\/#organization","name":"Centramec","url":"https:\/\/centramec.com\/de\/","logo":{"@type":"ImageObject","inLanguage":"de","@id":"https:\/\/centramec.com\/de\/#\/schema\/logo\/image\/","url":"https:\/\/centramec.com\/wp-content\/uploads\/2024\/11\/cropped-C_favikon_512px-1.png","contentUrl":"https:\/\/centramec.com\/wp-content\/uploads\/2024\/11\/cropped-C_favikon_512px-1.png","width":512,"height":512,"caption":"Centramec"},"image":{"@id":"https:\/\/centramec.com\/de\/#\/schema\/logo\/image\/"},"sameAs":["https:\/\/www.linkedin.com\/company\/centramec-ab","https:\/\/www.youtube.com\/@centramecAB"]}]}},"brands":[{"id":354,"name":"Boe-Therm","slug":"boe-therm"}],"_links":{"self":[{"href":"https:\/\/centramec.com\/de\/wp-json\/wp\/v2\/product\/26339","targetHints":{"allow":["GET"]}}],"collection":[{"href":"https:\/\/centramec.com\/de\/wp-json\/wp\/v2\/product"}],"about":[{"href":"https:\/\/centramec.com\/de\/wp-json\/wp\/v2\/types\/product"}],"wp:featuredmedia":[{"embeddable":true,"href":"https:\/\/centramec.com\/de\/wp-json\/wp\/v2\/media\/26338"}],"wp:attachment":[{"href":"https:\/\/centramec.com\/de\/wp-json\/wp\/v2\/media?parent=26339"}],"wp:term":[{"taxonomy":"pwb-brand","embeddable":true,"href":"https:\/\/centramec.com\/de\/wp-json\/wp\/v2\/pwb-brand?post=26339"},{"taxonomy":"product_brand","embeddable":true,"href":"https:\/\/centramec.com\/de\/wp-json\/wp\/v2\/product_brand?post=26339"},{"taxonomy":"product_cat","embeddable":true,"href":"https:\/\/centramec.com\/de\/wp-json\/wp\/v2\/product_cat?post=26339"},{"taxonomy":"product_tag","embeddable":true,"href":"https:\/\/centramec.com\/de\/wp-json\/wp\/v2\/product_tag?post=26339"}],"curies":[{"name":"wp","href":"https:\/\/api.w.org\/{rel}","templated":true}]}}