{"id":22629,"date":"2023-08-08T09:41:11","date_gmt":"2023-08-08T07:41:11","guid":{"rendered":"https:\/\/centramec.com\/privacy-policy\/"},"modified":"2025-04-10T14:01:38","modified_gmt":"2025-04-10T12:01:38","slug":"privacy-policy","status":"publish","type":"page","link":"https:\/\/centramec.com\/en\/privacy-policy\/","title":{"rendered":"Privacy policy"},"content":{"rendered":"<div class=\"wpb-content-wrapper\"><p>[vc_row css=&#8221;.vc_custom_1744132776276{margin-top: 60px !important;}&#8221;][vc_column][vc_column_text css=&#8221;&#8221;]<\/p>\r\n<h1> Privacy policy<\/h1>\r\n<p><strong><em>Last updated: 7 February 2025<\/em><\/strong><\/p>\r\n<p>Privacy is important to us at Centramec AB. We comply with the General Data Protection Regulation (GDPR) and always strive for a high level of data protection. We want you to be able to feel confident that we handle personal data responsibly, regardless of the purpose for which you are in contact with us. In this privacy policy you will find comprehensive information about how we handle personal data and comply with applicable legislation. You will also receive information about what rights you have towards us at Centramec AB. You are always welcome to contact us if you have questions about how we process personal data. Contact information can be found at the bottom of this document.<\/p>\r\n<p>&nbsp;<\/p>\r\n<h2 class=\"wp-block-heading\">What is personal data?<\/h2>\r\n<p>Personal data includes all kinds of information, which directly or indirectly may relate to a living person. Common personal data include, for example, name, address and social security number, but also telephone number, email address and pictures of a person are counted as personal data.<\/p>\r\n<p>&nbsp;<\/p>\r\n<h2>What is the processing of personal data?<\/h2>\r\n<p>The processing of personal data means in principle everything that can be done with the personal data. For example, collecting, recording, taking notes, storing, photographing, reading, sending or printing.<\/p>\r\n<p>The General Data Protection Regulation applies to all processing of personal data that is digital or partly digital. Paper-based processing of personal data is also covered if the personal data is or will be included in a searchable manual register.<\/p>\r\n<p>&nbsp;<\/p>\r\n<h3>Who is responsible for personal data?<\/h3>\r\n<p>For the processing of personal data that takes place within Centramec AB\u2019s activities, Centramec AB is the data controller.<\/p>\r\n<p><strong>Centramec AB<\/strong><\/p>\r\n<p><strong>Corp. Reg. No. 556201-4638<\/strong><\/p>\r\n<p><strong>Address: M\u00e5rdaklevsv\u00e4gen 24, 311 63 \u00c4lvsered, Sweden<\/strong><\/p>\r\n<p>&nbsp;<\/p>\r\n<h2>What categories of personal data do we process?<\/h2>\r\n<p>We process the data provided to us. For example, your name, email address, address and\/or other information that you have provided to us or that is necessary to enable us to fulfil our obligations to you. Data that is necessary to provide good service and well-functioning services in order to improve your experience is also processed. Centramec AB only processes the personal data that is necessary to enable business-related contacts between you and Centramec AB.<\/p>\r\n<p>&nbsp;<\/p>\r\n<h2>Disclosure of personal data to other parties<\/h2>\r\n<p>We share your personal data with other parties who are independent data controllers, such as authorities like the Swedish Tax Agency, when we are required to disclose such information on the basis of law or decision by public authorities. When your personal data is shared with an independent data controller, that organisation\u2019s privacy policy and personal data processing apply.<\/p>\r\n<p>&nbsp;<\/p>\r\n<h2>How long do we store your personal data?<\/h2>\r\n<p>We store your personal data for as long as the provision of our services requires it, that is, as long as it is necessary for the respective purposes. And if further storage is required for the fulfilment of the company\u2019s legal obligations.<\/p>\r\n<p>&nbsp;<\/p>\r\n<h2>What are your rights?<\/h2>\r\n<p>The General Data Protection Regulation (GDPR) gives you several rights to exercise against the data controller, in this case Centramec AB. You have the right, among other things, to request a so-called register extract in order to receive information about what personal data Centramec AB processes about you. You also have the right to have incorrect information about you corrected and in some cases to have information deleted.<\/p>\r\n<p>If you want to read more about your rights, you can do so on the website of the Swedish Authority for Privacy Protection (IMY). <u>https:\/\/www.imy.se\/en\/organisations\/data-protection\/this-applies-accordning-to-gdpr\/the-data-subjects-rights\/<\/u><\/p>\r\n<p>&nbsp;<\/p>\r\n<h2>Changes to the privacy policy<\/h2>\r\n<p>We reserve the right to change our privacy policy. The latest version of the privacy policy is always available here on our website. The date of the last update can be found at the beginning of the privacy policy.<\/p>\r\n<p>&nbsp;<\/p>\r\n<h2>Contact person for questions<\/h2>\r\n<p>If you have questions about our processing of personal data, you are always welcome to contact us. You can find contact information for all our employees under \u201cContact\u201d.<\/p>\r\n<p><em>For questions about the privacy policy, you can contact Tobias Myrberg on +46 (0)325-317 06 or +46 (0)70-932 91 52 and email tobias.myrberg@centramec.com.<\/em><\/p>\r\n<p>&nbsp;<\/p>\r\n<p>[\/vc_column_text][\/vc_column][\/vc_row][vc_row][vc_column][vc_column_text]<\/p>\r\n<p>[\/vc_column_text][\/vc_column][\/vc_row]<\/p><\/div>","protected":false},"excerpt":{"rendered":"<p>[vc_row css=&#8221;.vc_custom_1744132776276{margin-top: 60px !important;}&#8221;][vc_column][vc_column_text css=&#8221;&#8221;] Privacy policy Last updated: 7 February 2025 Privacy is important to us at Centramec AB. We comply with the General Data Protection Regulation (GDPR) and always strive for a high level of data protection. We want you to be able to feel confident that we handle personal data responsibly, regardless&hellip;<\/p>\n","protected":false},"author":1,"featured_media":0,"parent":0,"menu_order":0,"comment_status":"closed","ping_status":"closed","template":"","meta":{"_acf_changed":false,"footnotes":""},"class_list":["post-22629","page","type-page","status-publish","hentry","description-off"],"acf":[],"yoast_head":"<!-- This site is optimized with the Yoast SEO plugin v27.3 - https:\/\/yoast.com\/product\/yoast-seo-wordpress\/ -->\n<title>Privacy policy | Centramec \u2013 complete solutions for material handling<\/title>\n<meta name=\"description\" content=\"Privacy Policy | Centramec | Privacy is important to us, we comply with the General Data Protection Regulation and strive for a high level of data protection\" \/>\n<meta name=\"robots\" content=\"index, follow, max-snippet:-1, max-image-preview:large, max-video-preview:-1\" \/>\n<link rel=\"canonical\" href=\"https:\/\/centramec.com\/en\/privacy-policy\/\" \/>\n<meta property=\"og:locale\" content=\"en_US\" \/>\n<meta property=\"og:type\" content=\"article\" \/>\n<meta property=\"og:title\" content=\"Privacy policy | Centramec \u2013 complete solutions for material handling\" \/>\n<meta property=\"og:description\" content=\"Privacy Policy | Centramec | Privacy is important to us, we comply with the General Data Protection Regulation and strive for a high level of data protection\" \/>\n<meta property=\"og:url\" content=\"https:\/\/centramec.com\/en\/privacy-policy\/\" \/>\n<meta property=\"og:site_name\" content=\"Centramec\" \/>\n<meta property=\"article:modified_time\" content=\"2025-04-10T12:01:38+00:00\" \/>\n<meta property=\"og:image\" content=\"https:\/\/centramec.com\/wp-content\/uploads\/2024\/11\/Centramec_fabrik.jpg\" \/>\n\t<meta property=\"og:image:width\" content=\"1920\" \/>\n\t<meta property=\"og:image:height\" content=\"1155\" \/>\n\t<meta property=\"og:image:type\" content=\"image\/jpeg\" \/>\n<meta name=\"twitter:card\" content=\"summary_large_image\" \/>\n<meta name=\"twitter:label1\" content=\"Est. reading time\" \/>\n\t<meta name=\"twitter:data1\" content=\"4 minutes\" \/>\n<script type=\"application\/ld+json\" class=\"yoast-schema-graph\">{\"@context\":\"https:\\\/\\\/schema.org\",\"@graph\":[{\"@type\":\"WebPage\",\"@id\":\"https:\\\/\\\/centramec.com\\\/en\\\/privacy-policy\\\/\",\"url\":\"https:\\\/\\\/centramec.com\\\/en\\\/privacy-policy\\\/\",\"name\":\"Privacy policy | Centramec \u2013 complete solutions for material handling\",\"isPartOf\":{\"@id\":\"https:\\\/\\\/centramec.com\\\/en\\\/#website\"},\"datePublished\":\"2023-08-08T07:41:11+00:00\",\"dateModified\":\"2025-04-10T12:01:38+00:00\",\"description\":\"Privacy Policy | Centramec | Privacy is important to us, we comply with the General Data Protection Regulation and strive for a high level of data protection\",\"breadcrumb\":{\"@id\":\"https:\\\/\\\/centramec.com\\\/en\\\/privacy-policy\\\/#breadcrumb\"},\"inLanguage\":\"en-US\",\"potentialAction\":[{\"@type\":\"ReadAction\",\"target\":[\"https:\\\/\\\/centramec.com\\\/en\\\/privacy-policy\\\/\"]}]},{\"@type\":\"BreadcrumbList\",\"@id\":\"https:\\\/\\\/centramec.com\\\/en\\\/privacy-policy\\\/#breadcrumb\",\"itemListElement\":[{\"@type\":\"ListItem\",\"position\":1,\"name\":\"Hem\",\"item\":\"https:\\\/\\\/centramec.com\\\/en\\\/\"},{\"@type\":\"ListItem\",\"position\":2,\"name\":\"Privacy policy\"}]},{\"@type\":\"WebSite\",\"@id\":\"https:\\\/\\\/centramec.com\\\/en\\\/#website\",\"url\":\"https:\\\/\\\/centramec.com\\\/en\\\/\",\"name\":\"Centramec\",\"description\":\"Convey Dry and Dose Engineering Since 1978\",\"publisher\":{\"@id\":\"https:\\\/\\\/centramec.com\\\/en\\\/#organization\"},\"potentialAction\":[{\"@type\":\"SearchAction\",\"target\":{\"@type\":\"EntryPoint\",\"urlTemplate\":\"https:\\\/\\\/centramec.com\\\/en\\\/?s={search_term_string}\"},\"query-input\":{\"@type\":\"PropertyValueSpecification\",\"valueRequired\":true,\"valueName\":\"search_term_string\"}}],\"inLanguage\":\"en-US\"},{\"@type\":\"Organization\",\"@id\":\"https:\\\/\\\/centramec.com\\\/en\\\/#organization\",\"name\":\"Centramec\",\"url\":\"https:\\\/\\\/centramec.com\\\/en\\\/\",\"logo\":{\"@type\":\"ImageObject\",\"inLanguage\":\"en-US\",\"@id\":\"https:\\\/\\\/centramec.com\\\/en\\\/#\\\/schema\\\/logo\\\/image\\\/\",\"url\":\"https:\\\/\\\/centramec.com\\\/wp-content\\\/uploads\\\/2024\\\/11\\\/cropped-C_favikon_512px-1.png\",\"contentUrl\":\"https:\\\/\\\/centramec.com\\\/wp-content\\\/uploads\\\/2024\\\/11\\\/cropped-C_favikon_512px-1.png\",\"width\":512,\"height\":512,\"caption\":\"Centramec\"},\"image\":{\"@id\":\"https:\\\/\\\/centramec.com\\\/en\\\/#\\\/schema\\\/logo\\\/image\\\/\"},\"sameAs\":[\"https:\\\/\\\/www.linkedin.com\\\/company\\\/centramec-ab\",\"https:\\\/\\\/www.youtube.com\\\/@centramecAB\"]}]}<\/script>\n<!-- \/ Yoast SEO plugin. -->","yoast_head_json":{"title":"Privacy policy | Centramec \u2013 complete solutions for material handling","description":"Privacy Policy | Centramec | Privacy is important to us, we comply with the General Data Protection Regulation and strive for a high level of data protection","robots":{"index":"index","follow":"follow","max-snippet":"max-snippet:-1","max-image-preview":"max-image-preview:large","max-video-preview":"max-video-preview:-1"},"canonical":"https:\/\/centramec.com\/en\/privacy-policy\/","og_locale":"en_US","og_type":"article","og_title":"Privacy policy | Centramec \u2013 complete solutions for material handling","og_description":"Privacy Policy | Centramec | Privacy is important to us, we comply with the General Data Protection Regulation and strive for a high level of data protection","og_url":"https:\/\/centramec.com\/en\/privacy-policy\/","og_site_name":"Centramec","article_modified_time":"2025-04-10T12:01:38+00:00","og_image":[{"width":1920,"height":1155,"url":"https:\/\/centramec.com\/wp-content\/uploads\/2024\/11\/Centramec_fabrik.jpg","type":"image\/jpeg"}],"twitter_card":"summary_large_image","twitter_misc":{"Est. reading time":"4 minutes"},"schema":{"@context":"https:\/\/schema.org","@graph":[{"@type":"WebPage","@id":"https:\/\/centramec.com\/en\/privacy-policy\/","url":"https:\/\/centramec.com\/en\/privacy-policy\/","name":"Privacy policy | Centramec \u2013 complete solutions for material handling","isPartOf":{"@id":"https:\/\/centramec.com\/en\/#website"},"datePublished":"2023-08-08T07:41:11+00:00","dateModified":"2025-04-10T12:01:38+00:00","description":"Privacy Policy | Centramec | Privacy is important to us, we comply with the General Data Protection Regulation and strive for a high level of data protection","breadcrumb":{"@id":"https:\/\/centramec.com\/en\/privacy-policy\/#breadcrumb"},"inLanguage":"en-US","potentialAction":[{"@type":"ReadAction","target":["https:\/\/centramec.com\/en\/privacy-policy\/"]}]},{"@type":"BreadcrumbList","@id":"https:\/\/centramec.com\/en\/privacy-policy\/#breadcrumb","itemListElement":[{"@type":"ListItem","position":1,"name":"Hem","item":"https:\/\/centramec.com\/en\/"},{"@type":"ListItem","position":2,"name":"Privacy policy"}]},{"@type":"WebSite","@id":"https:\/\/centramec.com\/en\/#website","url":"https:\/\/centramec.com\/en\/","name":"Centramec","description":"Convey Dry and Dose Engineering Since 1978","publisher":{"@id":"https:\/\/centramec.com\/en\/#organization"},"potentialAction":[{"@type":"SearchAction","target":{"@type":"EntryPoint","urlTemplate":"https:\/\/centramec.com\/en\/?s={search_term_string}"},"query-input":{"@type":"PropertyValueSpecification","valueRequired":true,"valueName":"search_term_string"}}],"inLanguage":"en-US"},{"@type":"Organization","@id":"https:\/\/centramec.com\/en\/#organization","name":"Centramec","url":"https:\/\/centramec.com\/en\/","logo":{"@type":"ImageObject","inLanguage":"en-US","@id":"https:\/\/centramec.com\/en\/#\/schema\/logo\/image\/","url":"https:\/\/centramec.com\/wp-content\/uploads\/2024\/11\/cropped-C_favikon_512px-1.png","contentUrl":"https:\/\/centramec.com\/wp-content\/uploads\/2024\/11\/cropped-C_favikon_512px-1.png","width":512,"height":512,"caption":"Centramec"},"image":{"@id":"https:\/\/centramec.com\/en\/#\/schema\/logo\/image\/"},"sameAs":["https:\/\/www.linkedin.com\/company\/centramec-ab","https:\/\/www.youtube.com\/@centramecAB"]}]}},"_links":{"self":[{"href":"https:\/\/centramec.com\/en\/wp-json\/wp\/v2\/pages\/22629","targetHints":{"allow":["GET"]}}],"collection":[{"href":"https:\/\/centramec.com\/en\/wp-json\/wp\/v2\/pages"}],"about":[{"href":"https:\/\/centramec.com\/en\/wp-json\/wp\/v2\/types\/page"}],"author":[{"embeddable":true,"href":"https:\/\/centramec.com\/en\/wp-json\/wp\/v2\/users\/1"}],"replies":[{"embeddable":true,"href":"https:\/\/centramec.com\/en\/wp-json\/wp\/v2\/comments?post=22629"}],"version-history":[{"count":5,"href":"https:\/\/centramec.com\/en\/wp-json\/wp\/v2\/pages\/22629\/revisions"}],"predecessor-version":[{"id":22638,"href":"https:\/\/centramec.com\/en\/wp-json\/wp\/v2\/pages\/22629\/revisions\/22638"}],"wp:attachment":[{"href":"https:\/\/centramec.com\/en\/wp-json\/wp\/v2\/media?parent=22629"}],"curies":[{"name":"wp","href":"https:\/\/api.w.org\/{rel}","templated":true}]}}